{"id":773,"date":"2011-05-11T23:10:38","date_gmt":"2011-05-12T02:10:38","guid":{"rendered":"https:\/\/www.edialog.com.br\/?page_id=773"},"modified":"2017-07-17T11:44:09","modified_gmt":"2017-07-17T14:44:09","slug":"social-media-training","status":"publish","type":"page","link":"https:\/\/www.edialog.com.br\/es\/social-media-training\/","title":{"rendered":"Treinamento em M\u00eddias Sociais e Marketing Digital"},"content":{"rendered":"<div style=\"text-align: left;\"><strong>Treinamento de colaboradores e de empresas em M\u00eddias Sociais e Web 2.0 &#8211; Social Media Training<\/strong><\/div>\n<p>Desenvolvemos um <a href=\"https:\/\/www.edialog.com.br\/es\/curso-de-midias-sociais\/\">treinamento em m\u00eddias sociais online<\/a> ideal para quem quer utilizar as redes sociais para empresas. A exposi\u00e7\u00e3o direta exige cuidado redobrado para evitar problemas que prejudiquem a imagem de sua empresa. A E-Dialog acredita que a imagem institucional est\u00e1 refletida em todos os colaboradores e por isso, mais do que um treinamento para os diretamente respons\u00e1veis pela comunica\u00e7\u00e3o de sua empresa, o\u00a0<a href=\"https:\/\/www.edialog.com.br\/es\/curso-de-midias-sociais\/\" target=\"_blank\" rel=\"noopener\">Social\u00a0Media\u00a0Training<\/a> entra como uma forma de educa\u00e7\u00e3o para as redes sociais.<\/p>\n<p style=\"text-align: left;\">&#8211;\u00a0O treinamento \u00e9 ministrado pelo diretor da E-Dialog e especialista em marketing digital, Renan Caixeiro, que conta com 9 anos de experi\u00eancia em marketing de redes sociais.<br \/>\n&#8211; Mais de 300 alunos j\u00e1 fizeram o curso em formato presencial, que agora est\u00e1 dispon\u00edvel online,<br \/>\n&#8211; H\u00e1 suporte constante para os alunos e o acesso ao conte\u00fado \u00e9 vital\u00edcio.<\/p>\n<p><a href=\"https:\/\/www.edialog.com.br\/es\/curso-de-midias-sociais\/\">Clique para saber mais<\/a><\/p>\n<p>Os m\u00f3dulos de treinamento contemplam temas como os demonstrados abaixo, de acordo com a necessidade e a realidade da sua empresa:<\/p>\n<p><strong>M\u00f3dulos do curso<\/strong><br \/>\n<strong>1. Lo esencial para empezar en cualquier red social<\/strong><br \/>\n1.1 Nueve a\u00f1os de experiencia en marketing digital y lo que he aprendido de ellos<br \/>\n1.2 C\u00f3mo pensar estrat\u00e9gicamente sobre cualquier red social<\/p>\n<p><strong>2. Contenido de las redes sociales<\/strong><br \/>\n2.1 Fundamentos para crear contenidos en Facebook y diversas redes sociales<br \/>\n2.2 Filtros invisibles o c\u00f3mo utilizar los algoritmos en su beneficio<br \/>\n2.3 C\u00f3mo planificar las redes sociales - lecci\u00f3n + plantilla<\/p>\n<p><strong>3. C\u00f3mo hacer publicidad en las redes sociales<\/strong><br \/>\n&#8211; Escolher os melhores tipos de an\u00fancio.<br \/>\n&#8211; Geolocaliza\u00e7\u00e3o de forma estrat\u00e9gica<br \/>\n&#8211; Demografia, Interesses e Comportamento<br \/>\n&#8211; Or\u00e7amento<br \/>\n&#8211; Cria\u00e7\u00e3o de pe\u00e7as<br \/>\n&#8211; An\u00fancios de Convers\u00e3o<br \/>\n&#8211; P\u00fablico Personalizado (Remarketing)<br \/>\n&#8211; P\u00fablico Semelhante<br \/>\n&#8211; Painel de An\u00e1lise de resultados<br \/>\n&#8211; Instagram Ads &#8211; passo-a-passo para criar<br \/>\n&#8211; LinkedIn Ads &#8211; passo-a-passo para criar<br \/>\n&#8211; Twitter Ads &#8211; passo-a-passo para criar<\/p>\n<p><strong>4. M\u00e9tricas, m\u00e1s herramientas y medici\u00f3n<\/strong><br \/>\n4.1 M\u00e9tricas sociales<br \/>\n4.2 M\u00e9tricas de negocio<\/p>\n<p>O curso vai abordar aspectos como:<\/p>\n<p><strong>I &#8211; Introdu\u00e7\u00e3o \u00e0 Comunica\u00e7\u00e3o Digital<\/strong> \u2013 saiba como as empresas trabalham a comunica\u00e7\u00e3o digital, seus principais erros nas redes sociais e a linguagem adequada a cada m\u00eddia.<\/p>\n<p><strong>II \u2013 As redes sociais<\/strong> \u2013 conhe\u00e7a as ferramentas dispon\u00edveis, estrat\u00e9gias para conquistar seguidores, amigos, f\u00e3s e fazer da sua rede social um verdadeiro canal de relacionamento. Aprenda a trabalhar o Instagram\/Twitter\/LinkedIn como uma rede de ativa\u00e7\u00e3o, o Facebook como relacionamento e fideliza\u00e7\u00e3o dos usu\u00e1rios e atra\u00ed-los atrav\u00e9s de temas de interesse. Al\u00e9m disso, saiba como alinhar as estrat\u00e9gias de todas as redes para conquistar melhores resultados.<\/p>\n<p><strong>III \u2013 Mensura\u00e7\u00e3o de resultados<\/strong> \u2013 entenda a import\u00e2ncia do monitoramento e di\u00e1logo constante nas redes sociais e ferramentas que podem auxiliar sua empresa a mensurar resultados em redes sociais.<\/p>\n<div><a href=\"https:\/\/www.edialog.com.br\/es\/curso-de-midias-sociais\/\"><img fetchpriority=\"high\" decoding=\"async\" class=\"aligncenter size-full wp-image-26127\" src=\"https:\/\/www.edialog.com.br\/wp-content\/uploads\/2017\/03\/curso300.png\" alt=\"\" width=\"300\" height=\"250\" \/><\/a><\/div>","protected":false},"excerpt":{"rendered":"<p>A E-Dialog produz conte\u00fado especializado para sites, blogs, Twitter, Facebook, Orkut, YouTube, entre outras redes sociais. Veja tamb\u00e9m nossas op\u00e7\u00f5es de capacita\u00e7\u00e3o individual.<\/p>","protected":false},"author":1,"featured_media":802,"parent":0,"menu_order":3,"comment_status":"open","ping_status":"closed","template":"","meta":{"_acf_changed":false,"content-type":"","footnotes":""},"class_list":["post-773","page","type-page","status-publish","has-post-thumbnail","hentry"],"acf":[],"yoast_head":"<!-- This site is optimized with the Yoast SEO Premium plugin v27.5 (Yoast SEO v27.5) - https:\/\/yoast.com\/product\/yoast-seo-premium-wordpress\/ -->\n<title>Treinamento em M\u00eddias Sociais | E-Dialog<\/title>\n<meta name=\"description\" content=\"Treinamento de equipes e pessoas para m\u00eddias sociais, marketing digital e blogs. Veja tamb\u00e9m op\u00e7\u00f5es de capacita\u00e7\u00e3o individual!\" \/>\n<meta name=\"robots\" content=\"index, follow, max-snippet:-1, max-image-preview:large, max-video-preview:-1\" \/>\n<link rel=\"canonical\" href=\"https:\/\/www.edialog.com.br\/es\/social-media-training\/\" \/>\n<meta property=\"og:locale\" content=\"es_ES\" \/>\n<meta property=\"og:type\" content=\"article\" \/>\n<meta property=\"og:title\" content=\"Treinamento em M\u00eddias Sociais e Marketing Digital\" \/>\n<meta property=\"og:description\" content=\"Treinamento de equipes e pessoas para m\u00eddias sociais, marketing digital e blogs. Veja tamb\u00e9m op\u00e7\u00f5es de capacita\u00e7\u00e3o individual!\" \/>\n<meta property=\"og:url\" content=\"https:\/\/www.edialog.com.br\/es\/social-media-training\/\" \/>\n<meta property=\"og:site_name\" content=\"Ag\u00eancia de Inbound Marketing | E-Dialog\" \/>\n<meta property=\"article:publisher\" content=\"https:\/\/facebook.com\/edialogcomunicacao\" \/>\n<meta property=\"article:modified_time\" content=\"2017-07-17T14:44:09+00:00\" \/>\n<meta property=\"og:image\" content=\"https:\/\/www.edialog.com.br\/wp-content\/uploads\/2011\/05\/Treinamento.jpg\" \/>\n\t<meta property=\"og:image:width\" content=\"599\" \/>\n\t<meta property=\"og:image:height\" content=\"400\" \/>\n\t<meta property=\"og:image:type\" content=\"image\/jpeg\" \/>\n<meta name=\"twitter:label1\" content=\"Tiempo de lectura\" \/>\n\t<meta name=\"twitter:data1\" content=\"2 minutos\" \/>\n<script type=\"application\/ld+json\" class=\"yoast-schema-graph\">{\"@context\":\"https:\\\/\\\/schema.org\",\"@graph\":[{\"@type\":\"WebPage\",\"@id\":\"https:\\\/\\\/www.edialog.com.br\\\/social-media-training\\\/\",\"url\":\"https:\\\/\\\/www.edialog.com.br\\\/social-media-training\\\/\",\"name\":\"Treinamento em M\u00eddias Sociais | E-Dialog\",\"isPartOf\":{\"@id\":\"https:\\\/\\\/www.edialog.com.br\\\/#website\"},\"primaryImageOfPage\":{\"@id\":\"https:\\\/\\\/www.edialog.com.br\\\/social-media-training\\\/#primaryimage\"},\"image\":{\"@id\":\"https:\\\/\\\/www.edialog.com.br\\\/social-media-training\\\/#primaryimage\"},\"thumbnailUrl\":\"https:\\\/\\\/www.edialog.com.br\\\/wp-content\\\/uploads\\\/2011\\\/05\\\/Treinamento.jpg\",\"datePublished\":\"2011-05-12T02:10:38+00:00\",\"dateModified\":\"2017-07-17T14:44:09+00:00\",\"description\":\"Treinamento de equipes e pessoas para m\u00eddias sociais, marketing digital e blogs. Veja tamb\u00e9m op\u00e7\u00f5es de capacita\u00e7\u00e3o individual!\",\"breadcrumb\":{\"@id\":\"https:\\\/\\\/www.edialog.com.br\\\/social-media-training\\\/#breadcrumb\"},\"inLanguage\":\"es\",\"potentialAction\":[{\"@type\":\"ReadAction\",\"target\":[\"https:\\\/\\\/www.edialog.com.br\\\/social-media-training\\\/\"]}]},{\"@type\":\"ImageObject\",\"inLanguage\":\"es\",\"@id\":\"https:\\\/\\\/www.edialog.com.br\\\/social-media-training\\\/#primaryimage\",\"url\":\"https:\\\/\\\/www.edialog.com.br\\\/wp-content\\\/uploads\\\/2011\\\/05\\\/Treinamento.jpg\",\"contentUrl\":\"https:\\\/\\\/www.edialog.com.br\\\/wp-content\\\/uploads\\\/2011\\\/05\\\/Treinamento.jpg\",\"width\":\"599\",\"height\":\"400\"},{\"@type\":\"BreadcrumbList\",\"@id\":\"https:\\\/\\\/www.edialog.com.br\\\/social-media-training\\\/#breadcrumb\",\"itemListElement\":[{\"@type\":\"ListItem\",\"position\":1,\"name\":\"Home\",\"item\":\"https:\\\/\\\/www.edialog.com.br\\\/\"},{\"@type\":\"ListItem\",\"position\":2,\"name\":\"Treinamento em M\u00eddias Sociais e Marketing Digital\"}]},{\"@type\":\"WebSite\",\"@id\":\"https:\\\/\\\/www.edialog.com.br\\\/#website\",\"url\":\"https:\\\/\\\/www.edialog.com.br\\\/\",\"name\":\"Ag\u00eancia de Inbound Marketing | E-Dialog\",\"description\":\"Ag\u00eancia de Inbound Marketing premiada com solu\u00e7\u00f5es completas para o seu neg\u00f3cio. Atraia leads, com conte\u00fados \u00fanicos e envolventes. Solicite or\u00e7amento!\",\"publisher\":{\"@id\":\"https:\\\/\\\/www.edialog.com.br\\\/#organization\"},\"potentialAction\":[{\"@type\":\"SearchAction\",\"target\":{\"@type\":\"EntryPoint\",\"urlTemplate\":\"https:\\\/\\\/www.edialog.com.br\\\/?s={search_term_string}\"},\"query-input\":{\"@type\":\"PropertyValueSpecification\",\"valueRequired\":true,\"valueName\":\"search_term_string\"}}],\"inLanguage\":\"es\"},{\"@type\":\"Organization\",\"@id\":\"https:\\\/\\\/www.edialog.com.br\\\/#organization\",\"name\":\"Ag\u00eancia de M\u00eddias Sociais e Marketing Digital | E-Dialog\",\"url\":\"https:\\\/\\\/www.edialog.com.br\\\/\",\"logo\":{\"@type\":\"ImageObject\",\"inLanguage\":\"es\",\"@id\":\"https:\\\/\\\/www.edialog.com.br\\\/#\\\/schema\\\/logo\\\/image\\\/\",\"url\":\"https:\\\/\\\/www.edialog.com.br\\\/wp-content\\\/uploads\\\/2021\\\/09\\\/edialog-logo-case.png\",\"contentUrl\":\"https:\\\/\\\/www.edialog.com.br\\\/wp-content\\\/uploads\\\/2021\\\/09\\\/edialog-logo-case.png\",\"width\":810,\"height\":450,\"caption\":\"Ag\u00eancia de M\u00eddias Sociais e Marketing Digital | E-Dialog\"},\"image\":{\"@id\":\"https:\\\/\\\/www.edialog.com.br\\\/#\\\/schema\\\/logo\\\/image\\\/\"},\"sameAs\":[\"https:\\\/\\\/facebook.com\\\/edialogcomunicacao\",\"https:\\\/\\\/x.com\\\/edialog_br\",\"https:\\\/\\\/www.instagram.com\\\/edialog_br\",\"https:\\\/\\\/www.linkedin.com\\\/company\\\/e-dialog-comunica-o-digital\",\"https:\\\/\\\/www.youtube.com\\\/channel\\\/UCPiVQ_yVlcCqWS2sRzJZj7g\"]}]}<\/script>\n<!-- \/ Yoast SEO Premium plugin. -->","yoast_head_json":{"title":"Treinamento em M\u00eddias Sociais | E-Dialog","description":"Treinamento de equipes e pessoas para m\u00eddias sociais, marketing digital e blogs. Veja tamb\u00e9m op\u00e7\u00f5es de capacita\u00e7\u00e3o individual!","robots":{"index":"index","follow":"follow","max-snippet":"max-snippet:-1","max-image-preview":"max-image-preview:large","max-video-preview":"max-video-preview:-1"},"canonical":"https:\/\/www.edialog.com.br\/es\/social-media-training\/","og_locale":"es_ES","og_type":"article","og_title":"Treinamento em M\u00eddias Sociais e Marketing Digital","og_description":"Treinamento de equipes e pessoas para m\u00eddias sociais, marketing digital e blogs. Veja tamb\u00e9m op\u00e7\u00f5es de capacita\u00e7\u00e3o individual!","og_url":"https:\/\/www.edialog.com.br\/es\/social-media-training\/","og_site_name":"Ag\u00eancia de Inbound Marketing | E-Dialog","article_publisher":"https:\/\/facebook.com\/edialogcomunicacao","article_modified_time":"2017-07-17T14:44:09+00:00","og_image":[{"width":599,"height":400,"url":"https:\/\/www.edialog.com.br\/wp-content\/uploads\/2011\/05\/Treinamento.jpg","type":"image\/jpeg"}],"twitter_misc":{"Tiempo de lectura":"2 minutos"},"schema":{"@context":"https:\/\/schema.org","@graph":[{"@type":"WebPage","@id":"https:\/\/www.edialog.com.br\/social-media-training\/","url":"https:\/\/www.edialog.com.br\/social-media-training\/","name":"Treinamento em M\u00eddias Sociais | E-Dialog","isPartOf":{"@id":"https:\/\/www.edialog.com.br\/#website"},"primaryImageOfPage":{"@id":"https:\/\/www.edialog.com.br\/social-media-training\/#primaryimage"},"image":{"@id":"https:\/\/www.edialog.com.br\/social-media-training\/#primaryimage"},"thumbnailUrl":"https:\/\/www.edialog.com.br\/wp-content\/uploads\/2011\/05\/Treinamento.jpg","datePublished":"2011-05-12T02:10:38+00:00","dateModified":"2017-07-17T14:44:09+00:00","description":"Treinamento de equipes e pessoas para m\u00eddias sociais, marketing digital e blogs. Veja tamb\u00e9m op\u00e7\u00f5es de capacita\u00e7\u00e3o individual!","breadcrumb":{"@id":"https:\/\/www.edialog.com.br\/social-media-training\/#breadcrumb"},"inLanguage":"es","potentialAction":[{"@type":"ReadAction","target":["https:\/\/www.edialog.com.br\/social-media-training\/"]}]},{"@type":"ImageObject","inLanguage":"es","@id":"https:\/\/www.edialog.com.br\/social-media-training\/#primaryimage","url":"https:\/\/www.edialog.com.br\/wp-content\/uploads\/2011\/05\/Treinamento.jpg","contentUrl":"https:\/\/www.edialog.com.br\/wp-content\/uploads\/2011\/05\/Treinamento.jpg","width":"599","height":"400"},{"@type":"BreadcrumbList","@id":"https:\/\/www.edialog.com.br\/social-media-training\/#breadcrumb","itemListElement":[{"@type":"ListItem","position":1,"name":"Home","item":"https:\/\/www.edialog.com.br\/"},{"@type":"ListItem","position":2,"name":"Treinamento em M\u00eddias Sociais e Marketing Digital"}]},{"@type":"WebSite","@id":"https:\/\/www.edialog.com.br\/#website","url":"https:\/\/www.edialog.com.br\/","name":"Agencia de marketing entrante | E-Dialog","description":"Ag\u00eancia de Inbound Marketing premiada com solu\u00e7\u00f5es completas para o seu neg\u00f3cio. Atraia leads, com conte\u00fados \u00fanicos e envolventes. Solicite or\u00e7amento!","publisher":{"@id":"https:\/\/www.edialog.com.br\/#organization"},"potentialAction":[{"@type":"SearchAction","target":{"@type":"EntryPoint","urlTemplate":"https:\/\/www.edialog.com.br\/?s={search_term_string}"},"query-input":{"@type":"PropertyValueSpecification","valueRequired":true,"valueName":"search_term_string"}}],"inLanguage":"es"},{"@type":"Organization","@id":"https:\/\/www.edialog.com.br\/#organization","name":"Ag\u00eancia de M\u00eddias Sociais e Marketing Digital | E-Dialog","url":"https:\/\/www.edialog.com.br\/","logo":{"@type":"ImageObject","inLanguage":"es","@id":"https:\/\/www.edialog.com.br\/#\/schema\/logo\/image\/","url":"https:\/\/www.edialog.com.br\/wp-content\/uploads\/2021\/09\/edialog-logo-case.png","contentUrl":"https:\/\/www.edialog.com.br\/wp-content\/uploads\/2021\/09\/edialog-logo-case.png","width":810,"height":450,"caption":"Ag\u00eancia de M\u00eddias Sociais e Marketing Digital | E-Dialog"},"image":{"@id":"https:\/\/www.edialog.com.br\/#\/schema\/logo\/image\/"},"sameAs":["https:\/\/facebook.com\/edialogcomunicacao","https:\/\/x.com\/edialog_br","https:\/\/www.instagram.com\/edialog_br","https:\/\/www.linkedin.com\/company\/e-dialog-comunica-o-digital","https:\/\/www.youtube.com\/channel\/UCPiVQ_yVlcCqWS2sRzJZj7g"]}]}},"_links":{"self":[{"href":"https:\/\/www.edialog.com.br\/es\/wp-json\/wp\/v2\/pages\/773","targetHints":{"allow":["GET"]}}],"collection":[{"href":"https:\/\/www.edialog.com.br\/es\/wp-json\/wp\/v2\/pages"}],"about":[{"href":"https:\/\/www.edialog.com.br\/es\/wp-json\/wp\/v2\/types\/page"}],"author":[{"embeddable":true,"href":"https:\/\/www.edialog.com.br\/es\/wp-json\/wp\/v2\/users\/1"}],"replies":[{"embeddable":true,"href":"https:\/\/www.edialog.com.br\/es\/wp-json\/wp\/v2\/comments?post=773"}],"version-history":[{"count":0,"href":"https:\/\/www.edialog.com.br\/es\/wp-json\/wp\/v2\/pages\/773\/revisions"}],"wp:featuredmedia":[{"embeddable":true,"href":"https:\/\/www.edialog.com.br\/es\/wp-json\/wp\/v2\/media\/802"}],"wp:attachment":[{"href":"https:\/\/www.edialog.com.br\/es\/wp-json\/wp\/v2\/media?parent=773"}],"curies":[{"name":"wp","href":"https:\/\/api.w.org\/{rel}","templated":true}]}}