{"id":6103,"date":"2015-04-13T08:02:36","date_gmt":"2015-04-13T11:02:36","guid":{"rendered":"https:\/\/www.edialog.com.br\/?page_id=6103"},"modified":"2025-01-28T13:09:52","modified_gmt":"2025-01-28T16:09:52","slug":"contato-enviado-com-sucesso","status":"publish","type":"page","link":"https:\/\/www.edialog.com.br\/es\/contato-enviado-com-sucesso\/","title":{"rendered":"Contato enviado com sucesso"},"content":{"rendered":"\t\t<div data-elementor-type=\"wp-page\" data-elementor-id=\"6103\" class=\"elementor elementor-6103\" data-elementor-post-type=\"page\">\n\t\t\t\t<div class=\"elementor-element elementor-element-9c65a90 e-flex e-con-boxed e-con e-parent\" data-id=\"9c65a90\" data-element_type=\"container\" data-settings=\"{&quot;_ha_eqh_enable&quot;:false}\">\n\t\t\t\t\t<div class=\"e-con-inner\">\n\t\t\t\t<div class=\"elementor-element elementor-element-1f8d4d4 elementor-widget elementor-widget-heading\" data-id=\"1f8d4d4\" data-element_type=\"widget\" data-widget_type=\"heading.default\">\n\t\t\t\t<div class=\"elementor-widget-container\">\n\t\t\t\t\t<h1 class=\"elementor-heading-title elementor-size-default\">Sucesso<\/h1>\t\t\t\t<\/div>\n\t\t\t\t<\/div>\n\t\t\t\t<div class=\"elementor-element elementor-element-f4b2ece ha-has-bg-overlay elementor-widget elementor-widget-text-editor\" data-id=\"f4b2ece\" data-element_type=\"widget\" data-widget_type=\"text-editor.default\">\n\t\t\t\t<div class=\"elementor-widget-container\">\n\t\t\t\t\t\t\t\t\t<p>Contato enviado com sucesso.<\/p>\t\t\t\t\t\t\t\t<\/div>\n\t\t\t\t<\/div>\n\t\t\t\t<div class=\"elementor-element elementor-element-329cabb elementor-hidden-tablet elementor-hidden-phone elementor-widget elementor-widget-spacer\" data-id=\"329cabb\" data-element_type=\"widget\" data-widget_type=\"spacer.default\">\n\t\t\t\t<div class=\"elementor-widget-container\">\n\t\t\t\t\t\t\t<div class=\"elementor-spacer\">\n\t\t\t<div class=\"elementor-spacer-inner\"><\/div>\n\t\t<\/div>\n\t\t\t\t\t\t<\/div>\n\t\t\t\t<\/div>\n\t\t\t\t<div class=\"elementor-element elementor-element-e6a3164 elementor-widget elementor-widget-html\" data-id=\"e6a3164\" data-element_type=\"widget\" data-widget_type=\"html.default\">\n\t\t\t\t<div class=\"elementor-widget-container\">\n\t\t\t\t\t<!-- Facebook Conversion Code for E-Dialog - Contato com Sucesso -->\n<script>\/\/ <![CDATA[ (function() { var _fbq = window._fbq || (window._fbq = []); if (!_fbq.loaded) { var fbds = document.createElement('script'); fbds.async = true; fbds.src = '\/\/connect.facebook.net\/en_US\/fbds.js'; var s = document.getElementsByTagName('script')[0]; s.parentNode.insertBefore(fbds, s); _fbq.loaded = true; } })(); window._fbq = window._fbq || []; window._fbq.push(['track', '6021954609378', {'value':'0.00','currency':'BRL'}]); \/\/ ]]><\/script>\n<noscript>&lt;img height=\"1\" width=\"1\" alt=\"\" style=\"display:none\" src=\"https:\/\/www.facebook.com\/tr?ev=6021954609378&amp;amp;cd[value]=0.00&amp;amp;cd[currency]=BRL&amp;amp;noscript=1\" \/&gt;<\/noscript>\n\n<!-- Google Code for Entrou em contato Conversion Page -->\n<script type=\"text\/javascript\">\n\/* <![CDATA[ *\/ var google_conversion_id = 943089015; var google_conversion_language = \"en\"; var google_conversion_format = \"3\"; var google_conversion_color = \"ffffff\"; var google_conversion_label = \"lYUZCILVtGcQ98rZwQM\"; var google_remarketing_only = false; \/* ]]> *\/\n<\/script>\n<script type=\"text\/javascript\" src=\"\/\/www.googleadservices.com\/pagead\/conversion.js\">\n<\/script>\n<noscript>\n&lt;div style=\"display:inline;\"&gt;\n&lt;img height=\"1\" width=\"1\" style=\"border-style:none;\" alt=\"\" src=\"\/\/www.googleadservices.com\/pagead\/conversion\/943089015\/?label=lYUZCILVtGcQ98rZwQM&amp;amp;guid=ON&amp;amp;script=0\"\/&gt;&lt;\/div&gt;\n<\/noscript>\n\t\t\t\t<\/div>\n\t\t\t\t<\/div>\n\t\t\t\t\t<\/div>\n\t\t\t\t<\/div>\n\t\t\t\t<\/div>\n\t\t","protected":false},"excerpt":{"rendered":"<p>Sucesso Contato enviado com sucesso. &lt;img height=&#8221;1&#8243; width=&#8221;1&#8243; alt=&#8221;&#8221; style=&#8221;display:none&#8221; src=&#8221;https:\/\/www.facebook.com\/tr?ev=6021954609378&amp;amp;cd[value]=0.00&amp;amp;cd[currency]=BRL&amp;amp;noscript=1&#8243; \/&gt; &lt;div style=&#8221;display:inline;&#8221;&gt; &lt;img height=&#8221;1&#8243; width=&#8221;1&#8243; style=&#8221;border-style:none;&#8221; alt=&#8221;&#8221; src=&#8221;\/\/www.googleadservices.com\/pagead\/conversion\/943089015\/?label=lYUZCILVtGcQ98rZwQM&amp;amp;guid=ON&amp;amp;script=0&#8243;\/&gt;&lt;\/div&gt;<\/p>\n","protected":false},"author":1,"featured_media":0,"parent":0,"menu_order":0,"comment_status":"closed","ping_status":"open","template":"","meta":{"_acf_changed":false,"content-type":"","footnotes":""},"class_list":["post-6103","page","type-page","status-publish","hentry"],"acf":[],"yoast_head":"<!-- This site is optimized with the Yoast SEO Premium plugin v27.5 (Yoast SEO v27.5) - https:\/\/yoast.com\/product\/yoast-seo-premium-wordpress\/ -->\n<title>Contato enviado com sucesso | E-Dialog<\/title>\n<meta name=\"description\" content=\"Seu contato foi enviado com sucesso! Em breve um dos representantes especializados da E-Dialog ir\u00e3o entrar em contato com voc\u00ea!\" \/>\n<meta name=\"robots\" content=\"index, follow, max-snippet:-1, max-image-preview:large, max-video-preview:-1\" \/>\n<link rel=\"canonical\" href=\"https:\/\/www.edialog.com.br\/es\/contato-enviado-com-sucesso\/\" \/>\n<meta property=\"og:locale\" content=\"es_ES\" \/>\n<meta property=\"og:type\" content=\"article\" \/>\n<meta property=\"og:title\" content=\"Contato enviado com sucesso\" \/>\n<meta property=\"og:description\" content=\"Seu contato foi enviado com sucesso! Em breve um dos representantes especializados da E-Dialog ir\u00e3o entrar em contato com voc\u00ea!\" \/>\n<meta property=\"og:url\" content=\"https:\/\/www.edialog.com.br\/es\/contato-enviado-com-sucesso\/\" \/>\n<meta property=\"og:site_name\" content=\"Ag\u00eancia de Inbound Marketing | E-Dialog\" \/>\n<meta property=\"article:publisher\" content=\"https:\/\/facebook.com\/edialogcomunicacao\" \/>\n<meta property=\"article:modified_time\" content=\"2025-01-28T16:09:52+00:00\" \/>\n<meta property=\"og:image\" content=\"https:\/\/www.edialog.com.br\/wp-content\/uploads\/2021\/09\/edialog-logo-case.png\" \/>\n\t<meta property=\"og:image:width\" content=\"810\" \/>\n\t<meta property=\"og:image:height\" content=\"450\" \/>\n\t<meta property=\"og:image:type\" content=\"image\/png\" \/>\n<meta name=\"twitter:label1\" content=\"Tiempo de lectura\" \/>\n\t<meta name=\"twitter:data1\" content=\"1 minuto\" \/>\n<script type=\"application\/ld+json\" class=\"yoast-schema-graph\">{\"@context\":\"https:\\\/\\\/schema.org\",\"@graph\":[{\"@type\":\"WebPage\",\"@id\":\"https:\\\/\\\/www.edialog.com.br\\\/contato-enviado-com-sucesso\\\/\",\"url\":\"https:\\\/\\\/www.edialog.com.br\\\/contato-enviado-com-sucesso\\\/\",\"name\":\"Contato enviado com sucesso | E-Dialog\",\"isPartOf\":{\"@id\":\"https:\\\/\\\/www.edialog.com.br\\\/#website\"},\"datePublished\":\"2015-04-13T11:02:36+00:00\",\"dateModified\":\"2025-01-28T16:09:52+00:00\",\"description\":\"Seu contato foi enviado com sucesso! Em breve um dos representantes especializados da E-Dialog ir\u00e3o entrar em contato com voc\u00ea!\",\"breadcrumb\":{\"@id\":\"https:\\\/\\\/www.edialog.com.br\\\/contato-enviado-com-sucesso\\\/#breadcrumb\"},\"inLanguage\":\"es\",\"potentialAction\":[{\"@type\":\"ReadAction\",\"target\":[\"https:\\\/\\\/www.edialog.com.br\\\/contato-enviado-com-sucesso\\\/\"]}]},{\"@type\":\"BreadcrumbList\",\"@id\":\"https:\\\/\\\/www.edialog.com.br\\\/contato-enviado-com-sucesso\\\/#breadcrumb\",\"itemListElement\":[{\"@type\":\"ListItem\",\"position\":1,\"name\":\"Home\",\"item\":\"https:\\\/\\\/www.edialog.com.br\\\/\"},{\"@type\":\"ListItem\",\"position\":2,\"name\":\"Contato enviado com sucesso\"}]},{\"@type\":\"WebSite\",\"@id\":\"https:\\\/\\\/www.edialog.com.br\\\/#website\",\"url\":\"https:\\\/\\\/www.edialog.com.br\\\/\",\"name\":\"Ag\u00eancia de Inbound Marketing | E-Dialog\",\"description\":\"Ag\u00eancia de Inbound Marketing premiada com solu\u00e7\u00f5es completas para o seu neg\u00f3cio. Atraia leads, com conte\u00fados \u00fanicos e envolventes. Solicite or\u00e7amento!\",\"publisher\":{\"@id\":\"https:\\\/\\\/www.edialog.com.br\\\/#organization\"},\"potentialAction\":[{\"@type\":\"SearchAction\",\"target\":{\"@type\":\"EntryPoint\",\"urlTemplate\":\"https:\\\/\\\/www.edialog.com.br\\\/?s={search_term_string}\"},\"query-input\":{\"@type\":\"PropertyValueSpecification\",\"valueRequired\":true,\"valueName\":\"search_term_string\"}}],\"inLanguage\":\"es\"},{\"@type\":\"Organization\",\"@id\":\"https:\\\/\\\/www.edialog.com.br\\\/#organization\",\"name\":\"Ag\u00eancia de M\u00eddias Sociais e Marketing Digital | E-Dialog\",\"url\":\"https:\\\/\\\/www.edialog.com.br\\\/\",\"logo\":{\"@type\":\"ImageObject\",\"inLanguage\":\"es\",\"@id\":\"https:\\\/\\\/www.edialog.com.br\\\/#\\\/schema\\\/logo\\\/image\\\/\",\"url\":\"https:\\\/\\\/www.edialog.com.br\\\/wp-content\\\/uploads\\\/2021\\\/09\\\/edialog-logo-case.png\",\"contentUrl\":\"https:\\\/\\\/www.edialog.com.br\\\/wp-content\\\/uploads\\\/2021\\\/09\\\/edialog-logo-case.png\",\"width\":810,\"height\":450,\"caption\":\"Ag\u00eancia de M\u00eddias Sociais e Marketing Digital | E-Dialog\"},\"image\":{\"@id\":\"https:\\\/\\\/www.edialog.com.br\\\/#\\\/schema\\\/logo\\\/image\\\/\"},\"sameAs\":[\"https:\\\/\\\/facebook.com\\\/edialogcomunicacao\",\"https:\\\/\\\/x.com\\\/edialog_br\",\"https:\\\/\\\/www.instagram.com\\\/edialog_br\",\"https:\\\/\\\/www.linkedin.com\\\/company\\\/e-dialog-comunica-o-digital\",\"https:\\\/\\\/www.youtube.com\\\/channel\\\/UCPiVQ_yVlcCqWS2sRzJZj7g\"]}]}<\/script>\n<!-- \/ Yoast SEO Premium plugin. -->","yoast_head_json":{"title":"Contato enviado com sucesso | E-Dialog","description":"Seu contato foi enviado com sucesso! Em breve um dos representantes especializados da E-Dialog ir\u00e3o entrar em contato com voc\u00ea!","robots":{"index":"index","follow":"follow","max-snippet":"max-snippet:-1","max-image-preview":"max-image-preview:large","max-video-preview":"max-video-preview:-1"},"canonical":"https:\/\/www.edialog.com.br\/es\/contato-enviado-com-sucesso\/","og_locale":"es_ES","og_type":"article","og_title":"Contato enviado com sucesso","og_description":"Seu contato foi enviado com sucesso! Em breve um dos representantes especializados da E-Dialog ir\u00e3o entrar em contato com voc\u00ea!","og_url":"https:\/\/www.edialog.com.br\/es\/contato-enviado-com-sucesso\/","og_site_name":"Ag\u00eancia de Inbound Marketing | E-Dialog","article_publisher":"https:\/\/facebook.com\/edialogcomunicacao","article_modified_time":"2025-01-28T16:09:52+00:00","og_image":[{"width":810,"height":450,"url":"https:\/\/www.edialog.com.br\/wp-content\/uploads\/2021\/09\/edialog-logo-case.png","type":"image\/png"}],"twitter_misc":{"Tiempo de lectura":"1 minuto"},"schema":{"@context":"https:\/\/schema.org","@graph":[{"@type":"WebPage","@id":"https:\/\/www.edialog.com.br\/contato-enviado-com-sucesso\/","url":"https:\/\/www.edialog.com.br\/contato-enviado-com-sucesso\/","name":"Contato enviado com sucesso | E-Dialog","isPartOf":{"@id":"https:\/\/www.edialog.com.br\/#website"},"datePublished":"2015-04-13T11:02:36+00:00","dateModified":"2025-01-28T16:09:52+00:00","description":"Seu contato foi enviado com sucesso! Em breve um dos representantes especializados da E-Dialog ir\u00e3o entrar em contato com voc\u00ea!","breadcrumb":{"@id":"https:\/\/www.edialog.com.br\/contato-enviado-com-sucesso\/#breadcrumb"},"inLanguage":"es","potentialAction":[{"@type":"ReadAction","target":["https:\/\/www.edialog.com.br\/contato-enviado-com-sucesso\/"]}]},{"@type":"BreadcrumbList","@id":"https:\/\/www.edialog.com.br\/contato-enviado-com-sucesso\/#breadcrumb","itemListElement":[{"@type":"ListItem","position":1,"name":"Home","item":"https:\/\/www.edialog.com.br\/"},{"@type":"ListItem","position":2,"name":"Contato enviado com sucesso"}]},{"@type":"WebSite","@id":"https:\/\/www.edialog.com.br\/#website","url":"https:\/\/www.edialog.com.br\/","name":"Agencia de marketing entrante | E-Dialog","description":"Ag\u00eancia de Inbound Marketing premiada com solu\u00e7\u00f5es completas para o seu neg\u00f3cio. Atraia leads, com conte\u00fados \u00fanicos e envolventes. Solicite or\u00e7amento!","publisher":{"@id":"https:\/\/www.edialog.com.br\/#organization"},"potentialAction":[{"@type":"SearchAction","target":{"@type":"EntryPoint","urlTemplate":"https:\/\/www.edialog.com.br\/?s={search_term_string}"},"query-input":{"@type":"PropertyValueSpecification","valueRequired":true,"valueName":"search_term_string"}}],"inLanguage":"es"},{"@type":"Organization","@id":"https:\/\/www.edialog.com.br\/#organization","name":"Ag\u00eancia de M\u00eddias Sociais e Marketing Digital | E-Dialog","url":"https:\/\/www.edialog.com.br\/","logo":{"@type":"ImageObject","inLanguage":"es","@id":"https:\/\/www.edialog.com.br\/#\/schema\/logo\/image\/","url":"https:\/\/www.edialog.com.br\/wp-content\/uploads\/2021\/09\/edialog-logo-case.png","contentUrl":"https:\/\/www.edialog.com.br\/wp-content\/uploads\/2021\/09\/edialog-logo-case.png","width":810,"height":450,"caption":"Ag\u00eancia de M\u00eddias Sociais e Marketing Digital | E-Dialog"},"image":{"@id":"https:\/\/www.edialog.com.br\/#\/schema\/logo\/image\/"},"sameAs":["https:\/\/facebook.com\/edialogcomunicacao","https:\/\/x.com\/edialog_br","https:\/\/www.instagram.com\/edialog_br","https:\/\/www.linkedin.com\/company\/e-dialog-comunica-o-digital","https:\/\/www.youtube.com\/channel\/UCPiVQ_yVlcCqWS2sRzJZj7g"]}]}},"_links":{"self":[{"href":"https:\/\/www.edialog.com.br\/es\/wp-json\/wp\/v2\/pages\/6103","targetHints":{"allow":["GET"]}}],"collection":[{"href":"https:\/\/www.edialog.com.br\/es\/wp-json\/wp\/v2\/pages"}],"about":[{"href":"https:\/\/www.edialog.com.br\/es\/wp-json\/wp\/v2\/types\/page"}],"author":[{"embeddable":true,"href":"https:\/\/www.edialog.com.br\/es\/wp-json\/wp\/v2\/users\/1"}],"replies":[{"embeddable":true,"href":"https:\/\/www.edialog.com.br\/es\/wp-json\/wp\/v2\/comments?post=6103"}],"version-history":[{"count":1,"href":"https:\/\/www.edialog.com.br\/es\/wp-json\/wp\/v2\/pages\/6103\/revisions"}],"predecessor-version":[{"id":228055,"href":"https:\/\/www.edialog.com.br\/es\/wp-json\/wp\/v2\/pages\/6103\/revisions\/228055"}],"wp:attachment":[{"href":"https:\/\/www.edialog.com.br\/es\/wp-json\/wp\/v2\/media?parent=6103"}],"curies":[{"name":"wp","href":"https:\/\/api.w.org\/{rel}","templated":true}]}}