{"id":5727,"date":"2015-01-27T13:28:54","date_gmt":"2015-01-27T16:28:54","guid":{"rendered":"https:\/\/www.edialog.com.br\/?page_id=5727"},"modified":"2023-08-17T17:58:53","modified_gmt":"2023-08-17T20:58:53","slug":"producao-de-conteudo-para-redes-sociais","status":"publish","type":"page","link":"https:\/\/www.edialog.com.br\/es\/producao-de-conteudo-para-redes-sociais\/","title":{"rendered":"Produ\u00e7\u00e3o de Conte\u00fado para Redes Sociais"},"content":{"rendered":"<div data-elementor-type=\"wp-page\" data-elementor-id=\"5727\" class=\"elementor elementor-5727\" data-elementor-post-type=\"page\">\n\t\t\t\t<div class=\"elementor-element elementor-element-e04ab53 e-flex e-con-boxed e-con e-parent\" data-id=\"e04ab53\" data-element_type=\"container\" data-settings=\"{&quot;background_background&quot;:&quot;classic&quot;,&quot;_ha_eqh_enable&quot;:false}\">\n\t\t\t\t\t<div class=\"e-con-inner\">\n\t\t\t\t<div class=\"elementor-element elementor-element-5b9c220 elementor-widget elementor-widget-heading\" data-id=\"5b9c220\" data-element_type=\"widget\" data-widget_type=\"heading.default\">\n\t\t\t\t<div class=\"elementor-widget-container\">\n\t\t\t\t\t<h1 class=\"elementor-heading-title elementor-size-default\">Produ\u00e7\u00e3o de Conte\u00fado para Redes Sociais<\/h1>\t\t\t\t<\/div>\n\t\t\t\t<\/div>\n\t\t\t\t<div class=\"elementor-element elementor-element-2bf0672 ha-has-bg-overlay elementor-widget elementor-widget-text-editor\" data-id=\"2bf0672\" data-element_type=\"widget\" data-widget_type=\"text-editor.default\">\n\t\t\t\t<div class=\"elementor-widget-container\">\n\t\t\t\t\t\t\t\t\t<p>Nossa equipe \u00e9 composta por especialistas em\u00a0<strong>produ\u00e7\u00e3o de conte\u00fado online.<\/strong>\u00a0Esse conte\u00fado \u00e9 relacionado diretamente ao seu neg\u00f3cio e, al\u00e9m de ser utilidade e informa\u00e7\u00e3o, potencializa a propaga\u00e7\u00e3o de sua marca.<\/p>\t\t\t\t\t\t\t\t<\/div>\n\t\t\t\t<\/div>\n\t\t\t\t<div class=\"elementor-element elementor-element-b73cf98 elementor-hidden-tablet elementor-hidden-phone elementor-widget elementor-widget-spacer\" data-id=\"b73cf98\" data-element_type=\"widget\" data-widget_type=\"spacer.default\">\n\t\t\t\t<div class=\"elementor-widget-container\">\n\t\t\t\t\t\t\t<div class=\"elementor-spacer\">\n\t\t\t<div class=\"elementor-spacer-inner\"><\/div>\n\t\t<\/div>\n\t\t\t\t\t\t<\/div>\n\t\t\t\t<\/div>\n\t\t\t\t\t<\/div>\n\t\t\t\t<\/div>\n\t\t<div class=\"elementor-element elementor-element-9e35e83 e-flex e-con-boxed e-con e-parent\" data-id=\"9e35e83\" data-element_type=\"container\" data-settings=\"{&quot;_ha_eqh_enable&quot;:false}\">\n\t\t\t\t\t<div class=\"e-con-inner\">\n\t\t\t\t<div class=\"elementor-element elementor-element-d909aa1 ha-has-bg-overlay elementor-widget elementor-widget-text-editor\" data-id=\"d909aa1\" data-element_type=\"widget\" data-widget_type=\"text-editor.default\">\n\t\t\t\t<div class=\"elementor-widget-container\">\n\t\t\t\t\t\t\t\t\t<p>Produ\u00e7\u00e3o de Conte\u00fado Especializado para Portais, Blogs, YouTube e Redes Sociais<\/p><p>A E-Dialog produz conte\u00fado direcionado para sites, blogs, Twitter, Facebook, Instagram, YouTube, entre outras redes sociais. Todo o conte\u00fado \u00e9 pensado para divulga\u00e7\u00e3o da marca e estabelecimento de di\u00e1logo entre voc\u00ea e seu p\u00fablico. Cada m\u00eddia recebe aten\u00e7\u00e3o especial, com conte\u00fado diferenciado e adequado ao meio.<\/p><p>Para maximizar sua comunica\u00e7\u00e3o digital, trabalhamos tamb\u00e9m com os seguintes meios:<\/p><ul><li>Envio de E-mail Marketing;<\/li><li>Newsletter corporativa;<\/li><li>Conte\u00fado para Mobile e Tablets.<\/li><\/ul><p>P\u00f3ngase en contacto con nosotros!!<\/p>\t\t\t\t\t\t\t\t<\/div>\n\t\t\t\t<\/div>\n\t\t\t\t<div class=\"elementor-element elementor-element-5857b42 elementor-widget elementor-widget-html\" data-id=\"5857b42\" data-element_type=\"widget\" data-widget_type=\"html.default\">\n\t\t\t\t<div class=\"elementor-widget-container\">\n\t\t\t\t\t<div id=\"gestao-de-redes-e-inbound-6f9ea48eeba80a8fe1a2\" role=\"main\"><\/div>\n<script type=\"text\/javascript\" src=\"https:\/\/d335luupugsy2.cloudfront.net\/js\/rdstation-forms\/stable\/rdstation-forms.min.js\"><\/script>\n<script type=\"text\/javascript\">\n  new RDStationForms('gestao-de-redes-e-inbound-6f9ea48eeba80a8fe1a2-html', 'UA-18699224-1').createForm();\n<\/script>\t\t\t\t<\/div>\n\t\t\t\t<\/div>\n\t\t\t\t\t<\/div>\n\t\t\t\t<\/div>\n\t\t\t\t<\/div>","protected":false},"excerpt":{"rendered":"<p>Produ\u00e7\u00e3o de Conte\u00fado para Redes Sociais Nossa equipe \u00e9 composta por especialistas em\u00a0produ\u00e7\u00e3o de conte\u00fado online.\u00a0Esse conte\u00fado \u00e9 relacionado diretamente ao seu neg\u00f3cio e, al\u00e9m de ser utilidade e informa\u00e7\u00e3o, potencializa a propaga\u00e7\u00e3o de sua marca. Produ\u00e7\u00e3o de Conte\u00fado Especializado para Portais, Blogs, YouTube e Redes Sociais A E-Dialog produz conte\u00fado direcionado para sites, blogs, [&hellip;]<\/p>\n","protected":false},"author":1,"featured_media":0,"parent":0,"menu_order":0,"comment_status":"closed","ping_status":"open","template":"","meta":{"_acf_changed":false,"content-type":"","footnotes":""},"class_list":["post-5727","page","type-page","status-publish","hentry"],"acf":[],"yoast_head":"<!-- This site is optimized with the Yoast SEO Premium plugin v27.3 (Yoast SEO v27.3) - https:\/\/yoast.com\/product\/yoast-seo-premium-wordpress\/ -->\n<title>Produ\u00e7\u00e3o de Conte\u00fado para Redes Sociais | E-Dialog<\/title>\n<meta name=\"description\" content=\"Produ\u00e7\u00e3o de Conte\u00fado para Redes Sociais Nossa equipe \u00e9 composta por especialistas em\u00a0produ\u00e7\u00e3o de conte\u00fado online.\u00a0Esse conte\u00fado \u00e9 relacionado diretamente\" \/>\n<meta name=\"robots\" content=\"index, follow, max-snippet:-1, max-image-preview:large, max-video-preview:-1\" \/>\n<link rel=\"canonical\" href=\"https:\/\/www.edialog.com.br\/es\/producao-de-conteudo-para-redes-sociais\/\" \/>\n<meta property=\"og:locale\" content=\"es_ES\" \/>\n<meta property=\"og:type\" content=\"article\" \/>\n<meta property=\"og:title\" content=\"Produ\u00e7\u00e3o de Conte\u00fado para Redes Sociais\" \/>\n<meta property=\"og:description\" content=\"Produ\u00e7\u00e3o de Conte\u00fado para Redes Sociais Nossa equipe \u00e9 composta por especialistas em\u00a0produ\u00e7\u00e3o de conte\u00fado online.\u00a0Esse conte\u00fado \u00e9 relacionado diretamente\" \/>\n<meta property=\"og:url\" content=\"https:\/\/www.edialog.com.br\/es\/producao-de-conteudo-para-redes-sociais\/\" \/>\n<meta property=\"og:site_name\" content=\"Ag\u00eancia de Inbound Marketing | E-Dialog\" \/>\n<meta property=\"article:publisher\" content=\"https:\/\/facebook.com\/edialogcomunicacao\" \/>\n<meta property=\"article:modified_time\" content=\"2023-08-17T20:58:53+00:00\" \/>\n<meta property=\"og:image\" content=\"https:\/\/www.edialog.com.br\/wp-content\/uploads\/2021\/09\/edialog-logo-case.png\" \/>\n\t<meta property=\"og:image:width\" content=\"810\" \/>\n\t<meta property=\"og:image:height\" content=\"450\" \/>\n\t<meta property=\"og:image:type\" content=\"image\/png\" \/>\n<meta name=\"twitter:label1\" content=\"Tiempo de lectura\" \/>\n\t<meta name=\"twitter:data1\" content=\"5 minutos\" \/>\n<script type=\"application\/ld+json\" class=\"yoast-schema-graph\">{\"@context\":\"https:\\\/\\\/schema.org\",\"@graph\":[{\"@type\":\"WebPage\",\"@id\":\"https:\\\/\\\/www.edialog.com.br\\\/producao-de-conteudo-para-redes-sociais\\\/\",\"url\":\"https:\\\/\\\/www.edialog.com.br\\\/producao-de-conteudo-para-redes-sociais\\\/\",\"name\":\"Produ\u00e7\u00e3o de Conte\u00fado para Redes Sociais | E-Dialog\",\"isPartOf\":{\"@id\":\"https:\\\/\\\/www.edialog.com.br\\\/#website\"},\"datePublished\":\"2015-01-27T16:28:54+00:00\",\"dateModified\":\"2023-08-17T20:58:53+00:00\",\"description\":\"Produ\u00e7\u00e3o de Conte\u00fado para Redes Sociais Nossa equipe \u00e9 composta por especialistas em\u00a0produ\u00e7\u00e3o de conte\u00fado online.\u00a0Esse conte\u00fado \u00e9 relacionado diretamente\",\"breadcrumb\":{\"@id\":\"https:\\\/\\\/www.edialog.com.br\\\/producao-de-conteudo-para-redes-sociais\\\/#breadcrumb\"},\"inLanguage\":\"es\",\"potentialAction\":[{\"@type\":\"ReadAction\",\"target\":[\"https:\\\/\\\/www.edialog.com.br\\\/producao-de-conteudo-para-redes-sociais\\\/\"]}]},{\"@type\":\"BreadcrumbList\",\"@id\":\"https:\\\/\\\/www.edialog.com.br\\\/producao-de-conteudo-para-redes-sociais\\\/#breadcrumb\",\"itemListElement\":[{\"@type\":\"ListItem\",\"position\":1,\"name\":\"Home\",\"item\":\"https:\\\/\\\/www.edialog.com.br\\\/\"},{\"@type\":\"ListItem\",\"position\":2,\"name\":\"Produ\u00e7\u00e3o de Conte\u00fado para Redes Sociais\"}]},{\"@type\":\"WebSite\",\"@id\":\"https:\\\/\\\/www.edialog.com.br\\\/#website\",\"url\":\"https:\\\/\\\/www.edialog.com.br\\\/\",\"name\":\"Ag\u00eancia de Inbound Marketing | E-Dialog\",\"description\":\"Ag\u00eancia de Inbound Marketing premiada com solu\u00e7\u00f5es completas para o seu neg\u00f3cio. Atraia leads, com conte\u00fados \u00fanicos e envolventes. Solicite or\u00e7amento!\",\"publisher\":{\"@id\":\"https:\\\/\\\/www.edialog.com.br\\\/#organization\"},\"potentialAction\":[{\"@type\":\"SearchAction\",\"target\":{\"@type\":\"EntryPoint\",\"urlTemplate\":\"https:\\\/\\\/www.edialog.com.br\\\/?s={search_term_string}\"},\"query-input\":{\"@type\":\"PropertyValueSpecification\",\"valueRequired\":true,\"valueName\":\"search_term_string\"}}],\"inLanguage\":\"es\"},{\"@type\":\"Organization\",\"@id\":\"https:\\\/\\\/www.edialog.com.br\\\/#organization\",\"name\":\"Ag\u00eancia de M\u00eddias Sociais e Marketing Digital | E-Dialog\",\"url\":\"https:\\\/\\\/www.edialog.com.br\\\/\",\"logo\":{\"@type\":\"ImageObject\",\"inLanguage\":\"es\",\"@id\":\"https:\\\/\\\/www.edialog.com.br\\\/#\\\/schema\\\/logo\\\/image\\\/\",\"url\":\"https:\\\/\\\/www.edialog.com.br\\\/wp-content\\\/uploads\\\/2021\\\/09\\\/edialog-logo-case.png\",\"contentUrl\":\"https:\\\/\\\/www.edialog.com.br\\\/wp-content\\\/uploads\\\/2021\\\/09\\\/edialog-logo-case.png\",\"width\":810,\"height\":450,\"caption\":\"Ag\u00eancia de M\u00eddias Sociais e Marketing Digital | E-Dialog\"},\"image\":{\"@id\":\"https:\\\/\\\/www.edialog.com.br\\\/#\\\/schema\\\/logo\\\/image\\\/\"},\"sameAs\":[\"https:\\\/\\\/facebook.com\\\/edialogcomunicacao\",\"https:\\\/\\\/x.com\\\/edialog_br\",\"https:\\\/\\\/www.instagram.com\\\/edialog_br\",\"https:\\\/\\\/www.linkedin.com\\\/company\\\/e-dialog-comunica-o-digital\",\"https:\\\/\\\/www.youtube.com\\\/channel\\\/UCPiVQ_yVlcCqWS2sRzJZj7g\"]}]}<\/script>\n<!-- \/ Yoast SEO Premium plugin. -->","yoast_head_json":{"title":"Produ\u00e7\u00e3o de Conte\u00fado para Redes Sociais | E-Dialog","description":"Produ\u00e7\u00e3o de Conte\u00fado para Redes Sociais Nossa equipe \u00e9 composta por especialistas em\u00a0produ\u00e7\u00e3o de conte\u00fado online.\u00a0Esse conte\u00fado \u00e9 relacionado diretamente","robots":{"index":"index","follow":"follow","max-snippet":"max-snippet:-1","max-image-preview":"max-image-preview:large","max-video-preview":"max-video-preview:-1"},"canonical":"https:\/\/www.edialog.com.br\/es\/producao-de-conteudo-para-redes-sociais\/","og_locale":"es_ES","og_type":"article","og_title":"Produ\u00e7\u00e3o de Conte\u00fado para Redes Sociais","og_description":"Produ\u00e7\u00e3o de Conte\u00fado para Redes Sociais Nossa equipe \u00e9 composta por especialistas em\u00a0produ\u00e7\u00e3o de conte\u00fado online.\u00a0Esse conte\u00fado \u00e9 relacionado diretamente","og_url":"https:\/\/www.edialog.com.br\/es\/producao-de-conteudo-para-redes-sociais\/","og_site_name":"Ag\u00eancia de Inbound Marketing | E-Dialog","article_publisher":"https:\/\/facebook.com\/edialogcomunicacao","article_modified_time":"2023-08-17T20:58:53+00:00","og_image":[{"width":810,"height":450,"url":"https:\/\/www.edialog.com.br\/wp-content\/uploads\/2021\/09\/edialog-logo-case.png","type":"image\/png"}],"twitter_misc":{"Tiempo de lectura":"5 minutos"},"schema":{"@context":"https:\/\/schema.org","@graph":[{"@type":"WebPage","@id":"https:\/\/www.edialog.com.br\/producao-de-conteudo-para-redes-sociais\/","url":"https:\/\/www.edialog.com.br\/producao-de-conteudo-para-redes-sociais\/","name":"Produ\u00e7\u00e3o de Conte\u00fado para Redes Sociais | E-Dialog","isPartOf":{"@id":"https:\/\/www.edialog.com.br\/#website"},"datePublished":"2015-01-27T16:28:54+00:00","dateModified":"2023-08-17T20:58:53+00:00","description":"Produ\u00e7\u00e3o de Conte\u00fado para Redes Sociais Nossa equipe \u00e9 composta por especialistas em\u00a0produ\u00e7\u00e3o de conte\u00fado online.\u00a0Esse conte\u00fado \u00e9 relacionado diretamente","breadcrumb":{"@id":"https:\/\/www.edialog.com.br\/producao-de-conteudo-para-redes-sociais\/#breadcrumb"},"inLanguage":"es","potentialAction":[{"@type":"ReadAction","target":["https:\/\/www.edialog.com.br\/producao-de-conteudo-para-redes-sociais\/"]}]},{"@type":"BreadcrumbList","@id":"https:\/\/www.edialog.com.br\/producao-de-conteudo-para-redes-sociais\/#breadcrumb","itemListElement":[{"@type":"ListItem","position":1,"name":"Home","item":"https:\/\/www.edialog.com.br\/"},{"@type":"ListItem","position":2,"name":"Produ\u00e7\u00e3o de Conte\u00fado para Redes Sociais"}]},{"@type":"WebSite","@id":"https:\/\/www.edialog.com.br\/#website","url":"https:\/\/www.edialog.com.br\/","name":"Agencia de marketing entrante | E-Dialog","description":"Ag\u00eancia de Inbound Marketing premiada com solu\u00e7\u00f5es completas para o seu neg\u00f3cio. Atraia leads, com conte\u00fados \u00fanicos e envolventes. Solicite or\u00e7amento!","publisher":{"@id":"https:\/\/www.edialog.com.br\/#organization"},"potentialAction":[{"@type":"SearchAction","target":{"@type":"EntryPoint","urlTemplate":"https:\/\/www.edialog.com.br\/?s={search_term_string}"},"query-input":{"@type":"PropertyValueSpecification","valueRequired":true,"valueName":"search_term_string"}}],"inLanguage":"es"},{"@type":"Organization","@id":"https:\/\/www.edialog.com.br\/#organization","name":"Ag\u00eancia de M\u00eddias Sociais e Marketing Digital | E-Dialog","url":"https:\/\/www.edialog.com.br\/","logo":{"@type":"ImageObject","inLanguage":"es","@id":"https:\/\/www.edialog.com.br\/#\/schema\/logo\/image\/","url":"https:\/\/www.edialog.com.br\/wp-content\/uploads\/2021\/09\/edialog-logo-case.png","contentUrl":"https:\/\/www.edialog.com.br\/wp-content\/uploads\/2021\/09\/edialog-logo-case.png","width":810,"height":450,"caption":"Ag\u00eancia de M\u00eddias Sociais e Marketing Digital | E-Dialog"},"image":{"@id":"https:\/\/www.edialog.com.br\/#\/schema\/logo\/image\/"},"sameAs":["https:\/\/facebook.com\/edialogcomunicacao","https:\/\/x.com\/edialog_br","https:\/\/www.instagram.com\/edialog_br","https:\/\/www.linkedin.com\/company\/e-dialog-comunica-o-digital","https:\/\/www.youtube.com\/channel\/UCPiVQ_yVlcCqWS2sRzJZj7g"]}]}},"_links":{"self":[{"href":"https:\/\/www.edialog.com.br\/es\/wp-json\/wp\/v2\/pages\/5727","targetHints":{"allow":["GET"]}}],"collection":[{"href":"https:\/\/www.edialog.com.br\/es\/wp-json\/wp\/v2\/pages"}],"about":[{"href":"https:\/\/www.edialog.com.br\/es\/wp-json\/wp\/v2\/types\/page"}],"author":[{"embeddable":true,"href":"https:\/\/www.edialog.com.br\/es\/wp-json\/wp\/v2\/users\/1"}],"replies":[{"embeddable":true,"href":"https:\/\/www.edialog.com.br\/es\/wp-json\/wp\/v2\/comments?post=5727"}],"version-history":[{"count":0,"href":"https:\/\/www.edialog.com.br\/es\/wp-json\/wp\/v2\/pages\/5727\/revisions"}],"wp:attachment":[{"href":"https:\/\/www.edialog.com.br\/es\/wp-json\/wp\/v2\/media?parent=5727"}],"curies":[{"name":"wp","href":"https:\/\/api.w.org\/{rel}","templated":true}]}}