{"id":5678,"date":"2015-01-06T17:24:00","date_gmt":"2015-01-06T20:24:00","guid":{"rendered":"https:\/\/www.edialog.com.br\/?page_id=5678"},"modified":"2025-01-28T13:34:30","modified_gmt":"2025-01-28T16:34:30","slug":"sitemap","status":"publish","type":"page","link":"https:\/\/www.edialog.com.br\/es\/sitemap\/","title":{"rendered":"Sitemap"},"content":{"rendered":"\t\t<div data-elementor-type=\"wp-page\" data-elementor-id=\"5678\" class=\"elementor elementor-5678\" data-elementor-post-type=\"page\">\n\t\t\t\t<div class=\"elementor-element elementor-element-28752b9 e-flex e-con-boxed e-con e-parent\" data-id=\"28752b9\" data-element_type=\"container\" data-settings=\"{&quot;background_background&quot;:&quot;classic&quot;,&quot;_ha_eqh_enable&quot;:false}\">\n\t\t\t\t\t<div class=\"e-con-inner\">\n\t\t\t\t<div class=\"elementor-element elementor-element-ec89124 elementor-widget elementor-widget-heading\" data-id=\"ec89124\" data-element_type=\"widget\" data-widget_type=\"heading.default\">\n\t\t\t\t<div class=\"elementor-widget-container\">\n\t\t\t\t\t<h1 class=\"elementor-heading-title elementor-size-default\">Sitemap<\/h1>\t\t\t\t<\/div>\n\t\t\t\t<\/div>\n\t\t\t\t<div class=\"elementor-element elementor-element-23b479c ha-has-bg-overlay elementor-widget elementor-widget-text-editor\" data-id=\"23b479c\" data-element_type=\"widget\" data-widget_type=\"text-editor.default\">\n\t\t\t\t<div class=\"elementor-widget-container\">\n\t\t\t\t\t\t\t\t\t<p>Se perdeu na navega\u00e7\u00e3o do site? Aqui voc\u00ea encontra todas as p\u00e1ginas de conte\u00fado do site.<\/p>\t\t\t\t\t\t\t\t<\/div>\n\t\t\t\t<\/div>\n\t\t\t\t<div class=\"elementor-element elementor-element-54ba773 elementor-hidden-tablet elementor-hidden-phone elementor-widget elementor-widget-spacer\" data-id=\"54ba773\" data-element_type=\"widget\" data-widget_type=\"spacer.default\">\n\t\t\t\t<div class=\"elementor-widget-container\">\n\t\t\t\t\t\t\t<div class=\"elementor-spacer\">\n\t\t\t<div class=\"elementor-spacer-inner\"><\/div>\n\t\t<\/div>\n\t\t\t\t\t\t<\/div>\n\t\t\t\t<\/div>\n\t\t\t\t\t<\/div>\n\t\t\t\t<\/div>\n\t\t\t\t<section class=\"elementor-section elementor-top-section elementor-element elementor-element-8e3e061 elementor-section-boxed elementor-section-height-default elementor-section-height-default\" data-id=\"8e3e061\" data-element_type=\"section\" data-settings=\"{&quot;_ha_eqh_enable&quot;:false}\">\n\t\t\t\t\t\t<div class=\"elementor-container elementor-column-gap-default\">\n\t\t\t\t\t<div class=\"elementor-column elementor-col-100 elementor-top-column elementor-element elementor-element-9abce37\" data-id=\"9abce37\" data-element_type=\"column\">\n\t\t\t<div class=\"elementor-widget-wrap elementor-element-populated\">\n\t\t\t\t\t\t<div class=\"elementor-element elementor-element-5556bc8 elementor-widget elementor-widget-text-editor\" data-id=\"5556bc8\" data-element_type=\"widget\" data-widget_type=\"text-editor.default\">\n\t\t\t\t<div class=\"elementor-widget-container\">\n\t\t\t\t\t\t\t\t\t\n<!-- Page-list plugin v.5.9 wordpress.org\/plugins\/page-list\/ -->\n<ul class=\"page-list \">\n<li class=\"page_item page-item-214454\"><a href=\"https:\/\/www.edialog.com.br\/es\/acompanhe-a-e-dialog\/\">Acompanhe a E-Dialog<\/a><\/li>\n<li class=\"page_item page-item-226031\"><a href=\"https:\/\/www.edialog.com.br\/es\/agencia-de-inbound-marketing\/\">Ag\u00eancia de Inbound Marketing<\/a><\/li>\n<li class=\"page_item page-item-225911\"><a href=\"https:\/\/www.edialog.com.br\/es\/\">Ag\u00eancia de Inbound Marketing | E-Dialog<\/a><\/li>\n<li class=\"page_item page-item-213436\"><a href=\"https:\/\/www.edialog.com.br\/es\/otimizacao-de-sites-seo\/\">Ag\u00eancia de SEO e de Otimiza\u00e7\u00e3o de Sites<\/a><\/li>\n<li class=\"page_item page-item-212495\"><a href=\"https:\/\/www.edialog.com.br\/es\/agencia-hubspot\/\">Ag\u00eancia HubSpot<\/a><\/li>\n<li class=\"page_item page-item-228354\"><a href=\"https:\/\/www.edialog.com.br\/es\/agencia-para-pipedrive-crm\/\">Ag\u00eancia para Pipedrive &#8211; Implanta\u00e7\u00e3o e Gest\u00e3o de CRM<\/a><\/li>\n<li class=\"page_item page-item-219410\"><a href=\"https:\/\/www.edialog.com.br\/es\/a-e-dialog-e-agencia-rd-station\/\">Ag\u00eancia RD Station<\/a><\/li>\n<li class=\"page_item page-item-3134\"><a href=\"https:\/\/www.edialog.com.br\/es\/analise-gratuita\/\">An\u00e1lise Gratuita<\/a><\/li>\n<li class=\"page_item page-item-26164\"><a href=\"https:\/\/www.edialog.com.br\/es\/analise-gratuita-de-site-seo\/\">An\u00e1lise Gratuita de Site (SEO)<\/a><\/li>\n<li class=\"page_item page-item-3138\"><a href=\"https:\/\/www.edialog.com.br\/es\/anuncios-google-facebook\/\">An\u00fancios Google e Facebook<\/a><\/li>\n<li class=\"page_item page-item-1475\"><a href=\"https:\/\/www.edialog.com.br\/es\/apps-edialog\/\">Aplicativos para iOS, Android e Facebook.<\/a><\/li>\n<li class=\"page_item page-item-213312\"><a href=\"https:\/\/www.edialog.com.br\/es\/automacao-de-marketing-2\/\">Automa\u00e7\u00e3o de Marketing<\/a><\/li>\n<li class=\"page_item page-item-217805\"><a href=\"https:\/\/www.edialog.com.br\/es\/automacao-de-whatsapp\/\">Automa\u00e7\u00e3o WhatsApp<\/a><\/li>\n<li class=\"page_item page-item-214526\"><a href=\"https:\/\/www.edialog.com.br\/es\/blog\/\">Blog E-Dialog<\/a><\/li>\n<li class=\"page_item page-item-26204\"><a href=\"https:\/\/www.edialog.com.br\/es\/calcular\/\">Calculadora de Pre\u00e7os de Gest\u00e3o de Redes Sociais<\/a><\/li>\n<li class=\"page_item page-item-225873\"><a href=\"https:\/\/www.edialog.com.br\/es\/cart\/\">Cart<\/a><\/li>\n<li class=\"page_item page-item-7143\"><a href=\"https:\/\/www.edialog.com.br\/es\/case-redes-sociais-poeme-se\/\">Case Redes Sociais &#8211; Poeme-se<\/a><\/li>\n<li class=\"page_item page-item-26435\"><a href=\"https:\/\/www.edialog.com.br\/es\/central-de-cases\/\">Central de Cases<\/a><\/li>\n<li class=\"page_item page-item-225874\"><a href=\"https:\/\/www.edialog.com.br\/es\/checkout\/\">Checkout<\/a><\/li>\n<li class=\"page_item page-item-26091\"><a href=\"https:\/\/www.edialog.com.br\/es\/checkout-curso\/\">Checkout Curso<\/a><\/li>\n<li class=\"page_item page-item-217890\"><a href=\"https:\/\/www.edialog.com.br\/es\/consultoria-e-gestao-de-facebook-ads\/\">Consultoria e gest\u00e3o de Facebook Ads<\/a><\/li>\n<li class=\"page_item page-item-206254\"><a href=\"https:\/\/www.edialog.com.br\/es\/consultoria-e-gestao-de-google-ads\/\">Consultoria e gest\u00e3o de Google Ads<\/a><\/li>\n<li class=\"page_item page-item-5059\"><a href=\"https:\/\/www.edialog.com.br\/es\/consultoria-para-e-commerce\/\">Consultoria para E-commerce<\/a><\/li>\n<li class=\"page_item page-item-6103\"><a href=\"https:\/\/www.edialog.com.br\/es\/contato-enviado-com-sucesso\/\">Contato enviado com sucesso<\/a><\/li>\n<li class=\"page_item page-item-25904\"><a href=\"https:\/\/www.edialog.com.br\/es\/curso-de-midias-sociais\/\">Curso de M\u00eddias Sociais<\/a><\/li>\n<li class=\"page_item page-item-5148\"><a href=\"https:\/\/www.edialog.com.br\/es\/cursos-redes\/\">Cursos 2<\/a><\/li>\n<li class=\"page_item page-item-211455\"><a href=\"https:\/\/www.edialog.com.br\/es\/depoimentos\/\">Depoimentos<\/a><\/li>\n<li class=\"page_item page-item-3751\"><a href=\"https:\/\/www.edialog.com.br\/es\/hangouts\/\">E-Dialog Hangouts<\/a><\/li>\n<li class=\"page_item page-item-205637\"><a href=\"https:\/\/www.edialog.com.br\/es\/faca-uma-auditoria-gratuita-completa-do-seu-site\/\">Fa\u00e7a uma Auditoria Gratuita Completa do seu Site<\/a><\/li>\n<li class=\"page_item page-item-205443\"><a href=\"https:\/\/www.edialog.com.br\/es\/gestao-de-linkedin-para-empresas\/\">Gest\u00e3o de LinkedIn para Empresas<\/a><\/li>\n<li class=\"page_item page-item-213009\"><a href=\"https:\/\/www.edialog.com.br\/es\/gestao-de-marketing-para-ecommerce\/\">Gest\u00e3o de Marketing para E-Commerce<\/a><\/li>\n<li class=\"page_item page-item-215040\"><a href=\"https:\/\/www.edialog.com.br\/es\/gestao-de-redes-sociais\/\">Gest\u00e3o de Redes Sociais<\/a><\/li>\n<li class=\"page_item page-item-219204\"><a href=\"https:\/\/www.edialog.com.br\/es\/gestao-de-trafego-pago\/\">Gest\u00e3o de Tr\u00e1fego Pago<\/a><\/li>\n<li class=\"page_item page-item-5043\"><a href=\"https:\/\/www.edialog.com.br\/es\/guia-gratuito-google-adwords\/\">Guia Gratuito &#8211; Google Adwords<\/a><\/li>\n<li class=\"page_item page-item-215170\"><a href=\"https:\/\/www.edialog.com.br\/es\/hubspot-para-startups\/\">Hubspot para Startups<\/a><\/li>\n<li class=\"page_item page-item-213291\"><a href=\"https:\/\/www.edialog.com.br\/es\/implantacao-de-crm-de-inbound-sales-2\/\">Implanta\u00e7\u00e3o de CRM de Inbound Sales<\/a><\/li>\n<li class=\"page_item page-item-212981\"><a href=\"https:\/\/www.edialog.com.br\/es\/inbound-marketing-para-saas\/\">Inbound Marketing para SaaS<\/a><\/li>\n<li class=\"page_item page-item-214864\"><a href=\"https:\/\/www.edialog.com.br\/es\/inicial-2-2\/\">Inicial 2<\/a><\/li>\n<li class=\"page_item page-item-25400\"><a href=\"https:\/\/www.edialog.com.br\/es\/inscricao-registrada-com-sucesso\/\">Inscri\u00e7\u00e3o registrada com sucesso<\/a><\/li>\n<li class=\"page_item page-item-7256\"><a href=\"https:\/\/www.edialog.com.br\/es\/gerenciamento-de-instagram\/\">Instagram<\/a><\/li>\n<li class=\"page_item page-item-6224\"><a href=\"https:\/\/www.edialog.com.br\/es\/materiais-gratuitos\/\">Materiais Gratuitos<\/a><\/li>\n<li class=\"page_item page-item-225875\"><a href=\"https:\/\/www.edialog.com.br\/es\/my-account\/\">My account<\/a><\/li>\n<li class=\"page_item page-item-26708\"><a href=\"https:\/\/www.edialog.com.br\/es\/palestrante-de-marketing-digital\/\">Palestrante de Marketing Digital &#8211; Diretor da E-Dialog, Renan Caixeiro<\/a><\/li>\n<li class=\"page_item page-item-209251\"><a href=\"https:\/\/www.edialog.com.br\/es\/planos-para-redes-sociais\/\">Planos para Redes Sociais<\/a><\/li>\n<li class=\"page_item page-item-214762\"><a href=\"https:\/\/www.edialog.com.br\/es\/politica-de-privacidade-e-dialog\/\">Pol\u00edtica de Privacidade E-Dialog<\/a><\/li>\n<li class=\"page_item page-item-6715\"><a href=\"https:\/\/www.edialog.com.br\/es\/privacidade\/\">Privacidade<\/a><\/li>\n<li class=\"page_item page-item-5727\"><a href=\"https:\/\/www.edialog.com.br\/es\/producao-de-conteudo-para-redes-sociais\/\">Produ\u00e7\u00e3o de Conte\u00fado para Redes Sociais<\/a><\/li>\n<li class=\"page_item page-item-4279\"><a href=\"https:\/\/www.edialog.com.br\/es\/promocao-2\/\">Promo\u00e7\u00e3o<\/a><\/li>\n<li class=\"page_item page-item-230063\"><a href=\"https:\/\/www.edialog.com.br\/es\/seo-para-wordpress\/\">SEO para WordPress [TESTE LUCAS SEO]<\/a><\/li>\n<li class=\"page_item page-item-225872\"><a href=\"https:\/\/www.edialog.com.br\/es\/shop\/\">Shop<\/a><\/li>\n<li class=\"page_item page-item-5678\"><a href=\"https:\/\/www.edialog.com.br\/es\/sitemap\/\">Sitemap<\/a><\/li>\n<li class=\"page_item page-item-205952\"><a href=\"https:\/\/www.edialog.com.br\/es\/sobre-a-e-dialog\/\">Sobre a E-Dialog<\/a><\/li>\n<li class=\"page_item page-item-24914\"><a href=\"https:\/\/www.edialog.com.br\/es\/sucesso\/\">Sucesso<\/a><\/li>\n<li class=\"page_item page-item-4334\"><a href=\"https:\/\/www.edialog.com.br\/es\/treinamentos\/\">Treinamentos<\/a><\/li>\n<li class=\"page_item page-item-216673\"><a href=\"https:\/\/www.edialog.com.br\/es\/vagas-e-cultura\/\">Vagas e Cultura<\/a><\/li>\n<li class=\"page_item page-item-206483\"><a href=\"https:\/\/www.edialog.com.br\/es\/dialogar\/\">Vamos Dialogar<\/a><\/li>\n<li class=\"page_item page-item-214073\"><a href=\"https:\/\/www.edialog.com.br\/es\/vire-o-jogo\/\">Vire o Jogo<\/a><\/li>\n<li class=\"page_item page-item-1436\"><a href=\"https:\/\/www.edialog.com.br\/es\/clientes\/\">Clientes<\/a><\/li>\n<li class=\"page_item page-item-2 page_item_has_children\"><a href=\"https:\/\/www.edialog.com.br\/es\/quem-somos\/\">Quem Somos<\/a>\n<ul class='children'>\n\t<li class=\"page_item page-item-3069\"><a href=\"https:\/\/www.edialog.com.br\/es\/quem-somos\/na-midia\/\">Na M\u00eddia<\/a><\/li>\n<\/ul>\n<\/li>\n<li class=\"page_item page-item-776\"><a href=\"https:\/\/www.edialog.com.br\/es\/websites\/\">Desenvolvimento de Website, App ou Sistema<\/a><\/li>\n<li class=\"page_item page-item-773\"><a href=\"https:\/\/www.edialog.com.br\/es\/social-media-training\/\">Treinamento em M\u00eddias Sociais e Marketing Digital<\/a><\/li>\n<li class=\"page_item page-item-1311\"><a href=\"https:\/\/www.edialog.com.br\/es\/parcerias\/\">Parcerias<\/a><\/li>\n<li class=\"page_item page-item-449\"><a href=\"https:\/\/www.edialog.com.br\/es\/curso-midias-sociais\/\">Curso &#8211; Facebook Marketing<\/a><\/li>\n\n<\/ul>\r\n\n<!-- Page-list plugin v.5.9 wordpress.org\/plugins\/page-list\/ -->\n<!-- no pages to show -->\t\t\t\t\t\t\t\t<\/div>\n\t\t\t\t<\/div>\n\t\t\t\t\t<\/div>\n\t\t<\/div>\n\t\t\t\t\t<\/div>\n\t\t<\/section>\n\t\t\t\t<\/div>\n\t\t","protected":false},"excerpt":{"rendered":"<p>Sitemap Se perdeu na navega\u00e7\u00e3o do site? Aqui voc\u00ea encontra todas as p\u00e1ginas de conte\u00fado do site.<\/p>","protected":false},"author":1,"featured_media":0,"parent":0,"menu_order":0,"comment_status":"closed","ping_status":"open","template":"","meta":{"_acf_changed":false,"content-type":"","footnotes":""},"class_list":["post-5678","page","type-page","status-publish","hentry"],"acf":[],"yoast_head":"<!-- This site is optimized with the Yoast SEO Premium plugin v27.5 (Yoast SEO v27.5) - https:\/\/yoast.com\/product\/yoast-seo-premium-wordpress\/ -->\n<title>Sitemap | E-Dialog<\/title>\n<meta name=\"description\" content=\"Sitemap.html com todas as URLs do site da E-Dialog. Descubra todos nossos servi\u00e7os e artigos publicados por aqui!\" \/>\n<meta name=\"robots\" content=\"index, follow, max-snippet:-1, max-image-preview:large, max-video-preview:-1\" \/>\n<link rel=\"canonical\" href=\"https:\/\/www.edialog.com.br\/es\/sitemap\/\" \/>\n<meta property=\"og:locale\" content=\"es_ES\" \/>\n<meta property=\"og:type\" content=\"article\" \/>\n<meta property=\"og:title\" content=\"Sitemap\" \/>\n<meta property=\"og:description\" content=\"Sitemap.html com todas as URLs do site da E-Dialog. Descubra todos nossos servi\u00e7os e artigos publicados por aqui!\" \/>\n<meta property=\"og:url\" content=\"https:\/\/www.edialog.com.br\/es\/sitemap\/\" \/>\n<meta property=\"og:site_name\" content=\"Ag\u00eancia de Inbound Marketing | E-Dialog\" \/>\n<meta property=\"article:publisher\" content=\"https:\/\/facebook.com\/edialogcomunicacao\" \/>\n<meta property=\"article:modified_time\" content=\"2025-01-28T16:34:30+00:00\" \/>\n<meta property=\"og:image\" content=\"https:\/\/www.edialog.com.br\/wp-content\/uploads\/2021\/09\/edialog-logo-case.png\" \/>\n\t<meta property=\"og:image:width\" content=\"810\" \/>\n\t<meta property=\"og:image:height\" content=\"450\" \/>\n\t<meta property=\"og:image:type\" content=\"image\/png\" \/>\n<meta name=\"twitter:label1\" content=\"Tiempo de lectura\" \/>\n\t<meta name=\"twitter:data1\" content=\"1 minuto\" \/>\n<script type=\"application\/ld+json\" class=\"yoast-schema-graph\">{\"@context\":\"https:\\\/\\\/schema.org\",\"@graph\":[{\"@type\":\"WebPage\",\"@id\":\"https:\\\/\\\/www.edialog.com.br\\\/sitemap\\\/\",\"url\":\"https:\\\/\\\/www.edialog.com.br\\\/sitemap\\\/\",\"name\":\"Sitemap | E-Dialog\",\"isPartOf\":{\"@id\":\"https:\\\/\\\/www.edialog.com.br\\\/#website\"},\"datePublished\":\"2015-01-06T20:24:00+00:00\",\"dateModified\":\"2025-01-28T16:34:30+00:00\",\"description\":\"Sitemap.html com todas as URLs do site da E-Dialog. Descubra todos nossos servi\u00e7os e artigos publicados por aqui!\",\"breadcrumb\":{\"@id\":\"https:\\\/\\\/www.edialog.com.br\\\/sitemap\\\/#breadcrumb\"},\"inLanguage\":\"es\",\"potentialAction\":[{\"@type\":\"ReadAction\",\"target\":[\"https:\\\/\\\/www.edialog.com.br\\\/sitemap\\\/\"]}]},{\"@type\":\"BreadcrumbList\",\"@id\":\"https:\\\/\\\/www.edialog.com.br\\\/sitemap\\\/#breadcrumb\",\"itemListElement\":[{\"@type\":\"ListItem\",\"position\":1,\"name\":\"Home\",\"item\":\"https:\\\/\\\/www.edialog.com.br\\\/\"},{\"@type\":\"ListItem\",\"position\":2,\"name\":\"Sitemap\"}]},{\"@type\":\"WebSite\",\"@id\":\"https:\\\/\\\/www.edialog.com.br\\\/#website\",\"url\":\"https:\\\/\\\/www.edialog.com.br\\\/\",\"name\":\"Ag\u00eancia de Inbound Marketing | E-Dialog\",\"description\":\"Ag\u00eancia de Inbound Marketing premiada com solu\u00e7\u00f5es completas para o seu neg\u00f3cio. Atraia leads, com conte\u00fados \u00fanicos e envolventes. Solicite or\u00e7amento!\",\"publisher\":{\"@id\":\"https:\\\/\\\/www.edialog.com.br\\\/#organization\"},\"potentialAction\":[{\"@type\":\"SearchAction\",\"target\":{\"@type\":\"EntryPoint\",\"urlTemplate\":\"https:\\\/\\\/www.edialog.com.br\\\/?s={search_term_string}\"},\"query-input\":{\"@type\":\"PropertyValueSpecification\",\"valueRequired\":true,\"valueName\":\"search_term_string\"}}],\"inLanguage\":\"es\"},{\"@type\":\"Organization\",\"@id\":\"https:\\\/\\\/www.edialog.com.br\\\/#organization\",\"name\":\"Ag\u00eancia de M\u00eddias Sociais e Marketing Digital | E-Dialog\",\"url\":\"https:\\\/\\\/www.edialog.com.br\\\/\",\"logo\":{\"@type\":\"ImageObject\",\"inLanguage\":\"es\",\"@id\":\"https:\\\/\\\/www.edialog.com.br\\\/#\\\/schema\\\/logo\\\/image\\\/\",\"url\":\"https:\\\/\\\/www.edialog.com.br\\\/wp-content\\\/uploads\\\/2021\\\/09\\\/edialog-logo-case.png\",\"contentUrl\":\"https:\\\/\\\/www.edialog.com.br\\\/wp-content\\\/uploads\\\/2021\\\/09\\\/edialog-logo-case.png\",\"width\":810,\"height\":450,\"caption\":\"Ag\u00eancia de M\u00eddias Sociais e Marketing Digital | E-Dialog\"},\"image\":{\"@id\":\"https:\\\/\\\/www.edialog.com.br\\\/#\\\/schema\\\/logo\\\/image\\\/\"},\"sameAs\":[\"https:\\\/\\\/facebook.com\\\/edialogcomunicacao\",\"https:\\\/\\\/x.com\\\/edialog_br\",\"https:\\\/\\\/www.instagram.com\\\/edialog_br\",\"https:\\\/\\\/www.linkedin.com\\\/company\\\/e-dialog-comunica-o-digital\",\"https:\\\/\\\/www.youtube.com\\\/channel\\\/UCPiVQ_yVlcCqWS2sRzJZj7g\"]}]}<\/script>\n<!-- \/ Yoast SEO Premium plugin. -->","yoast_head_json":{"title":"Sitemap | E-Dialog","description":"Sitemap.html com todas as URLs do site da E-Dialog. Descubra todos nossos servi\u00e7os e artigos publicados por aqui!","robots":{"index":"index","follow":"follow","max-snippet":"max-snippet:-1","max-image-preview":"max-image-preview:large","max-video-preview":"max-video-preview:-1"},"canonical":"https:\/\/www.edialog.com.br\/es\/sitemap\/","og_locale":"es_ES","og_type":"article","og_title":"Sitemap","og_description":"Sitemap.html com todas as URLs do site da E-Dialog. Descubra todos nossos servi\u00e7os e artigos publicados por aqui!","og_url":"https:\/\/www.edialog.com.br\/es\/sitemap\/","og_site_name":"Ag\u00eancia de Inbound Marketing | E-Dialog","article_publisher":"https:\/\/facebook.com\/edialogcomunicacao","article_modified_time":"2025-01-28T16:34:30+00:00","og_image":[{"width":810,"height":450,"url":"https:\/\/www.edialog.com.br\/wp-content\/uploads\/2021\/09\/edialog-logo-case.png","type":"image\/png"}],"twitter_misc":{"Tiempo de lectura":"1 minuto"},"schema":{"@context":"https:\/\/schema.org","@graph":[{"@type":"WebPage","@id":"https:\/\/www.edialog.com.br\/sitemap\/","url":"https:\/\/www.edialog.com.br\/sitemap\/","name":"Sitemap | E-Dialog","isPartOf":{"@id":"https:\/\/www.edialog.com.br\/#website"},"datePublished":"2015-01-06T20:24:00+00:00","dateModified":"2025-01-28T16:34:30+00:00","description":"Sitemap.html com todas as URLs do site da E-Dialog. Descubra todos nossos servi\u00e7os e artigos publicados por aqui!","breadcrumb":{"@id":"https:\/\/www.edialog.com.br\/sitemap\/#breadcrumb"},"inLanguage":"es","potentialAction":[{"@type":"ReadAction","target":["https:\/\/www.edialog.com.br\/sitemap\/"]}]},{"@type":"BreadcrumbList","@id":"https:\/\/www.edialog.com.br\/sitemap\/#breadcrumb","itemListElement":[{"@type":"ListItem","position":1,"name":"Home","item":"https:\/\/www.edialog.com.br\/"},{"@type":"ListItem","position":2,"name":"Sitemap"}]},{"@type":"WebSite","@id":"https:\/\/www.edialog.com.br\/#website","url":"https:\/\/www.edialog.com.br\/","name":"Agencia de marketing entrante | E-Dialog","description":"Ag\u00eancia de Inbound Marketing premiada com solu\u00e7\u00f5es completas para o seu neg\u00f3cio. Atraia leads, com conte\u00fados \u00fanicos e envolventes. Solicite or\u00e7amento!","publisher":{"@id":"https:\/\/www.edialog.com.br\/#organization"},"potentialAction":[{"@type":"SearchAction","target":{"@type":"EntryPoint","urlTemplate":"https:\/\/www.edialog.com.br\/?s={search_term_string}"},"query-input":{"@type":"PropertyValueSpecification","valueRequired":true,"valueName":"search_term_string"}}],"inLanguage":"es"},{"@type":"Organization","@id":"https:\/\/www.edialog.com.br\/#organization","name":"Ag\u00eancia de M\u00eddias Sociais e Marketing Digital | E-Dialog","url":"https:\/\/www.edialog.com.br\/","logo":{"@type":"ImageObject","inLanguage":"es","@id":"https:\/\/www.edialog.com.br\/#\/schema\/logo\/image\/","url":"https:\/\/www.edialog.com.br\/wp-content\/uploads\/2021\/09\/edialog-logo-case.png","contentUrl":"https:\/\/www.edialog.com.br\/wp-content\/uploads\/2021\/09\/edialog-logo-case.png","width":810,"height":450,"caption":"Ag\u00eancia de M\u00eddias Sociais e Marketing Digital | E-Dialog"},"image":{"@id":"https:\/\/www.edialog.com.br\/#\/schema\/logo\/image\/"},"sameAs":["https:\/\/facebook.com\/edialogcomunicacao","https:\/\/x.com\/edialog_br","https:\/\/www.instagram.com\/edialog_br","https:\/\/www.linkedin.com\/company\/e-dialog-comunica-o-digital","https:\/\/www.youtube.com\/channel\/UCPiVQ_yVlcCqWS2sRzJZj7g"]}]}},"_links":{"self":[{"href":"https:\/\/www.edialog.com.br\/es\/wp-json\/wp\/v2\/pages\/5678","targetHints":{"allow":["GET"]}}],"collection":[{"href":"https:\/\/www.edialog.com.br\/es\/wp-json\/wp\/v2\/pages"}],"about":[{"href":"https:\/\/www.edialog.com.br\/es\/wp-json\/wp\/v2\/types\/page"}],"author":[{"embeddable":true,"href":"https:\/\/www.edialog.com.br\/es\/wp-json\/wp\/v2\/users\/1"}],"replies":[{"embeddable":true,"href":"https:\/\/www.edialog.com.br\/es\/wp-json\/wp\/v2\/comments?post=5678"}],"version-history":[{"count":1,"href":"https:\/\/www.edialog.com.br\/es\/wp-json\/wp\/v2\/pages\/5678\/revisions"}],"predecessor-version":[{"id":228056,"href":"https:\/\/www.edialog.com.br\/es\/wp-json\/wp\/v2\/pages\/5678\/revisions\/228056"}],"wp:attachment":[{"href":"https:\/\/www.edialog.com.br\/es\/wp-json\/wp\/v2\/media?parent=5678"}],"curies":[{"name":"wp","href":"https:\/\/api.w.org\/{rel}","templated":true}]}}