{"id":449,"date":"2013-05-13T15:49:21","date_gmt":"2013-05-13T18:49:21","guid":{"rendered":"https:\/\/www.edialog.com.br\/?page_id=449"},"modified":"2013-11-05T14:25:09","modified_gmt":"2013-11-05T17:25:09","slug":"curso-midias-sociais","status":"publish","type":"page","link":"https:\/\/www.edialog.com.br\/es\/curso-midias-sociais\/","title":{"rendered":"Curso &#8211; Facebook Marketing"},"content":{"rendered":"<p><strong>Importante: encerramos \u00a0as inscri\u00e7\u00f5es e estamos realizando cadastro para lista de espera por novas vagas.<\/strong><\/p>\n<p>O Facebook, al\u00e9m de ser a rede social de maior abrang\u00eancia e impacto no Brasil, \u00e9 uma das mais desafiadoras. N\u00e3o estar presente no Facebook pode significar perder diversas oportunidades de neg\u00f3cio, venda e relacionamento.<\/p>\n<p>Ao mesmo tempo, as mudan\u00e7as constantes e o crescimento a n\u00edveis extraordin\u00e1rios trouxeram problemas como a diminui\u00e7\u00e3o do alcance de muitas p\u00e1ginas que n\u00e3o est\u00e3o plenamente adaptadas.<\/p>\n<p><img fetchpriority=\"high\" decoding=\"async\" class=\"aligncenter size-full wp-image-3921\" alt=\"curso-edialo\" src=\"https:\/\/www.edialog.com.br\/wp-content\/uploads\/2013\/05\/curso-edialo.jpg\" width=\"567\" height=\"558\" srcset=\"https:\/\/www.edialog.com.br\/wp-content\/uploads\/2013\/05\/curso-edialo.jpg 567w, https:\/\/www.edialog.com.br\/wp-content\/uploads\/2013\/05\/curso-edialo-300x295.jpg 300w, https:\/\/www.edialog.com.br\/wp-content\/uploads\/2013\/05\/curso-edialo-48x48.jpg 48w\" sizes=\"(max-width: 567px) 100vw, 567px\" \/><\/p>\n<p style=\"text-align: left;\">Com nossa experi\u00eancia de tr\u00eas anos gerenciando marcas no Brasil, Estados Unidos, Holanda e Alemanha, trazemos agora o curso Facebook Marketing, que antes era fechado a empresas. O Curso \u00e9 o primeiro de uma s\u00e9rie de cursos da E-Dialog, cada um focado em uma a\u00e7\u00e3o diferente na Internet.<\/p>\n<p>No Curso <strong>Marketing en Facebook<\/strong>, da E-Dialog, o objetivo \u00e9 capacitar quem quer utilizar o Facebook para gerar vendas, parcerias e engajamento de sua base de potenciais clientes. Seja nas rela\u00e7\u00f5es de empresa para empresa ou nas rela\u00e7\u00f5es de empresa para consumidor.<\/p>\n<p>Ao final do curso, voc\u00ea ter\u00e1 conhecimento para gerenciar a\u00e7\u00f5es completas em Facebook, n\u00e3o s\u00f3 dominando t\u00e9cnicas de conte\u00fado (SMO) como tamb\u00e9m gest\u00e3o de an\u00fancios patrocinados e planejamento de aplicativos (cabe ressaltar que o curso n\u00e3o ter\u00e1 um m\u00f3dulo sobre programa\u00e7\u00e3o e desenvolvimento de aplicativos &#8211; nosso objetivo \u00e9 ensinar a planejar os mesmos e nao a program\u00e1-los).<\/p>\n<p><img decoding=\"async\" class=\"aligncenter size-full wp-image-3858\" alt=\"RENAN\" src=\"https:\/\/www.edialog.com.br\/wp-content\/uploads\/2013\/05\/RENAN.jpg\" width=\"547\" height=\"138\" srcset=\"https:\/\/www.edialog.com.br\/wp-content\/uploads\/2013\/05\/RENAN.jpg 547w, https:\/\/www.edialog.com.br\/wp-content\/uploads\/2013\/05\/RENAN-300x75.jpg 300w\" sizes=\"(max-width: 547px) 100vw, 547px\" \/><\/p>\n<p><strong>Carga Hor\u00e1ria: 6 horas.<\/strong><br \/>\n<strong> Local: Victory Suites &#8211; Juiz de Fora (MG)<\/strong><br \/>\n<strong> Data: 8 de junho de 2013 &#8211; de 9h \u00e0s 12h e de 14h \u00e0s 17h.<\/strong><\/p>\n<p>M\u00f3dulos:<\/p>\n<p>Todos os participantes do curso receber\u00e3o uma <strong>investigaci\u00f3n<\/strong> pr\u00e9-evento onde indicar\u00e3o quais s\u00e3o suas maiores necessidades de aprendizado e qual o n\u00edvel de conhecimento do marketing no Facebook. Com base nisso, os m\u00f3dulos a seguir ser\u00e3o adaptados, com constante estudo de cases envolvendo o dia-a-dia dos participantes.<\/p>\n<p><strong>1 &#8211; Introdu\u00e7\u00e3o ao Marketing no Facebook<\/strong><br \/>\nNeste m\u00f3dulo, apresentamos o que voc\u00ea precisa saber para iniciar uma a\u00e7\u00e3o no Facebook. Todos os recursos de p\u00e1ginas, da ferramenta de an\u00fancios e do planejamento de aplicativos.<\/p>\n<p>&#8211; An\u00e1lise SWOT em Marketing Digital.<br \/>\n&#8211; Estrat\u00e9gia de P\u00fablico.<br \/>\n&#8211; Os Ps do Marketing aplicados ao Facebook.<\/p>\n<p><strong>2 &#8211; Din\u00e2mica do Facebook<\/strong><br \/>\nEntenda mais sobre Edge Rank\/Graph Rank e Social Media Optimization (SMO). Conhe\u00e7a ferramentas e t\u00e9cnicas para analisar, gerar e monitorar. Estudo de cases dos participantes.<\/p>\n<p>&#8211; Algoritmos invis\u00edveis: Edge Rank\/Graph Rank.<br \/>\n&#8211; Como utilizar o algoritmo do Facebook a seu favor. Estudo e aplica\u00e7\u00e3o de case de participantes.<br \/>\n&#8211; O que as melhores p\u00e1ginas no Facebook fazem.<\/p>\n<p><strong>3 &#8211; Por onde n\u00e3o come\u00e7ar<\/strong><br \/>\nErros mais comuns em a\u00e7\u00f5es na rede social.<\/p>\n<p>&#8211; Case de insucesso, um bom guia.<br \/>\n&#8211; Como monitorar e gerenciar uma crise no Facebook.<br \/>\n&#8211; O que n\u00e3o fazer no Facebook nos pr\u00f3ximos meses.<\/p>\n<p><strong>4 &#8211; Gerenciamento de P\u00e1ginas<\/strong><br \/>\nCases de sucesso e insucesso, al\u00e9m de detalhamento de recursos das p\u00e1ginas \u00e0 disposi\u00e7\u00e3o. Nesta etapa, vamos explorar a fundo a din\u00e2mica de p\u00e1ginas do Facebook e como otimiz\u00e1-las para melhores resultados.<\/p>\n<p>&#8211; Linguagem vs p\u00fablico-alvo.<br \/>\n&#8211; A regra dos 5 elementos.<br \/>\n&#8211; P\u00e1ginas do Facebook vs outras redes sociais.<\/p>\n<p><strong>5 &#8211; Gerenciamento de An\u00fancios<\/strong><br \/>\nCria\u00e7\u00e3o de an\u00fancios pagos passo-a-passo. Entenda como calcular o retorno sobre investimento e quais as melhores op\u00e7\u00f5es de an\u00fancios para diferentes objetivos tais como engajamento e vendas.<\/p>\n<p>&#8211; \u00a0CTR, CPC, CPM, Retargeting e custo por like: como utilizar a seu favor.<br \/>\n&#8211; Como criar comunidades rapidamente e com baixo investimento.<br \/>\n&#8211; Power Editor e outras ferramentas.<\/p>\n<p><strong>6 &#8211; Planejamento de Aplicativos e de Jogos<\/strong><br \/>\nEstudo de casos de aplicativos e como planejar campanhas com os mesmos. De campanhas promocionais a a\u00e7\u00f5es exclusivas, os aplicativos abrem um amplo espectro de possibilidades.<\/p>\n<p>&#8211; Como planejar um app ou jogo do zero.<br \/>\n&#8211; Como colocar em pr\u00e1tica um app ou jogo no Facebook.<br \/>\n&#8211; Melhores cases.<\/p>\n<p><strong>7 &#8211; Planejamento de Marketing no Facebook e M\u00e9tricas<\/strong><br \/>\nUma etapa pr\u00e1tica onde ser\u00e1 desenvolvido um Plano de Marketing para Facebook. Para tal, ser\u00e1 necess\u00e1rio conhecer m\u00e9tricas que podem ser aplicadas n\u00e3o s\u00f3 ao Facebook como em demais a\u00e7\u00f5es em Internet.<\/p>\n<p>&#8211; 50 m\u00e9tricas para o Facebook.<br \/>\n&#8211; Integra\u00e7\u00e3o Facebook e Google Analytics &#8211; como fazer, como monitorar.<br \/>\n&#8211; Elabora\u00e7\u00e3o de Plano de Marketing no Facebook para seu neg\u00f3cio.<\/p>\n<p><strong>8 &#8211; Quest\u00f5es e respostas &#8211; an\u00e1lise e consultoria para casos dos participantes.<\/strong><\/p>\n<p><strong>Quem poder\u00e1 aproveitar nosso conte\u00fado:<\/strong><br \/>\n&#8211; empres\u00e1rios.<br \/>\n&#8211; interessados em capacita\u00e7\u00e3o em redes sociais.<br \/>\n&#8211; gestores de marketing e comunica\u00e7\u00e3o.<br \/>\n&#8211; profissionais de social media.<br \/>\n&#8211; estudantes.<\/p>\n<p>Valor. Vagas limitadas <strong>(restam apenas 5 vagas)<\/strong>. Inclui: certificado + coffee break:<\/p>\n<p><strong>4 parcelas de R$ 89,00 ou \u00e0 vista por R$ 320,00<\/strong><\/p>\n<p><em>Desconto especial para 2 ou mais inscri\u00e7\u00f5es feitas em conjunto.<\/em><\/p>\n<p>Pagamento (enviaremos por e-mail os dados para pagamento):<\/p>\n<p><iframe src=\"https:\/\/docs.google.com\/forms\/d\/1JAAvy2F2iAK7OHFp-HMHKMFWIOC7mVlAmpDuChMmnnA\/viewform?embedded=true\" height=\"700\" width=\"600\" frameborder=\"0\" marginwidth=\"0\" marginheight=\"0\"><\/iframe><\/p>","protected":false},"excerpt":{"rendered":"<p>Importante: encerramos \u00a0as inscri\u00e7\u00f5es e estamos realizando cadastro para lista de espera por novas vagas. O Facebook, al\u00e9m de ser a rede social de maior abrang\u00eancia e impacto no Brasil, \u00e9 uma das mais desafiadoras. N\u00e3o estar presente no Facebook pode significar perder diversas oportunidades de neg\u00f3cio, venda e relacionamento. Ao mesmo tempo, as mudan\u00e7as [&hellip;]<\/p>\n","protected":false},"author":1,"featured_media":0,"parent":0,"menu_order":6,"comment_status":"open","ping_status":"open","template":"page-full.php","meta":{"_acf_changed":false,"content-type":"","footnotes":""},"class_list":["post-449","page","type-page","status-publish","hentry"],"acf":[],"yoast_head":"<!-- This site is optimized with the Yoast SEO Premium plugin v27.5 (Yoast SEO v27.5) - https:\/\/yoast.com\/product\/yoast-seo-premium-wordpress\/ -->\n<title>Curso - Facebook Marketing | E-Dialog<\/title>\n<meta name=\"description\" content=\"Importante: encerramos \u00a0as inscri\u00e7\u00f5es e estamos realizando cadastro para lista de espera por novas vagas. O Facebook, al\u00e9m de ser a rede social de maior\" \/>\n<meta name=\"robots\" content=\"index, follow, max-snippet:-1, max-image-preview:large, max-video-preview:-1\" \/>\n<link rel=\"canonical\" href=\"https:\/\/www.edialog.com.br\/es\/curso-midias-sociais\/\" \/>\n<meta property=\"og:locale\" content=\"es_ES\" \/>\n<meta property=\"og:type\" content=\"article\" \/>\n<meta property=\"og:title\" content=\"Curso - Facebook Marketing\" \/>\n<meta property=\"og:description\" content=\"Importante: encerramos \u00a0as inscri\u00e7\u00f5es e estamos realizando cadastro para lista de espera por novas vagas. O Facebook, al\u00e9m de ser a rede social de maior\" \/>\n<meta property=\"og:url\" content=\"https:\/\/www.edialog.com.br\/es\/curso-midias-sociais\/\" \/>\n<meta property=\"og:site_name\" content=\"Ag\u00eancia de Inbound Marketing | E-Dialog\" \/>\n<meta property=\"article:publisher\" content=\"https:\/\/facebook.com\/edialogcomunicacao\" \/>\n<meta property=\"article:modified_time\" content=\"2013-11-05T17:25:09+00:00\" \/>\n<meta property=\"og:image\" content=\"https:\/\/www.edialog.com.br\/wp-content\/uploads\/2013\/05\/curso-edialo.jpg\" \/>\n<meta name=\"twitter:label1\" content=\"Tiempo de lectura\" \/>\n\t<meta name=\"twitter:data1\" content=\"4 minutos\" \/>\n<script type=\"application\/ld+json\" class=\"yoast-schema-graph\">{\"@context\":\"https:\\\/\\\/schema.org\",\"@graph\":[{\"@type\":\"WebPage\",\"@id\":\"https:\\\/\\\/www.edialog.com.br\\\/curso-midias-sociais\\\/\",\"url\":\"https:\\\/\\\/www.edialog.com.br\\\/curso-midias-sociais\\\/\",\"name\":\"Curso - Facebook Marketing | E-Dialog\",\"isPartOf\":{\"@id\":\"https:\\\/\\\/www.edialog.com.br\\\/#website\"},\"primaryImageOfPage\":{\"@id\":\"https:\\\/\\\/www.edialog.com.br\\\/curso-midias-sociais\\\/#primaryimage\"},\"image\":{\"@id\":\"https:\\\/\\\/www.edialog.com.br\\\/curso-midias-sociais\\\/#primaryimage\"},\"thumbnailUrl\":\"https:\\\/\\\/www.edialog.com.br\\\/wp-content\\\/uploads\\\/2013\\\/05\\\/curso-edialo.jpg\",\"datePublished\":\"2013-05-13T18:49:21+00:00\",\"dateModified\":\"2013-11-05T17:25:09+00:00\",\"description\":\"Importante: encerramos \u00a0as inscri\u00e7\u00f5es e estamos realizando cadastro para lista de espera por novas vagas. O Facebook, al\u00e9m de ser a rede social de maior\",\"breadcrumb\":{\"@id\":\"https:\\\/\\\/www.edialog.com.br\\\/curso-midias-sociais\\\/#breadcrumb\"},\"inLanguage\":\"es\",\"potentialAction\":[{\"@type\":\"ReadAction\",\"target\":[\"https:\\\/\\\/www.edialog.com.br\\\/curso-midias-sociais\\\/\"]}]},{\"@type\":\"ImageObject\",\"inLanguage\":\"es\",\"@id\":\"https:\\\/\\\/www.edialog.com.br\\\/curso-midias-sociais\\\/#primaryimage\",\"url\":\"https:\\\/\\\/www.edialog.com.br\\\/wp-content\\\/uploads\\\/2013\\\/05\\\/curso-edialo.jpg\",\"contentUrl\":\"https:\\\/\\\/www.edialog.com.br\\\/wp-content\\\/uploads\\\/2013\\\/05\\\/curso-edialo.jpg\"},{\"@type\":\"BreadcrumbList\",\"@id\":\"https:\\\/\\\/www.edialog.com.br\\\/curso-midias-sociais\\\/#breadcrumb\",\"itemListElement\":[{\"@type\":\"ListItem\",\"position\":1,\"name\":\"Home\",\"item\":\"https:\\\/\\\/www.edialog.com.br\\\/\"},{\"@type\":\"ListItem\",\"position\":2,\"name\":\"Curso &#8211; Facebook Marketing\"}]},{\"@type\":\"WebSite\",\"@id\":\"https:\\\/\\\/www.edialog.com.br\\\/#website\",\"url\":\"https:\\\/\\\/www.edialog.com.br\\\/\",\"name\":\"Ag\u00eancia de Inbound Marketing | E-Dialog\",\"description\":\"Ag\u00eancia de Inbound Marketing premiada com solu\u00e7\u00f5es completas para o seu neg\u00f3cio. Atraia leads, com conte\u00fados \u00fanicos e envolventes. Solicite or\u00e7amento!\",\"publisher\":{\"@id\":\"https:\\\/\\\/www.edialog.com.br\\\/#organization\"},\"potentialAction\":[{\"@type\":\"SearchAction\",\"target\":{\"@type\":\"EntryPoint\",\"urlTemplate\":\"https:\\\/\\\/www.edialog.com.br\\\/?s={search_term_string}\"},\"query-input\":{\"@type\":\"PropertyValueSpecification\",\"valueRequired\":true,\"valueName\":\"search_term_string\"}}],\"inLanguage\":\"es\"},{\"@type\":\"Organization\",\"@id\":\"https:\\\/\\\/www.edialog.com.br\\\/#organization\",\"name\":\"Ag\u00eancia de M\u00eddias Sociais e Marketing Digital | E-Dialog\",\"url\":\"https:\\\/\\\/www.edialog.com.br\\\/\",\"logo\":{\"@type\":\"ImageObject\",\"inLanguage\":\"es\",\"@id\":\"https:\\\/\\\/www.edialog.com.br\\\/#\\\/schema\\\/logo\\\/image\\\/\",\"url\":\"https:\\\/\\\/www.edialog.com.br\\\/wp-content\\\/uploads\\\/2021\\\/09\\\/edialog-logo-case.png\",\"contentUrl\":\"https:\\\/\\\/www.edialog.com.br\\\/wp-content\\\/uploads\\\/2021\\\/09\\\/edialog-logo-case.png\",\"width\":810,\"height\":450,\"caption\":\"Ag\u00eancia de M\u00eddias Sociais e Marketing Digital | E-Dialog\"},\"image\":{\"@id\":\"https:\\\/\\\/www.edialog.com.br\\\/#\\\/schema\\\/logo\\\/image\\\/\"},\"sameAs\":[\"https:\\\/\\\/facebook.com\\\/edialogcomunicacao\",\"https:\\\/\\\/x.com\\\/edialog_br\",\"https:\\\/\\\/www.instagram.com\\\/edialog_br\",\"https:\\\/\\\/www.linkedin.com\\\/company\\\/e-dialog-comunica-o-digital\",\"https:\\\/\\\/www.youtube.com\\\/channel\\\/UCPiVQ_yVlcCqWS2sRzJZj7g\"]}]}<\/script>\n<!-- \/ Yoast SEO Premium plugin. -->","yoast_head_json":{"title":"Curso - Facebook Marketing | E-Dialog","description":"Importante: encerramos \u00a0as inscri\u00e7\u00f5es e estamos realizando cadastro para lista de espera por novas vagas. O Facebook, al\u00e9m de ser a rede social de maior","robots":{"index":"index","follow":"follow","max-snippet":"max-snippet:-1","max-image-preview":"max-image-preview:large","max-video-preview":"max-video-preview:-1"},"canonical":"https:\/\/www.edialog.com.br\/es\/curso-midias-sociais\/","og_locale":"es_ES","og_type":"article","og_title":"Curso - Facebook Marketing","og_description":"Importante: encerramos \u00a0as inscri\u00e7\u00f5es e estamos realizando cadastro para lista de espera por novas vagas. O Facebook, al\u00e9m de ser a rede social de maior","og_url":"https:\/\/www.edialog.com.br\/es\/curso-midias-sociais\/","og_site_name":"Ag\u00eancia de Inbound Marketing | E-Dialog","article_publisher":"https:\/\/facebook.com\/edialogcomunicacao","article_modified_time":"2013-11-05T17:25:09+00:00","og_image":[{"url":"https:\/\/www.edialog.com.br\/wp-content\/uploads\/2013\/05\/curso-edialo.jpg","type":"","width":"","height":""}],"twitter_misc":{"Tiempo de lectura":"4 minutos"},"schema":{"@context":"https:\/\/schema.org","@graph":[{"@type":"WebPage","@id":"https:\/\/www.edialog.com.br\/curso-midias-sociais\/","url":"https:\/\/www.edialog.com.br\/curso-midias-sociais\/","name":"Curso - Facebook Marketing | E-Dialog","isPartOf":{"@id":"https:\/\/www.edialog.com.br\/#website"},"primaryImageOfPage":{"@id":"https:\/\/www.edialog.com.br\/curso-midias-sociais\/#primaryimage"},"image":{"@id":"https:\/\/www.edialog.com.br\/curso-midias-sociais\/#primaryimage"},"thumbnailUrl":"https:\/\/www.edialog.com.br\/wp-content\/uploads\/2013\/05\/curso-edialo.jpg","datePublished":"2013-05-13T18:49:21+00:00","dateModified":"2013-11-05T17:25:09+00:00","description":"Importante: encerramos \u00a0as inscri\u00e7\u00f5es e estamos realizando cadastro para lista de espera por novas vagas. O Facebook, al\u00e9m de ser a rede social de maior","breadcrumb":{"@id":"https:\/\/www.edialog.com.br\/curso-midias-sociais\/#breadcrumb"},"inLanguage":"es","potentialAction":[{"@type":"ReadAction","target":["https:\/\/www.edialog.com.br\/curso-midias-sociais\/"]}]},{"@type":"ImageObject","inLanguage":"es","@id":"https:\/\/www.edialog.com.br\/curso-midias-sociais\/#primaryimage","url":"https:\/\/www.edialog.com.br\/wp-content\/uploads\/2013\/05\/curso-edialo.jpg","contentUrl":"https:\/\/www.edialog.com.br\/wp-content\/uploads\/2013\/05\/curso-edialo.jpg"},{"@type":"BreadcrumbList","@id":"https:\/\/www.edialog.com.br\/curso-midias-sociais\/#breadcrumb","itemListElement":[{"@type":"ListItem","position":1,"name":"Home","item":"https:\/\/www.edialog.com.br\/"},{"@type":"ListItem","position":2,"name":"Curso &#8211; Facebook Marketing"}]},{"@type":"WebSite","@id":"https:\/\/www.edialog.com.br\/#website","url":"https:\/\/www.edialog.com.br\/","name":"Agencia de marketing entrante | E-Dialog","description":"Ag\u00eancia de Inbound Marketing premiada com solu\u00e7\u00f5es completas para o seu neg\u00f3cio. Atraia leads, com conte\u00fados \u00fanicos e envolventes. Solicite or\u00e7amento!","publisher":{"@id":"https:\/\/www.edialog.com.br\/#organization"},"potentialAction":[{"@type":"SearchAction","target":{"@type":"EntryPoint","urlTemplate":"https:\/\/www.edialog.com.br\/?s={search_term_string}"},"query-input":{"@type":"PropertyValueSpecification","valueRequired":true,"valueName":"search_term_string"}}],"inLanguage":"es"},{"@type":"Organization","@id":"https:\/\/www.edialog.com.br\/#organization","name":"Ag\u00eancia de M\u00eddias Sociais e Marketing Digital | E-Dialog","url":"https:\/\/www.edialog.com.br\/","logo":{"@type":"ImageObject","inLanguage":"es","@id":"https:\/\/www.edialog.com.br\/#\/schema\/logo\/image\/","url":"https:\/\/www.edialog.com.br\/wp-content\/uploads\/2021\/09\/edialog-logo-case.png","contentUrl":"https:\/\/www.edialog.com.br\/wp-content\/uploads\/2021\/09\/edialog-logo-case.png","width":810,"height":450,"caption":"Ag\u00eancia de M\u00eddias Sociais e Marketing Digital | E-Dialog"},"image":{"@id":"https:\/\/www.edialog.com.br\/#\/schema\/logo\/image\/"},"sameAs":["https:\/\/facebook.com\/edialogcomunicacao","https:\/\/x.com\/edialog_br","https:\/\/www.instagram.com\/edialog_br","https:\/\/www.linkedin.com\/company\/e-dialog-comunica-o-digital","https:\/\/www.youtube.com\/channel\/UCPiVQ_yVlcCqWS2sRzJZj7g"]}]}},"_links":{"self":[{"href":"https:\/\/www.edialog.com.br\/es\/wp-json\/wp\/v2\/pages\/449","targetHints":{"allow":["GET"]}}],"collection":[{"href":"https:\/\/www.edialog.com.br\/es\/wp-json\/wp\/v2\/pages"}],"about":[{"href":"https:\/\/www.edialog.com.br\/es\/wp-json\/wp\/v2\/types\/page"}],"author":[{"embeddable":true,"href":"https:\/\/www.edialog.com.br\/es\/wp-json\/wp\/v2\/users\/1"}],"replies":[{"embeddable":true,"href":"https:\/\/www.edialog.com.br\/es\/wp-json\/wp\/v2\/comments?post=449"}],"version-history":[{"count":0,"href":"https:\/\/www.edialog.com.br\/es\/wp-json\/wp\/v2\/pages\/449\/revisions"}],"wp:attachment":[{"href":"https:\/\/www.edialog.com.br\/es\/wp-json\/wp\/v2\/media?parent=449"}],"curies":[{"name":"wp","href":"https:\/\/api.w.org\/{rel}","templated":true}]}}