{"id":4334,"date":"2013-09-13T10:00:44","date_gmt":"2013-09-13T13:00:44","guid":{"rendered":"https:\/\/www.edialog.com.br\/?page_id=4334"},"modified":"2023-08-17T17:38:49","modified_gmt":"2023-08-17T20:38:49","slug":"treinamentos","status":"publish","type":"page","link":"https:\/\/www.edialog.com.br\/es\/treinamentos\/","title":{"rendered":"Treinamentos"},"content":{"rendered":"<div data-elementor-type=\"wp-page\" data-elementor-id=\"4334\" class=\"elementor elementor-4334\" data-elementor-post-type=\"page\">\n\t\t\t\t<div class=\"elementor-element elementor-element-7010fd61 e-flex e-con-boxed e-con e-parent\" data-id=\"7010fd61\" data-element_type=\"container\" data-settings=\"{&quot;background_background&quot;:&quot;classic&quot;,&quot;_ha_eqh_enable&quot;:false}\">\n\t\t\t\t\t<div class=\"e-con-inner\">\n\t\t\t\t<div class=\"elementor-element elementor-element-2d0f0265 elementor-widget elementor-widget-heading\" data-id=\"2d0f0265\" data-element_type=\"widget\" data-widget_type=\"heading.default\">\n\t\t\t\t<div class=\"elementor-widget-container\">\n\t\t\t\t\t<h1 class=\"elementor-heading-title elementor-size-default\">Treinamentos<\/h1>\t\t\t\t<\/div>\n\t\t\t\t<\/div>\n\t\t\t\t<div class=\"elementor-element elementor-element-78b5370 ha-has-bg-overlay elementor-widget elementor-widget-text-editor\" data-id=\"78b5370\" data-element_type=\"widget\" data-widget_type=\"text-editor.default\">\n\t\t\t\t<div class=\"elementor-widget-container\">\n\t\t\t\t\t\t\t\t\tComo os treinamentos da E-Dialog podem ajudar sua empresa?\t\t\t\t\t\t\t\t<\/div>\n\t\t\t\t<\/div>\n\t\t\t\t<div class=\"elementor-element elementor-element-13b3e551 elementor-hidden-tablet elementor-hidden-phone elementor-widget elementor-widget-spacer\" data-id=\"13b3e551\" data-element_type=\"widget\" data-widget_type=\"spacer.default\">\n\t\t\t\t<div class=\"elementor-widget-container\">\n\t\t\t\t\t\t\t<div class=\"elementor-spacer\">\n\t\t\t<div class=\"elementor-spacer-inner\"><\/div>\n\t\t<\/div>\n\t\t\t\t\t\t<\/div>\n\t\t\t\t<\/div>\n\t\t\t\t\t<\/div>\n\t\t\t\t<\/div>\n\t\t<div class=\"elementor-element elementor-element-36994f3b e-flex e-con-boxed e-con e-parent\" data-id=\"36994f3b\" data-element_type=\"container\" data-settings=\"{&quot;_ha_eqh_enable&quot;:false}\">\n\t\t\t\t\t<div class=\"e-con-inner\">\n\t\t<div class=\"elementor-element elementor-element-6a0b475f e-con-full e-flex e-con e-parent\" data-id=\"6a0b475f\" data-element_type=\"container\" data-settings=\"{&quot;_ha_eqh_enable&quot;:false}\">\n\t\t\t\t<div class=\"elementor-element elementor-element-7f505f11 elementor-widget elementor-widget-ha-step-flow happy-addon ha-step-flow\" data-id=\"7f505f11\" data-element_type=\"widget\" data-widget_type=\"ha-step-flow.default\">\n\t\t\t\t<div class=\"elementor-widget-container\">\n\t\t\t\t\t\n\t\t<div class=\"ha-steps-icon\">\n\t\t\t\t\t\t\t<span class=\"ha-step-arrow\"><\/span>\n\t\t\t\n\t\t\t<i aria-hidden=\"true\" class=\"fas fa-building\"><\/i>\n\t\t\t\t\t<\/div>\n\n\t\t<h2 class=\"ha-steps-title\">Sua empresa<\/h2>\n\t\t\n\t\t\t\t\t\t<\/div>\n\t\t\t\t<\/div>\n\t\t\t\t<div class=\"elementor-element elementor-element-22d14db7 elementor-widget elementor-widget-ha-step-flow happy-addon ha-step-flow\" data-id=\"22d14db7\" data-element_type=\"widget\" data-widget_type=\"ha-step-flow.default\">\n\t\t\t\t<div class=\"elementor-widget-container\">\n\t\t\t\t\t\n\t\t<div class=\"ha-steps-icon\">\n\t\t\t\t\t\t\t<span class=\"ha-step-arrow\"><\/span>\n\t\t\t\n\t\t\t<i aria-hidden=\"true\" class=\"fas fa-users\"><\/i>\n\t\t\t\t\t<\/div>\n\n\t\t<h2 class=\"ha-steps-title\">Seus colaboradores<\/h2>\n\t\t\n\t\t\t\t\t\t<\/div>\n\t\t\t\t<\/div>\n\t\t\t\t<div class=\"elementor-element elementor-element-76fdf55c elementor-widget elementor-widget-ha-step-flow happy-addon ha-step-flow\" data-id=\"76fdf55c\" data-element_type=\"widget\" data-widget_type=\"ha-step-flow.default\">\n\t\t\t\t<div class=\"elementor-widget-container\">\n\t\t\t\t\t\n\t\t<div class=\"ha-steps-icon\">\n\t\t\t\n\t\t\t<i aria-hidden=\"true\" class=\"fas fa-laptop\"><\/i>\n\t\t\t\t\t<\/div>\n\n\t\t<h2 class=\"ha-steps-title\">A Internet<\/h2>\n\t\t\n\t\t\t\t\t\t<\/div>\n\t\t\t\t<\/div>\n\t\t\t\t<\/div>\n\t\t\t\t\t<\/div>\n\t\t\t\t<\/div>\n\t\t<div class=\"elementor-element elementor-element-3544201b e-flex e-con-boxed e-con e-parent\" data-id=\"3544201b\" data-element_type=\"container\" data-settings=\"{&quot;_ha_eqh_enable&quot;:false}\">\n\t\t\t\t\t<div class=\"e-con-inner\">\n\t\t\t\t<div class=\"elementor-element elementor-element-26232fc9 ha-has-bg-overlay elementor-widget elementor-widget-text-editor\" data-id=\"26232fc9\" data-element_type=\"widget\" data-widget_type=\"text-editor.default\">\n\t\t\t\t<div class=\"elementor-widget-container\">\n\t\t\t\t\t\t\t\t\t<p class=\"p1\">Com os treinamentos da E-Dialog, seus colaboradores estar\u00e3o mais capacitados para gerirem as redes da sua empresa, pois contar\u00e3o com o conhecimento de especialistas cujo conhecimento est\u00e1 alinhado \u00e0s boas pr\u00e1ticas do mercado<\/p>\t\t\t\t\t\t\t\t<\/div>\n\t\t\t\t<\/div>\n\t\t\t\t\t<\/div>\n\t\t\t\t<\/div>\n\t\t<div class=\"elementor-element elementor-element-3e27e4fe e-flex e-con-boxed e-con e-parent\" data-id=\"3e27e4fe\" data-element_type=\"container\" data-settings=\"{&quot;background_background&quot;:&quot;classic&quot;,&quot;_ha_eqh_enable&quot;:false}\">\n\t\t\t\t\t<div class=\"e-con-inner\">\n\t\t<div class=\"elementor-element elementor-element-1c6600f9 e-con-full e-flex e-con e-parent\" data-id=\"1c6600f9\" data-element_type=\"container\" data-settings=\"{&quot;_ha_eqh_enable&quot;:false}\">\n\t\t\t\t<div class=\"elementor-element elementor-element-7b07443c ha-has-bg-overlay elementor-widget elementor-widget-text-editor\" data-id=\"7b07443c\" data-element_type=\"widget\" data-widget_type=\"text-editor.default\">\n\t\t\t\t<div class=\"elementor-widget-container\">\n\t\t\t\t\t\t\t\t\t<ul><li>Introdu\u00e7\u00e3o \u00e0 comunica\u00e7\u00e3o digital<\/li><li>As Redes Sociais<\/li><li>Mensura\u00e7\u00e3o de resultados<\/li><li>Gerenciamento de crises<\/li><\/ul>\t\t\t\t\t\t\t\t<\/div>\n\t\t\t\t<\/div>\n\t\t\t\t<div class=\"elementor-element elementor-element-32cbbf9e elementor-align-justify elementor-widget__width-inherit elementor-widget elementor-widget-button\" data-id=\"32cbbf9e\" data-element_type=\"widget\" data-widget_type=\"button.default\">\n\t\t\t\t<div class=\"elementor-widget-container\">\n\t\t\t\t\t\t\t\t\t<div class=\"elementor-button-wrapper\">\n\t\t\t\t\t<a class=\"elementor-button elementor-button-link elementor-size-sm\" href=\"https:\/\/docs.google.com\/forms\/d\/e\/1FAIpQLSfMo9HMMxP3mF3w8caRNyUMW4hj6n5OPPPqCGwZ7-AemLXTrw\/viewform?embedded=true&#038;formkey=dFNNaDdyRlpCSHRhSE1Nc0MyM1p0SHc6MQ\" target=\"_blank\">\n\t\t\t\t\t\t<span class=\"elementor-button-content-wrapper\">\n\t\t\t\t\t\t<span class=\"elementor-button-icon\">\n\t\t\t\t<i aria-hidden=\"true\" class=\"icon icon-right-arrow\"><\/i>\t\t\t<\/span>\n\t\t\t\t\t\t\t\t\t<span class=\"elementor-button-text\">Entre em contato e saiba mais<\/span>\n\t\t\t\t\t<\/span>\n\t\t\t\t\t<\/a>\n\t\t\t\t<\/div>\n\t\t\t\t\t\t\t\t<\/div>\n\t\t\t\t<\/div>\n\t\t\t\t<\/div>\n\t\t<div class=\"elementor-element elementor-element-6c528204 e-con-full e-flex e-con e-parent\" data-id=\"6c528204\" data-element_type=\"container\" data-settings=\"{&quot;_ha_eqh_enable&quot;:false}\">\n\t\t\t\t<div class=\"elementor-element elementor-element-379033e0 elementor-widget elementor-widget-ha-step-flow happy-addon ha-step-flow\" data-id=\"379033e0\" data-element_type=\"widget\" data-widget_type=\"ha-step-flow.default\">\n\t\t\t\t<div class=\"elementor-widget-container\">\n\t\t\t\t\t\n\t\t<div class=\"ha-steps-icon\">\n\t\t\t\t\t\t\t<span class=\"ha-step-arrow\"><\/span>\n\t\t\t\n\t\t\t<i aria-hidden=\"true\" class=\"fas fa-building\"><\/i>\n\t\t\t\t\t<\/div>\n\n\t\t<h2 class=\"ha-steps-title\">Colaboradores capacitados<\/h2>\n\t\t\n\t\t\t\t\t\t<\/div>\n\t\t\t\t<\/div>\n\t\t\t\t<div class=\"elementor-element elementor-element-6e5e5bc8 elementor-widget elementor-widget-ha-step-flow happy-addon ha-step-flow\" data-id=\"6e5e5bc8\" data-element_type=\"widget\" data-widget_type=\"ha-step-flow.default\">\n\t\t\t\t<div class=\"elementor-widget-container\">\n\t\t\t\t\t\n\t\t<div class=\"ha-steps-icon\">\n\t\t\t\n\t\t\t<i aria-hidden=\"true\" class=\"fas fa-building\"><\/i>\n\t\t\t\t\t<\/div>\n\n\t\t<h2 class=\"ha-steps-title\">Bom trabalho na Internet<\/h2>\n\t\t\n\t\t\t\t\t\t<\/div>\n\t\t\t\t<\/div>\n\t\t\t\t<\/div>\n\t\t\t\t\t<\/div>\n\t\t\t\t<\/div>\n\t\t\t\t<\/div>","protected":false},"excerpt":{"rendered":"<p>Treinamentos Como os treinamentos da E-Dialog podem ajudar sua empresa? Sua empresa Seus colaboradores A Internet Com os treinamentos da E-Dialog, seus colaboradores estar\u00e3o mais capacitados para gerirem as redes da sua empresa, pois contar\u00e3o com o conhecimento de especialistas cujo conhecimento est\u00e1 alinhado \u00e0s boas pr\u00e1ticas do mercado Introdu\u00e7\u00e3o \u00e0 comunica\u00e7\u00e3o digital As Redes [&hellip;]<\/p>\n","protected":false},"author":1,"featured_media":0,"parent":0,"menu_order":0,"comment_status":"closed","ping_status":"open","template":"","meta":{"_acf_changed":false,"content-type":"","footnotes":""},"class_list":["post-4334","page","type-page","status-publish","hentry"],"acf":[],"yoast_head":"<!-- This site is optimized with the Yoast SEO Premium plugin v27.5 (Yoast SEO v27.5) - https:\/\/yoast.com\/product\/yoast-seo-premium-wordpress\/ -->\n<title>Treinamentos | E-Dialog<\/title>\n<meta name=\"description\" content=\"Treinamentos Como os treinamentos da E-Dialog podem ajudar sua empresa? Sua empresa Seus colaboradores A Internet Com os treinamentos da E-Dialog, seus\" \/>\n<meta name=\"robots\" content=\"index, follow, max-snippet:-1, max-image-preview:large, max-video-preview:-1\" \/>\n<link rel=\"canonical\" href=\"https:\/\/www.edialog.com.br\/es\/treinamentos\/\" \/>\n<meta property=\"og:locale\" content=\"es_ES\" \/>\n<meta property=\"og:type\" content=\"article\" \/>\n<meta property=\"og:title\" content=\"Treinamentos\" \/>\n<meta property=\"og:description\" content=\"Treinamentos Como os treinamentos da E-Dialog podem ajudar sua empresa? Sua empresa Seus colaboradores A Internet Com os treinamentos da E-Dialog, seus\" \/>\n<meta property=\"og:url\" content=\"https:\/\/www.edialog.com.br\/es\/treinamentos\/\" \/>\n<meta property=\"og:site_name\" content=\"Ag\u00eancia de Inbound Marketing | E-Dialog\" \/>\n<meta property=\"article:publisher\" content=\"https:\/\/facebook.com\/edialogcomunicacao\" \/>\n<meta property=\"article:modified_time\" content=\"2023-08-17T20:38:49+00:00\" \/>\n<meta property=\"og:image\" content=\"https:\/\/www.edialog.com.br\/wp-content\/uploads\/2021\/09\/edialog-logo-case.png\" \/>\n\t<meta property=\"og:image:width\" content=\"810\" \/>\n\t<meta property=\"og:image:height\" content=\"450\" \/>\n\t<meta property=\"og:image:type\" content=\"image\/png\" \/>\n<meta name=\"twitter:label1\" content=\"Tiempo de lectura\" \/>\n\t<meta name=\"twitter:data1\" content=\"1 minuto\" \/>\n<script type=\"application\/ld+json\" class=\"yoast-schema-graph\">{\"@context\":\"https:\\\/\\\/schema.org\",\"@graph\":[{\"@type\":\"WebPage\",\"@id\":\"https:\\\/\\\/www.edialog.com.br\\\/treinamentos\\\/\",\"url\":\"https:\\\/\\\/www.edialog.com.br\\\/treinamentos\\\/\",\"name\":\"Treinamentos | E-Dialog\",\"isPartOf\":{\"@id\":\"https:\\\/\\\/www.edialog.com.br\\\/#website\"},\"datePublished\":\"2013-09-13T13:00:44+00:00\",\"dateModified\":\"2023-08-17T20:38:49+00:00\",\"description\":\"Treinamentos Como os treinamentos da E-Dialog podem ajudar sua empresa? Sua empresa Seus colaboradores A Internet Com os treinamentos da E-Dialog, seus\",\"breadcrumb\":{\"@id\":\"https:\\\/\\\/www.edialog.com.br\\\/treinamentos\\\/#breadcrumb\"},\"inLanguage\":\"es\",\"potentialAction\":[{\"@type\":\"ReadAction\",\"target\":[\"https:\\\/\\\/www.edialog.com.br\\\/treinamentos\\\/\"]}]},{\"@type\":\"BreadcrumbList\",\"@id\":\"https:\\\/\\\/www.edialog.com.br\\\/treinamentos\\\/#breadcrumb\",\"itemListElement\":[{\"@type\":\"ListItem\",\"position\":1,\"name\":\"Home\",\"item\":\"https:\\\/\\\/www.edialog.com.br\\\/\"},{\"@type\":\"ListItem\",\"position\":2,\"name\":\"Treinamentos\"}]},{\"@type\":\"WebSite\",\"@id\":\"https:\\\/\\\/www.edialog.com.br\\\/#website\",\"url\":\"https:\\\/\\\/www.edialog.com.br\\\/\",\"name\":\"Ag\u00eancia de Inbound Marketing | E-Dialog\",\"description\":\"Ag\u00eancia de Inbound Marketing premiada com solu\u00e7\u00f5es completas para o seu neg\u00f3cio. Atraia leads, com conte\u00fados \u00fanicos e envolventes. Solicite or\u00e7amento!\",\"publisher\":{\"@id\":\"https:\\\/\\\/www.edialog.com.br\\\/#organization\"},\"potentialAction\":[{\"@type\":\"SearchAction\",\"target\":{\"@type\":\"EntryPoint\",\"urlTemplate\":\"https:\\\/\\\/www.edialog.com.br\\\/?s={search_term_string}\"},\"query-input\":{\"@type\":\"PropertyValueSpecification\",\"valueRequired\":true,\"valueName\":\"search_term_string\"}}],\"inLanguage\":\"es\"},{\"@type\":\"Organization\",\"@id\":\"https:\\\/\\\/www.edialog.com.br\\\/#organization\",\"name\":\"Ag\u00eancia de M\u00eddias Sociais e Marketing Digital | E-Dialog\",\"url\":\"https:\\\/\\\/www.edialog.com.br\\\/\",\"logo\":{\"@type\":\"ImageObject\",\"inLanguage\":\"es\",\"@id\":\"https:\\\/\\\/www.edialog.com.br\\\/#\\\/schema\\\/logo\\\/image\\\/\",\"url\":\"https:\\\/\\\/www.edialog.com.br\\\/wp-content\\\/uploads\\\/2021\\\/09\\\/edialog-logo-case.png\",\"contentUrl\":\"https:\\\/\\\/www.edialog.com.br\\\/wp-content\\\/uploads\\\/2021\\\/09\\\/edialog-logo-case.png\",\"width\":810,\"height\":450,\"caption\":\"Ag\u00eancia de M\u00eddias Sociais e Marketing Digital | E-Dialog\"},\"image\":{\"@id\":\"https:\\\/\\\/www.edialog.com.br\\\/#\\\/schema\\\/logo\\\/image\\\/\"},\"sameAs\":[\"https:\\\/\\\/facebook.com\\\/edialogcomunicacao\",\"https:\\\/\\\/x.com\\\/edialog_br\",\"https:\\\/\\\/www.instagram.com\\\/edialog_br\",\"https:\\\/\\\/www.linkedin.com\\\/company\\\/e-dialog-comunica-o-digital\",\"https:\\\/\\\/www.youtube.com\\\/channel\\\/UCPiVQ_yVlcCqWS2sRzJZj7g\"]}]}<\/script>\n<!-- \/ Yoast SEO Premium plugin. -->","yoast_head_json":{"title":"Treinamentos | E-Dialog","description":"Treinamentos Como os treinamentos da E-Dialog podem ajudar sua empresa? Sua empresa Seus colaboradores A Internet Com os treinamentos da E-Dialog, seus","robots":{"index":"index","follow":"follow","max-snippet":"max-snippet:-1","max-image-preview":"max-image-preview:large","max-video-preview":"max-video-preview:-1"},"canonical":"https:\/\/www.edialog.com.br\/es\/treinamentos\/","og_locale":"es_ES","og_type":"article","og_title":"Treinamentos","og_description":"Treinamentos Como os treinamentos da E-Dialog podem ajudar sua empresa? Sua empresa Seus colaboradores A Internet Com os treinamentos da E-Dialog, seus","og_url":"https:\/\/www.edialog.com.br\/es\/treinamentos\/","og_site_name":"Ag\u00eancia de Inbound Marketing | E-Dialog","article_publisher":"https:\/\/facebook.com\/edialogcomunicacao","article_modified_time":"2023-08-17T20:38:49+00:00","og_image":[{"width":810,"height":450,"url":"https:\/\/www.edialog.com.br\/wp-content\/uploads\/2021\/09\/edialog-logo-case.png","type":"image\/png"}],"twitter_misc":{"Tiempo de lectura":"1 minuto"},"schema":{"@context":"https:\/\/schema.org","@graph":[{"@type":"WebPage","@id":"https:\/\/www.edialog.com.br\/treinamentos\/","url":"https:\/\/www.edialog.com.br\/treinamentos\/","name":"Treinamentos | E-Dialog","isPartOf":{"@id":"https:\/\/www.edialog.com.br\/#website"},"datePublished":"2013-09-13T13:00:44+00:00","dateModified":"2023-08-17T20:38:49+00:00","description":"Treinamentos Como os treinamentos da E-Dialog podem ajudar sua empresa? Sua empresa Seus colaboradores A Internet Com os treinamentos da E-Dialog, seus","breadcrumb":{"@id":"https:\/\/www.edialog.com.br\/treinamentos\/#breadcrumb"},"inLanguage":"es","potentialAction":[{"@type":"ReadAction","target":["https:\/\/www.edialog.com.br\/treinamentos\/"]}]},{"@type":"BreadcrumbList","@id":"https:\/\/www.edialog.com.br\/treinamentos\/#breadcrumb","itemListElement":[{"@type":"ListItem","position":1,"name":"Home","item":"https:\/\/www.edialog.com.br\/"},{"@type":"ListItem","position":2,"name":"Treinamentos"}]},{"@type":"WebSite","@id":"https:\/\/www.edialog.com.br\/#website","url":"https:\/\/www.edialog.com.br\/","name":"Agencia de marketing entrante | E-Dialog","description":"Ag\u00eancia de Inbound Marketing premiada com solu\u00e7\u00f5es completas para o seu neg\u00f3cio. Atraia leads, com conte\u00fados \u00fanicos e envolventes. Solicite or\u00e7amento!","publisher":{"@id":"https:\/\/www.edialog.com.br\/#organization"},"potentialAction":[{"@type":"SearchAction","target":{"@type":"EntryPoint","urlTemplate":"https:\/\/www.edialog.com.br\/?s={search_term_string}"},"query-input":{"@type":"PropertyValueSpecification","valueRequired":true,"valueName":"search_term_string"}}],"inLanguage":"es"},{"@type":"Organization","@id":"https:\/\/www.edialog.com.br\/#organization","name":"Ag\u00eancia de M\u00eddias Sociais e Marketing Digital | E-Dialog","url":"https:\/\/www.edialog.com.br\/","logo":{"@type":"ImageObject","inLanguage":"es","@id":"https:\/\/www.edialog.com.br\/#\/schema\/logo\/image\/","url":"https:\/\/www.edialog.com.br\/wp-content\/uploads\/2021\/09\/edialog-logo-case.png","contentUrl":"https:\/\/www.edialog.com.br\/wp-content\/uploads\/2021\/09\/edialog-logo-case.png","width":810,"height":450,"caption":"Ag\u00eancia de M\u00eddias Sociais e Marketing Digital | E-Dialog"},"image":{"@id":"https:\/\/www.edialog.com.br\/#\/schema\/logo\/image\/"},"sameAs":["https:\/\/facebook.com\/edialogcomunicacao","https:\/\/x.com\/edialog_br","https:\/\/www.instagram.com\/edialog_br","https:\/\/www.linkedin.com\/company\/e-dialog-comunica-o-digital","https:\/\/www.youtube.com\/channel\/UCPiVQ_yVlcCqWS2sRzJZj7g"]}]}},"_links":{"self":[{"href":"https:\/\/www.edialog.com.br\/es\/wp-json\/wp\/v2\/pages\/4334","targetHints":{"allow":["GET"]}}],"collection":[{"href":"https:\/\/www.edialog.com.br\/es\/wp-json\/wp\/v2\/pages"}],"about":[{"href":"https:\/\/www.edialog.com.br\/es\/wp-json\/wp\/v2\/types\/page"}],"author":[{"embeddable":true,"href":"https:\/\/www.edialog.com.br\/es\/wp-json\/wp\/v2\/users\/1"}],"replies":[{"embeddable":true,"href":"https:\/\/www.edialog.com.br\/es\/wp-json\/wp\/v2\/comments?post=4334"}],"version-history":[{"count":0,"href":"https:\/\/www.edialog.com.br\/es\/wp-json\/wp\/v2\/pages\/4334\/revisions"}],"wp:attachment":[{"href":"https:\/\/www.edialog.com.br\/es\/wp-json\/wp\/v2\/media?parent=4334"}],"curies":[{"name":"wp","href":"https:\/\/api.w.org\/{rel}","templated":true}]}}