{"id":4279,"date":"2013-09-05T17:22:56","date_gmt":"2013-09-05T20:22:56","guid":{"rendered":"https:\/\/www.edialog.com.br\/?page_id=4279"},"modified":"2023-08-17T17:21:28","modified_gmt":"2023-08-17T20:21:28","slug":"promocao-2","status":"publish","type":"page","link":"https:\/\/www.edialog.com.br\/es\/promocao-2\/","title":{"rendered":"Promoci\u00f3n"},"content":{"rendered":"<div data-elementor-type=\"wp-page\" data-elementor-id=\"4279\" class=\"elementor elementor-4279\" data-elementor-post-type=\"page\">\n\t\t\t\t<div class=\"elementor-element elementor-element-e53b4d8 e-flex e-con-boxed e-con e-parent\" data-id=\"e53b4d8\" data-element_type=\"container\" data-settings=\"{&quot;_ha_eqh_enable&quot;:false}\">\n\t\t\t\t\t<div class=\"e-con-inner\">\n\t\t\t\t<div class=\"elementor-element elementor-element-b166676 elementor-widget elementor-widget-heading\" data-id=\"b166676\" data-element_type=\"widget\" data-widget_type=\"heading.default\">\n\t\t\t\t<div class=\"elementor-widget-container\">\n\t\t\t\t\t<h1 class=\"elementor-heading-title elementor-size-default\">UCI Kinoplex Juiz de Fora<\/h1>\t\t\t\t<\/div>\n\t\t\t\t<\/div>\n\t\t\t\t<div class=\"elementor-element elementor-element-d4a8210 elementor-widget elementor-widget-heading\" data-id=\"d4a8210\" data-element_type=\"widget\" data-widget_type=\"heading.default\">\n\t\t\t\t<div class=\"elementor-widget-container\">\n\t\t\t\t\t<h2 class=\"elementor-heading-title elementor-size-default\">Promoci\u00f3n<\/h2>\t\t\t\t<\/div>\n\t\t\t\t<\/div>\n\t\t\t\t<div class=\"elementor-element elementor-element-e56cc30 elementor-hidden-tablet elementor-hidden-phone elementor-widget elementor-widget-spacer\" data-id=\"e56cc30\" data-element_type=\"widget\" data-widget_type=\"spacer.default\">\n\t\t\t\t<div class=\"elementor-widget-container\">\n\t\t\t\t\t\t\t<div class=\"elementor-spacer\">\n\t\t\t<div class=\"elementor-spacer-inner\"><\/div>\n\t\t<\/div>\n\t\t\t\t\t\t<\/div>\n\t\t\t\t<\/div>\n\t\t\t\t\t<\/div>\n\t\t\t\t<\/div>\n\t\t<div class=\"elementor-element elementor-element-90141f0 e-flex e-con-boxed e-con e-parent\" data-id=\"90141f0\" data-element_type=\"container\" data-settings=\"{&quot;_ha_eqh_enable&quot;:false}\">\n\t\t\t\t\t<div class=\"e-con-inner\">\n\t\t\t\t<div class=\"elementor-element elementor-element-b37b13a elementor-widget elementor-widget-html\" data-id=\"b37b13a\" data-element_type=\"widget\" data-widget_type=\"html.default\">\n\t\t\t\t<div class=\"elementor-widget-container\">\n\t\t\t\t\t<!-- Begin MailChimp Signup Form -->\n\n\t<link href=\"\/\/cdn-images.mailchimp.com\/embedcode\/slim-081711.css\" rel=\"stylesheet\" type=\"text\/css\" \/>\n\n<style type=\"text\/css\"><!--\n#mc_embed_signup{background:#fff; clear:left; font:14px Helvetica,Arial,sans-serif;  width:100%;}\n\/* Add your own MailChimp form style overrides in your site stylesheet or in this style block.\nWe recommend moving this block and the preceding CSS link to the HEAD of your HTML file. *\/\n--><\/style>\n<div id=\"mc_embed_signup\"><form class=\"validate\" id=\"mc-embedded-subscribe-form\" action=\"http:\/\/edialog.us7.list-manage.com\/subscribe\/post?u=d0ae6b674347c6cf59bf89279&amp;id=0ca1ee75b6\" method=\"post\" name=\"mc-embedded-subscribe-form\" novalidate=\"\" target=\"_blank\"><label for=\"mce-EMAIL\">Cadastre-se abaixo na Newsletter da E-Dialog e concorra a 2 cortesias para o UCI Kinoplex em Juiz de Fora. Resultado no dia 16 de agosto.<\/label>\n<input class=\"email\" id=\"mce-EMAIL\" type=\"email\" name=\"EMAIL\" placeholder=\"email address\" required=\"\" value=\"\" \/>\n<div class=\"clear\"><input class=\"button\" id=\"mc-embedded-subscribe\" type=\"submit\" name=\"subscribe\" value=\"Subscribe\" \/><\/div>\n<\/form><\/div>\n<!--End mc_embed_signup-->\t\t\t\t<\/div>\n\t\t\t\t<\/div>\n\t\t\t\t\t<\/div>\n\t\t\t\t<\/div>\n\t\t\t\t<\/div>","protected":false},"excerpt":{"rendered":"<p>UCI Kinoplex Juiz de Fora Promo\u00e7\u00e3o Cadastre-se abaixo na Newsletter da E-Dialog e concorra a 2 cortesias para o UCI Kinoplex em Juiz de Fora. Resultado no dia 16 de agosto.<\/p>","protected":false},"author":1,"featured_media":0,"parent":0,"menu_order":0,"comment_status":"closed","ping_status":"open","template":"","meta":{"_acf_changed":false,"content-type":"","footnotes":""},"class_list":["post-4279","page","type-page","status-publish","hentry"],"acf":[],"yoast_head":"<!-- This site is optimized with the Yoast SEO Premium plugin v27.5 (Yoast SEO v27.5) - https:\/\/yoast.com\/product\/yoast-seo-premium-wordpress\/ -->\n<title>Promo\u00e7\u00e3o | E-Dialog<\/title>\n<meta name=\"description\" content=\"UCI Kinoplex Juiz de Fora Promo\u00e7\u00e3o Cadastre-se abaixo na Newsletter da E-Dialog e concorra a 2 cortesias para o UCI Kinoplex em Juiz de Fora. Resultado no\" \/>\n<meta name=\"robots\" content=\"index, follow, max-snippet:-1, max-image-preview:large, max-video-preview:-1\" \/>\n<link rel=\"canonical\" href=\"https:\/\/www.edialog.com.br\/es\/promocao-2\/\" \/>\n<meta property=\"og:locale\" content=\"es_ES\" \/>\n<meta property=\"og:type\" content=\"article\" \/>\n<meta property=\"og:title\" content=\"Promo\u00e7\u00e3o\" \/>\n<meta property=\"og:description\" content=\"UCI Kinoplex Juiz de Fora Promo\u00e7\u00e3o Cadastre-se abaixo na Newsletter da E-Dialog e concorra a 2 cortesias para o UCI Kinoplex em Juiz de Fora. Resultado no\" \/>\n<meta property=\"og:url\" content=\"https:\/\/www.edialog.com.br\/es\/promocao-2\/\" \/>\n<meta property=\"og:site_name\" content=\"Ag\u00eancia de Inbound Marketing | E-Dialog\" \/>\n<meta property=\"article:publisher\" content=\"https:\/\/facebook.com\/edialogcomunicacao\" \/>\n<meta property=\"article:modified_time\" content=\"2023-08-17T20:21:28+00:00\" \/>\n<meta property=\"og:image\" content=\"https:\/\/www.edialog.com.br\/wp-content\/uploads\/2021\/09\/edialog-logo-case.png\" \/>\n\t<meta property=\"og:image:width\" content=\"810\" \/>\n\t<meta property=\"og:image:height\" content=\"450\" \/>\n\t<meta property=\"og:image:type\" content=\"image\/png\" \/>\n<meta name=\"twitter:label1\" content=\"Tiempo de lectura\" \/>\n\t<meta name=\"twitter:data1\" content=\"1 minuto\" \/>\n<script type=\"application\/ld+json\" class=\"yoast-schema-graph\">{\"@context\":\"https:\\\/\\\/schema.org\",\"@graph\":[{\"@type\":\"WebPage\",\"@id\":\"https:\\\/\\\/www.edialog.com.br\\\/promocao-2\\\/\",\"url\":\"https:\\\/\\\/www.edialog.com.br\\\/promocao-2\\\/\",\"name\":\"Promo\u00e7\u00e3o | E-Dialog\",\"isPartOf\":{\"@id\":\"https:\\\/\\\/www.edialog.com.br\\\/#website\"},\"datePublished\":\"2013-09-05T20:22:56+00:00\",\"dateModified\":\"2023-08-17T20:21:28+00:00\",\"description\":\"UCI Kinoplex Juiz de Fora Promo\u00e7\u00e3o Cadastre-se abaixo na Newsletter da E-Dialog e concorra a 2 cortesias para o UCI Kinoplex em Juiz de Fora. Resultado no\",\"breadcrumb\":{\"@id\":\"https:\\\/\\\/www.edialog.com.br\\\/promocao-2\\\/#breadcrumb\"},\"inLanguage\":\"es\",\"potentialAction\":[{\"@type\":\"ReadAction\",\"target\":[\"https:\\\/\\\/www.edialog.com.br\\\/promocao-2\\\/\"]}]},{\"@type\":\"BreadcrumbList\",\"@id\":\"https:\\\/\\\/www.edialog.com.br\\\/promocao-2\\\/#breadcrumb\",\"itemListElement\":[{\"@type\":\"ListItem\",\"position\":1,\"name\":\"Home\",\"item\":\"https:\\\/\\\/www.edialog.com.br\\\/\"},{\"@type\":\"ListItem\",\"position\":2,\"name\":\"Promo\u00e7\u00e3o\"}]},{\"@type\":\"WebSite\",\"@id\":\"https:\\\/\\\/www.edialog.com.br\\\/#website\",\"url\":\"https:\\\/\\\/www.edialog.com.br\\\/\",\"name\":\"Ag\u00eancia de Inbound Marketing | E-Dialog\",\"description\":\"Ag\u00eancia de Inbound Marketing premiada com solu\u00e7\u00f5es completas para o seu neg\u00f3cio. Atraia leads, com conte\u00fados \u00fanicos e envolventes. Solicite or\u00e7amento!\",\"publisher\":{\"@id\":\"https:\\\/\\\/www.edialog.com.br\\\/#organization\"},\"potentialAction\":[{\"@type\":\"SearchAction\",\"target\":{\"@type\":\"EntryPoint\",\"urlTemplate\":\"https:\\\/\\\/www.edialog.com.br\\\/?s={search_term_string}\"},\"query-input\":{\"@type\":\"PropertyValueSpecification\",\"valueRequired\":true,\"valueName\":\"search_term_string\"}}],\"inLanguage\":\"es\"},{\"@type\":\"Organization\",\"@id\":\"https:\\\/\\\/www.edialog.com.br\\\/#organization\",\"name\":\"Ag\u00eancia de M\u00eddias Sociais e Marketing Digital | E-Dialog\",\"url\":\"https:\\\/\\\/www.edialog.com.br\\\/\",\"logo\":{\"@type\":\"ImageObject\",\"inLanguage\":\"es\",\"@id\":\"https:\\\/\\\/www.edialog.com.br\\\/#\\\/schema\\\/logo\\\/image\\\/\",\"url\":\"https:\\\/\\\/www.edialog.com.br\\\/wp-content\\\/uploads\\\/2021\\\/09\\\/edialog-logo-case.png\",\"contentUrl\":\"https:\\\/\\\/www.edialog.com.br\\\/wp-content\\\/uploads\\\/2021\\\/09\\\/edialog-logo-case.png\",\"width\":810,\"height\":450,\"caption\":\"Ag\u00eancia de M\u00eddias Sociais e Marketing Digital | E-Dialog\"},\"image\":{\"@id\":\"https:\\\/\\\/www.edialog.com.br\\\/#\\\/schema\\\/logo\\\/image\\\/\"},\"sameAs\":[\"https:\\\/\\\/facebook.com\\\/edialogcomunicacao\",\"https:\\\/\\\/x.com\\\/edialog_br\",\"https:\\\/\\\/www.instagram.com\\\/edialog_br\",\"https:\\\/\\\/www.linkedin.com\\\/company\\\/e-dialog-comunica-o-digital\",\"https:\\\/\\\/www.youtube.com\\\/channel\\\/UCPiVQ_yVlcCqWS2sRzJZj7g\"]}]}<\/script>\n<!-- \/ Yoast SEO Premium plugin. -->","yoast_head_json":{"title":"Promo\u00e7\u00e3o | E-Dialog","description":"UCI Kinoplex Juiz de Fora Promo\u00e7\u00e3o Cadastre-se abaixo na Newsletter da E-Dialog e concorra a 2 cortesias para o UCI Kinoplex em Juiz de Fora. Resultado no","robots":{"index":"index","follow":"follow","max-snippet":"max-snippet:-1","max-image-preview":"max-image-preview:large","max-video-preview":"max-video-preview:-1"},"canonical":"https:\/\/www.edialog.com.br\/es\/promocao-2\/","og_locale":"es_ES","og_type":"article","og_title":"Promo\u00e7\u00e3o","og_description":"UCI Kinoplex Juiz de Fora Promo\u00e7\u00e3o Cadastre-se abaixo na Newsletter da E-Dialog e concorra a 2 cortesias para o UCI Kinoplex em Juiz de Fora. Resultado no","og_url":"https:\/\/www.edialog.com.br\/es\/promocao-2\/","og_site_name":"Ag\u00eancia de Inbound Marketing | E-Dialog","article_publisher":"https:\/\/facebook.com\/edialogcomunicacao","article_modified_time":"2023-08-17T20:21:28+00:00","og_image":[{"width":810,"height":450,"url":"https:\/\/www.edialog.com.br\/wp-content\/uploads\/2021\/09\/edialog-logo-case.png","type":"image\/png"}],"twitter_misc":{"Tiempo de lectura":"1 minuto"},"schema":{"@context":"https:\/\/schema.org","@graph":[{"@type":"WebPage","@id":"https:\/\/www.edialog.com.br\/promocao-2\/","url":"https:\/\/www.edialog.com.br\/promocao-2\/","name":"Promo\u00e7\u00e3o | E-Dialog","isPartOf":{"@id":"https:\/\/www.edialog.com.br\/#website"},"datePublished":"2013-09-05T20:22:56+00:00","dateModified":"2023-08-17T20:21:28+00:00","description":"UCI Kinoplex Juiz de Fora Promo\u00e7\u00e3o Cadastre-se abaixo na Newsletter da E-Dialog e concorra a 2 cortesias para o UCI Kinoplex em Juiz de Fora. Resultado no","breadcrumb":{"@id":"https:\/\/www.edialog.com.br\/promocao-2\/#breadcrumb"},"inLanguage":"es","potentialAction":[{"@type":"ReadAction","target":["https:\/\/www.edialog.com.br\/promocao-2\/"]}]},{"@type":"BreadcrumbList","@id":"https:\/\/www.edialog.com.br\/promocao-2\/#breadcrumb","itemListElement":[{"@type":"ListItem","position":1,"name":"Home","item":"https:\/\/www.edialog.com.br\/"},{"@type":"ListItem","position":2,"name":"Promo\u00e7\u00e3o"}]},{"@type":"WebSite","@id":"https:\/\/www.edialog.com.br\/#website","url":"https:\/\/www.edialog.com.br\/","name":"Agencia de marketing entrante | E-Dialog","description":"Ag\u00eancia de Inbound Marketing premiada com solu\u00e7\u00f5es completas para o seu neg\u00f3cio. Atraia leads, com conte\u00fados \u00fanicos e envolventes. Solicite or\u00e7amento!","publisher":{"@id":"https:\/\/www.edialog.com.br\/#organization"},"potentialAction":[{"@type":"SearchAction","target":{"@type":"EntryPoint","urlTemplate":"https:\/\/www.edialog.com.br\/?s={search_term_string}"},"query-input":{"@type":"PropertyValueSpecification","valueRequired":true,"valueName":"search_term_string"}}],"inLanguage":"es"},{"@type":"Organization","@id":"https:\/\/www.edialog.com.br\/#organization","name":"Ag\u00eancia de M\u00eddias Sociais e Marketing Digital | E-Dialog","url":"https:\/\/www.edialog.com.br\/","logo":{"@type":"ImageObject","inLanguage":"es","@id":"https:\/\/www.edialog.com.br\/#\/schema\/logo\/image\/","url":"https:\/\/www.edialog.com.br\/wp-content\/uploads\/2021\/09\/edialog-logo-case.png","contentUrl":"https:\/\/www.edialog.com.br\/wp-content\/uploads\/2021\/09\/edialog-logo-case.png","width":810,"height":450,"caption":"Ag\u00eancia de M\u00eddias Sociais e Marketing Digital | E-Dialog"},"image":{"@id":"https:\/\/www.edialog.com.br\/#\/schema\/logo\/image\/"},"sameAs":["https:\/\/facebook.com\/edialogcomunicacao","https:\/\/x.com\/edialog_br","https:\/\/www.instagram.com\/edialog_br","https:\/\/www.linkedin.com\/company\/e-dialog-comunica-o-digital","https:\/\/www.youtube.com\/channel\/UCPiVQ_yVlcCqWS2sRzJZj7g"]}]}},"_links":{"self":[{"href":"https:\/\/www.edialog.com.br\/es\/wp-json\/wp\/v2\/pages\/4279","targetHints":{"allow":["GET"]}}],"collection":[{"href":"https:\/\/www.edialog.com.br\/es\/wp-json\/wp\/v2\/pages"}],"about":[{"href":"https:\/\/www.edialog.com.br\/es\/wp-json\/wp\/v2\/types\/page"}],"author":[{"embeddable":true,"href":"https:\/\/www.edialog.com.br\/es\/wp-json\/wp\/v2\/users\/1"}],"replies":[{"embeddable":true,"href":"https:\/\/www.edialog.com.br\/es\/wp-json\/wp\/v2\/comments?post=4279"}],"version-history":[{"count":0,"href":"https:\/\/www.edialog.com.br\/es\/wp-json\/wp\/v2\/pages\/4279\/revisions"}],"wp:attachment":[{"href":"https:\/\/www.edialog.com.br\/es\/wp-json\/wp\/v2\/media?parent=4279"}],"curies":[{"name":"wp","href":"https:\/\/api.w.org\/{rel}","templated":true}]}}