{"id":3138,"date":"2013-01-14T14:09:03","date_gmt":"2013-01-14T17:09:03","guid":{"rendered":"https:\/\/www.edialog.com.br\/?page_id=3138"},"modified":"2025-01-28T13:07:16","modified_gmt":"2025-01-28T16:07:16","slug":"anuncios-google-facebook","status":"publish","type":"page","link":"https:\/\/www.edialog.com.br\/es\/anuncios-google-facebook\/","title":{"rendered":"An\u00fancios Google e Facebook"},"content":{"rendered":"<div data-elementor-type=\"wp-page\" data-elementor-id=\"3138\" class=\"elementor elementor-3138\" data-elementor-post-type=\"page\">\n\t\t\t\t<div class=\"elementor-element elementor-element-23ec231 e-flex e-con-boxed e-con e-parent\" data-id=\"23ec231\" data-element_type=\"container\" data-settings=\"{&quot;background_background&quot;:&quot;classic&quot;,&quot;_ha_eqh_enable&quot;:false}\">\n\t\t\t\t\t<div class=\"e-con-inner\">\n\t\t\t\t<div class=\"elementor-element elementor-element-43ade0b elementor-widget elementor-widget-heading\" data-id=\"43ade0b\" data-element_type=\"widget\" data-widget_type=\"heading.default\">\n\t\t\t\t<div class=\"elementor-widget-container\">\n\t\t\t\t\t<h1 class=\"elementor-heading-title elementor-size-default\">An\u00fancios Google e Facebook<\/h1>\t\t\t\t<\/div>\n\t\t\t\t<\/div>\n\t\t\t\t\t<\/div>\n\t\t\t\t<\/div>\n\t\t<div class=\"elementor-element elementor-element-efb16c9 e-flex e-con-boxed e-con e-parent\" data-id=\"efb16c9\" data-element_type=\"container\" data-settings=\"{&quot;_ha_eqh_enable&quot;:false}\">\n\t\t\t\t\t<div class=\"e-con-inner\">\n\t\t<div class=\"elementor-element elementor-element-f876a70 e-con-full e-flex e-con e-parent\" data-id=\"f876a70\" data-element_type=\"container\" data-settings=\"{&quot;background_background&quot;:&quot;classic&quot;,&quot;_ha_eqh_enable&quot;:false}\">\n\t\t\t\t<div class=\"elementor-element elementor-element-0adada3 elementor-view-default elementor-position-top elementor-mobile-position-top elementor-widget elementor-widget-icon-box\" data-id=\"0adada3\" data-element_type=\"widget\" data-widget_type=\"icon-box.default\">\n\t\t\t\t<div class=\"elementor-widget-container\">\n\t\t\t\t\t\t\t<div class=\"elementor-icon-box-wrapper\">\n\n\t\t\t\t\t\t<div class=\"elementor-icon-box-icon\">\n\t\t\t\t<span  class=\"elementor-icon\">\n\t\t\t\t<i aria-hidden=\"true\" class=\"far fa-edit\"><\/i>\t\t\t\t<\/span>\n\t\t\t<\/div>\n\t\t\t\n\t\t\t\t\t\t<div class=\"elementor-icon-box-content\">\n\n\t\t\t\t\t\t\t\t\t<h3 class=\"elementor-icon-box-title\">\n\t\t\t\t\t\t<span  >\n\t\t\t\t\t\t\tGoogle Adwords\t\t\t\t\t\t<\/span>\n\t\t\t\t\t<\/h3>\n\t\t\t\t\n\t\t\t\t\t\t\t\t\t<p class=\"elementor-icon-box-description\">\n\t\t\t\t\t\tA E-Dialog \u00e9 ag\u00eancia especializada em Google Adwords. Ao longo de 5 anos, a ag\u00eancia j\u00e1 cuidou de contas nos mais diversos segmentos \u2013 entre em contato e conhe\u00e7a nossos cases.\n\t\t\t\t\t<\/p>\n\t\t\t\t\n\t\t\t<\/div>\n\t\t\t\n\t\t<\/div>\n\t\t\t\t\t\t<\/div>\n\t\t\t\t<\/div>\n\t\t\t\t<\/div>\n\t\t<div class=\"elementor-element elementor-element-3759dd8 e-con-full e-flex e-con e-parent\" data-id=\"3759dd8\" data-element_type=\"container\" data-settings=\"{&quot;background_background&quot;:&quot;classic&quot;,&quot;_ha_eqh_enable&quot;:false}\">\n\t\t\t\t<div class=\"elementor-element elementor-element-244d3e3 elementor-view-default elementor-position-top elementor-mobile-position-top elementor-widget elementor-widget-icon-box\" data-id=\"244d3e3\" data-element_type=\"widget\" data-widget_type=\"icon-box.default\">\n\t\t\t\t<div class=\"elementor-widget-container\">\n\t\t\t\t\t\t\t<div class=\"elementor-icon-box-wrapper\">\n\n\t\t\t\t\t\t<div class=\"elementor-icon-box-icon\">\n\t\t\t\t<span  class=\"elementor-icon\">\n\t\t\t\t<i aria-hidden=\"true\" class=\"fab fa-facebook-square\"><\/i>\t\t\t\t<\/span>\n\t\t\t<\/div>\n\t\t\t\n\t\t\t\t\t\t<div class=\"elementor-icon-box-content\">\n\n\t\t\t\t\t\t\t\t\t<h3 class=\"elementor-icon-box-title\">\n\t\t\t\t\t\t<span  >\n\t\t\t\t\t\t\tAnuncios en Facebook\t\t\t\t\t\t<\/span>\n\t\t\t\t\t<\/h3>\n\t\t\t\t\n\t\t\t\t\t\t\t\t\t<p class=\"elementor-icon-box-description\">\n\t\t\t\t\t\tCriamos campanhas personalizadas tamb\u00e9m para o Facebook Ads, a plataforma de an\u00fancios da rede social. Mais de 100 contas atendidas.\t\t\t\t\t<\/p>\n\t\t\t\t\n\t\t\t<\/div>\n\t\t\t\n\t\t<\/div>\n\t\t\t\t\t\t<\/div>\n\t\t\t\t<\/div>\n\t\t\t\t<\/div>\n\t\t<div class=\"elementor-element elementor-element-dda43d9 e-con-full e-flex e-con e-parent\" data-id=\"dda43d9\" data-element_type=\"container\" data-settings=\"{&quot;background_background&quot;:&quot;classic&quot;,&quot;_ha_eqh_enable&quot;:false}\">\n\t\t\t\t<div class=\"elementor-element elementor-element-47f2537 elementor-view-default elementor-position-top elementor-mobile-position-top elementor-widget elementor-widget-icon-box\" data-id=\"47f2537\" data-element_type=\"widget\" data-widget_type=\"icon-box.default\">\n\t\t\t\t<div class=\"elementor-widget-container\">\n\t\t\t\t\t\t\t<div class=\"elementor-icon-box-wrapper\">\n\n\t\t\t\t\t\t<div class=\"elementor-icon-box-icon\">\n\t\t\t\t<span  class=\"elementor-icon\">\n\t\t\t\t<i aria-hidden=\"true\" class=\"fas fa-bullseye\"><\/i>\t\t\t\t<\/span>\n\t\t\t<\/div>\n\t\t\t\n\t\t\t\t\t\t<div class=\"elementor-icon-box-content\">\n\n\t\t\t\t\t\t\t\t\t<h3 class=\"elementor-icon-box-title\">\n\t\t\t\t\t\t<span  >\n\t\t\t\t\t\t\tOtimiza\u00e7\u00e3o - SEO\t\t\t\t\t\t<\/span>\n\t\t\t\t\t<\/h3>\n\t\t\t\t\n\t\t\t\t\t\t\t\t\t<p class=\"elementor-icon-box-description\">\n\t\t\t\t\t\tOtimiza\u00e7\u00e3o di\u00e1ria de p\u00e1ginas para posicionamento no Google (SEO). Voc\u00ea escolhe a melhor maneira de acompanhar os resultados e as palavras-chave mais importantes.\n\n\t\t\t\t\t<\/p>\n\t\t\t\t\n\t\t\t<\/div>\n\t\t\t\n\t\t<\/div>\n\t\t\t\t\t\t<\/div>\n\t\t\t\t<\/div>\n\t\t\t\t<\/div>\n\t\t\t\t\t<\/div>\n\t\t\t\t<\/div>\n\t\t<div class=\"elementor-element elementor-element-56de10c e-flex e-con-boxed e-con e-parent\" data-id=\"56de10c\" data-element_type=\"container\" data-settings=\"{&quot;_ha_eqh_enable&quot;:false}\">\n\t\t\t\t\t<div class=\"e-con-inner\">\n\t\t\t\t<div class=\"elementor-element elementor-element-7ec12c8 elementor-widget elementor-widget-heading\" data-id=\"7ec12c8\" data-element_type=\"widget\" data-widget_type=\"heading.default\">\n\t\t\t\t<div class=\"elementor-widget-container\">\n\t\t\t\t\t<h2 class=\"elementor-heading-title elementor-size-default\">Cases<\/h2>\t\t\t\t<\/div>\n\t\t\t\t<\/div>\n\t\t\t\t<div class=\"elementor-element elementor-element-0f5e664 ha-pg-grid-3 ha-pg-grid-tablet-2 ha-pg-grid-mobile-1 elementor-widget elementor-widget-ha-post-grid-new happy-addon ha-post-grid-new happy-addon-pro\" data-id=\"0f5e664\" data-element_type=\"widget\" data-settings=\"{&quot;columns&quot;:&quot;3&quot;,&quot;columns_tablet&quot;:&quot;2&quot;,&quot;columns_mobile&quot;:&quot;1&quot;}\" data-widget_type=\"ha-post-grid-new.default\">\n\t\t\t\t<div class=\"elementor-widget-container\">\n\t\t\t\t\t\t\t\t\t\t\t<div class=\"ha-pg-wrapper ha-pg-default ha-pg-monastic\">\n\t\t\t\t\t<div class=\"ha-pg-grid-wrap\">\n\t\t\t\t\t\n\t\t\t\t\t\t\t\t<div class=\"ha-pg-item\">\n\t\t\t<div class=\"ha-pg-monastic-top\">\n\t\t\t\t\t\t\t\t\t<div class=\"ha-pg-thumb-area\">\n\t\t\t\t\t\t<a href=\"https:\/\/www.edialog.com.br\/es\/project\/case-frames-crescimento-organico-acelerado-com-seo-estruturado\/\" class=\"ha-pg-thumb\">\n\t\t\t\t\t\t\t<img fetchpriority=\"high\" decoding=\"async\" width=\"500\" height=\"500\" src=\"https:\/\/www.edialog.com.br\/wp-content\/uploads\/2025\/12\/frames.jpg\" class=\"attachment-medium_large size-medium_large wp-post-image\" alt=\"\" srcset=\"https:\/\/www.edialog.com.br\/wp-content\/uploads\/2025\/12\/frames.jpg 500w, https:\/\/www.edialog.com.br\/wp-content\/uploads\/2025\/12\/frames-300x300.jpg 300w, https:\/\/www.edialog.com.br\/wp-content\/uploads\/2025\/12\/frames-150x150.jpg 150w, https:\/\/www.edialog.com.br\/wp-content\/uploads\/2025\/12\/frames-12x12.jpg 12w\" sizes=\"(max-width: 500px) 100vw, 500px\" \/>\t\t\t\t\t\t<\/a>\n\t\t\t\t\t<\/div>\n\t\t\t\t\t\t\t\t<div class=\"ha-pg-content-area\">\n\t\t\t\t\t\t\t\t<div class=\"ha-pg-badge\">\n\t\t\t\t<a href=\"https:\/\/www.edialog.com.br\/es\/project_category\/bens-de-consumo-varejo\/\" class=\"ha-pg-badge-taxonomy\" rel=\"tag\">Venta al por menor<\/a>\t\t\t<\/div>\n\t\t\n\t\t\t\t\t<h3 class=\"ha-pg-title\"><a href=\"https:\/\/www.edialog.com.br\/es\/project\/case-frames-crescimento-organico-acelerado-com-seo-estruturado\/\">Case Frames \u2013 Crescimento Org\u00e2nico acelerado com SEO estruturado<\/a><\/h3>\n\t\t\t\t\t\t\t\t\t<\/div>\n\t\t\t<\/div>\n\t\t\t        <\/div>\n\t\n\t\t\t\t\t\n\t\t\t\t\t\t\t\t<div class=\"ha-pg-item\">\n\t\t\t<div class=\"ha-pg-monastic-top\">\n\t\t\t\t\t\t\t\t\t<div class=\"ha-pg-thumb-area\">\n\t\t\t\t\t\t<a href=\"https:\/\/www.edialog.com.br\/es\/project\/case-universal-robots\/\" class=\"ha-pg-thumb\">\n\t\t\t\t\t\t\t<img decoding=\"async\" width=\"768\" height=\"449\" src=\"https:\/\/www.edialog.com.br\/wp-content\/uploads\/2021\/04\/Universal_Robots_Logo_in1-768x449.png\" class=\"attachment-medium_large size-medium_large wp-post-image\" alt=\"\" srcset=\"https:\/\/www.edialog.com.br\/wp-content\/uploads\/2021\/04\/Universal_Robots_Logo_in1-768x449.png 768w, https:\/\/www.edialog.com.br\/wp-content\/uploads\/2021\/04\/Universal_Robots_Logo_in1-300x175.png 300w, https:\/\/www.edialog.com.br\/wp-content\/uploads\/2021\/04\/Universal_Robots_Logo_in1-480x280.png 480w, https:\/\/www.edialog.com.br\/wp-content\/uploads\/2021\/04\/Universal_Robots_Logo_in1-700x409.png 700w, https:\/\/www.edialog.com.br\/wp-content\/uploads\/2021\/04\/Universal_Robots_Logo_in1.png 791w\" sizes=\"(max-width: 768px) 100vw, 768px\" \/>\t\t\t\t\t\t<\/a>\n\t\t\t\t\t<\/div>\n\t\t\t\t\t\t\t\t<div class=\"ha-pg-content-area\">\n\t\t\t\t\t\t\t\t<div class=\"ha-pg-badge\">\n\t\t\t\t<a href=\"https:\/\/www.edialog.com.br\/es\/project_category\/venda-b2b\/\" class=\"ha-pg-badge-taxonomy\" rel=\"tag\">B2B<\/a>\t\t\t<\/div>\n\t\t\n\t\t\t\t\t<h3 class=\"ha-pg-title\"><a href=\"https:\/\/www.edialog.com.br\/es\/project\/case-universal-robots\/\">Universal Robots: SEO hist\u00f3rico e MQLs 175% acima da meta na Am\u00e9rica Latina<\/a><\/h3>\n\t\t\t\t\t\t\t\t\t<\/div>\n\t\t\t<\/div>\n\t\t\t        <\/div>\n\t\n\t\t\t\t\t\n\t\t\t\t\t\t\t\t<div class=\"ha-pg-item\">\n\t\t\t<div class=\"ha-pg-monastic-top\">\n\t\t\t\t\t\t\t\t\t<div class=\"ha-pg-thumb-area\">\n\t\t\t\t\t\t<a href=\"https:\/\/www.edialog.com.br\/es\/project\/case-hr-premo-recuperacao-de-resultados-em-site-novo\/\" class=\"ha-pg-thumb\">\n\t\t\t\t\t\t\t<img decoding=\"async\" width=\"300\" height=\"300\" src=\"https:\/\/www.edialog.com.br\/wp-content\/uploads\/2024\/12\/HR-premo-blocos-logo.png\" class=\"attachment-medium_large size-medium_large wp-post-image\" alt=\"\" srcset=\"https:\/\/www.edialog.com.br\/wp-content\/uploads\/2024\/12\/HR-premo-blocos-logo.png 300w, https:\/\/www.edialog.com.br\/wp-content\/uploads\/2024\/12\/HR-premo-blocos-logo-150x150.png 150w\" sizes=\"(max-width: 300px) 100vw, 300px\" \/>\t\t\t\t\t\t<\/a>\n\t\t\t\t\t<\/div>\n\t\t\t\t\t\t\t\t<div class=\"ha-pg-content-area\">\n\t\t\t\t\t\t\t\t<div class=\"ha-pg-badge\">\n\t\t\t\t<a href=\"https:\/\/www.edialog.com.br\/es\/project_category\/venda-b2b\/\" class=\"ha-pg-badge-taxonomy\" rel=\"tag\">B2B<\/a>\t\t\t<\/div>\n\t\t\n\t\t\t\t\t<h3 class=\"ha-pg-title\"><a href=\"https:\/\/www.edialog.com.br\/es\/project\/case-hr-premo-recuperacao-de-resultados-em-site-novo\/\">HR Premo: +113% em convers\u00f5es ap\u00f3s migra\u00e7\u00e3o de site<\/a><\/h3>\n\t\t\t\t\t\t\t\t\t<\/div>\n\t\t\t<\/div>\n\t\t\t        <\/div>\n\t\n\t\t\t\t\t\t\t\t\t\t\t\t\t\t\t<\/div>\n\t\t\t\t\t\t\t\t\t<\/div>\n\t\t\t\t\t\t\t\t\t<\/div>\n\t\t\t\t<\/div>\n\t\t\t\t\t<\/div>\n\t\t\t\t<\/div>\n\t\t\t\t<\/div>","protected":false},"excerpt":{"rendered":"<p>An\u00fancios Google e Facebook Google Adwords A E-Dialog \u00e9 ag\u00eancia especializada em Google Adwords. Ao longo de 5 anos, a ag\u00eancia j\u00e1 cuidou de contas nos mais diversos segmentos \u2013 entre em contato e conhe\u00e7a nossos cases. Facebook Ads Criamos campanhas personalizadas tamb\u00e9m para o Facebook Ads, a plataforma de an\u00fancios da rede social. Mais [&hellip;]<\/p>\n","protected":false},"author":1,"featured_media":0,"parent":0,"menu_order":0,"comment_status":"closed","ping_status":"closed","template":"","meta":{"_acf_changed":false,"content-type":"","footnotes":""},"class_list":["post-3138","page","type-page","status-publish","hentry"],"acf":[],"yoast_head":"<!-- This site is optimized with the Yoast SEO Premium plugin v27.5 (Yoast SEO v27.5) - https:\/\/yoast.com\/product\/yoast-seo-premium-wordpress\/ -->\n<title>An\u00fancios Facebook e Google| E-Dialog<\/title>\n<meta name=\"description\" content=\"An\u00fancios no Facebook e no Google na E-Dialog. Somos uma ag\u00eancia especializada nos servi\u00e7os. Entre e solicite um or\u00e7amento!\" \/>\n<meta name=\"robots\" content=\"index, follow, max-snippet:-1, max-image-preview:large, max-video-preview:-1\" \/>\n<link rel=\"canonical\" href=\"https:\/\/www.edialog.com.br\/es\/anuncios-google-facebook\/\" \/>\n<meta property=\"og:locale\" content=\"es_ES\" \/>\n<meta property=\"og:type\" content=\"article\" \/>\n<meta property=\"og:title\" content=\"An\u00fancios Google e Facebook\" \/>\n<meta property=\"og:description\" content=\"An\u00fancios no Facebook e no Google na E-Dialog. Somos uma ag\u00eancia especializada nos servi\u00e7os. Entre e solicite um or\u00e7amento!\" \/>\n<meta property=\"og:url\" content=\"https:\/\/www.edialog.com.br\/es\/anuncios-google-facebook\/\" \/>\n<meta property=\"og:site_name\" content=\"Ag\u00eancia de Inbound Marketing | E-Dialog\" \/>\n<meta property=\"article:publisher\" content=\"https:\/\/facebook.com\/edialogcomunicacao\" \/>\n<meta property=\"article:modified_time\" content=\"2025-01-28T16:07:16+00:00\" \/>\n<meta property=\"og:image\" content=\"https:\/\/www.edialog.com.br\/wp-content\/uploads\/2021\/07\/logo-maislaudo-768x511.png\" \/>\n<meta name=\"twitter:label1\" content=\"Tiempo de lectura\" \/>\n\t<meta name=\"twitter:data1\" content=\"2 minutos\" \/>\n<script type=\"application\/ld+json\" class=\"yoast-schema-graph\">{\"@context\":\"https:\\\/\\\/schema.org\",\"@graph\":[{\"@type\":\"WebPage\",\"@id\":\"https:\\\/\\\/www.edialog.com.br\\\/anuncios-google-facebook\\\/\",\"url\":\"https:\\\/\\\/www.edialog.com.br\\\/anuncios-google-facebook\\\/\",\"name\":\"An\u00fancios Facebook e Google| E-Dialog\",\"isPartOf\":{\"@id\":\"https:\\\/\\\/www.edialog.com.br\\\/#website\"},\"primaryImageOfPage\":{\"@id\":\"https:\\\/\\\/www.edialog.com.br\\\/anuncios-google-facebook\\\/#primaryimage\"},\"image\":{\"@id\":\"https:\\\/\\\/www.edialog.com.br\\\/anuncios-google-facebook\\\/#primaryimage\"},\"thumbnailUrl\":\"https:\\\/\\\/www.edialog.com.br\\\/wp-content\\\/uploads\\\/2021\\\/07\\\/logo-maislaudo-768x511.png\",\"datePublished\":\"2013-01-14T17:09:03+00:00\",\"dateModified\":\"2025-01-28T16:07:16+00:00\",\"description\":\"An\u00fancios no Facebook e no Google na E-Dialog. Somos uma ag\u00eancia especializada nos servi\u00e7os. Entre e solicite um or\u00e7amento!\",\"breadcrumb\":{\"@id\":\"https:\\\/\\\/www.edialog.com.br\\\/anuncios-google-facebook\\\/#breadcrumb\"},\"inLanguage\":\"es\",\"potentialAction\":[{\"@type\":\"ReadAction\",\"target\":[\"https:\\\/\\\/www.edialog.com.br\\\/anuncios-google-facebook\\\/\"]}]},{\"@type\":\"ImageObject\",\"inLanguage\":\"es\",\"@id\":\"https:\\\/\\\/www.edialog.com.br\\\/anuncios-google-facebook\\\/#primaryimage\",\"url\":\"https:\\\/\\\/www.edialog.com.br\\\/wp-content\\\/uploads\\\/2021\\\/07\\\/logo-maislaudo-768x511.png\",\"contentUrl\":\"https:\\\/\\\/www.edialog.com.br\\\/wp-content\\\/uploads\\\/2021\\\/07\\\/logo-maislaudo-768x511.png\"},{\"@type\":\"BreadcrumbList\",\"@id\":\"https:\\\/\\\/www.edialog.com.br\\\/anuncios-google-facebook\\\/#breadcrumb\",\"itemListElement\":[{\"@type\":\"ListItem\",\"position\":1,\"name\":\"Home\",\"item\":\"https:\\\/\\\/www.edialog.com.br\\\/\"},{\"@type\":\"ListItem\",\"position\":2,\"name\":\"An\u00fancios Google e Facebook\"}]},{\"@type\":\"WebSite\",\"@id\":\"https:\\\/\\\/www.edialog.com.br\\\/#website\",\"url\":\"https:\\\/\\\/www.edialog.com.br\\\/\",\"name\":\"Ag\u00eancia de Inbound Marketing | E-Dialog\",\"description\":\"Ag\u00eancia de Inbound Marketing premiada com solu\u00e7\u00f5es completas para o seu neg\u00f3cio. Atraia leads, com conte\u00fados \u00fanicos e envolventes. Solicite or\u00e7amento!\",\"publisher\":{\"@id\":\"https:\\\/\\\/www.edialog.com.br\\\/#organization\"},\"potentialAction\":[{\"@type\":\"SearchAction\",\"target\":{\"@type\":\"EntryPoint\",\"urlTemplate\":\"https:\\\/\\\/www.edialog.com.br\\\/?s={search_term_string}\"},\"query-input\":{\"@type\":\"PropertyValueSpecification\",\"valueRequired\":true,\"valueName\":\"search_term_string\"}}],\"inLanguage\":\"es\"},{\"@type\":\"Organization\",\"@id\":\"https:\\\/\\\/www.edialog.com.br\\\/#organization\",\"name\":\"Ag\u00eancia de M\u00eddias Sociais e Marketing Digital | E-Dialog\",\"url\":\"https:\\\/\\\/www.edialog.com.br\\\/\",\"logo\":{\"@type\":\"ImageObject\",\"inLanguage\":\"es\",\"@id\":\"https:\\\/\\\/www.edialog.com.br\\\/#\\\/schema\\\/logo\\\/image\\\/\",\"url\":\"https:\\\/\\\/www.edialog.com.br\\\/wp-content\\\/uploads\\\/2021\\\/09\\\/edialog-logo-case.png\",\"contentUrl\":\"https:\\\/\\\/www.edialog.com.br\\\/wp-content\\\/uploads\\\/2021\\\/09\\\/edialog-logo-case.png\",\"width\":810,\"height\":450,\"caption\":\"Ag\u00eancia de M\u00eddias Sociais e Marketing Digital | E-Dialog\"},\"image\":{\"@id\":\"https:\\\/\\\/www.edialog.com.br\\\/#\\\/schema\\\/logo\\\/image\\\/\"},\"sameAs\":[\"https:\\\/\\\/facebook.com\\\/edialogcomunicacao\",\"https:\\\/\\\/x.com\\\/edialog_br\",\"https:\\\/\\\/www.instagram.com\\\/edialog_br\",\"https:\\\/\\\/www.linkedin.com\\\/company\\\/e-dialog-comunica-o-digital\",\"https:\\\/\\\/www.youtube.com\\\/channel\\\/UCPiVQ_yVlcCqWS2sRzJZj7g\"]}]}<\/script>\n<!-- \/ Yoast SEO Premium plugin. -->","yoast_head_json":{"title":"An\u00fancios Facebook e Google| E-Dialog","description":"An\u00fancios no Facebook e no Google na E-Dialog. Somos uma ag\u00eancia especializada nos servi\u00e7os. Entre e solicite um or\u00e7amento!","robots":{"index":"index","follow":"follow","max-snippet":"max-snippet:-1","max-image-preview":"max-image-preview:large","max-video-preview":"max-video-preview:-1"},"canonical":"https:\/\/www.edialog.com.br\/es\/anuncios-google-facebook\/","og_locale":"es_ES","og_type":"article","og_title":"An\u00fancios Google e Facebook","og_description":"An\u00fancios no Facebook e no Google na E-Dialog. Somos uma ag\u00eancia especializada nos servi\u00e7os. Entre e solicite um or\u00e7amento!","og_url":"https:\/\/www.edialog.com.br\/es\/anuncios-google-facebook\/","og_site_name":"Ag\u00eancia de Inbound Marketing | E-Dialog","article_publisher":"https:\/\/facebook.com\/edialogcomunicacao","article_modified_time":"2025-01-28T16:07:16+00:00","og_image":[{"url":"https:\/\/www.edialog.com.br\/wp-content\/uploads\/2021\/07\/logo-maislaudo-768x511.png","type":"","width":"","height":""}],"twitter_misc":{"Tiempo de lectura":"2 minutos"},"schema":{"@context":"https:\/\/schema.org","@graph":[{"@type":"WebPage","@id":"https:\/\/www.edialog.com.br\/anuncios-google-facebook\/","url":"https:\/\/www.edialog.com.br\/anuncios-google-facebook\/","name":"An\u00fancios Facebook e Google| E-Dialog","isPartOf":{"@id":"https:\/\/www.edialog.com.br\/#website"},"primaryImageOfPage":{"@id":"https:\/\/www.edialog.com.br\/anuncios-google-facebook\/#primaryimage"},"image":{"@id":"https:\/\/www.edialog.com.br\/anuncios-google-facebook\/#primaryimage"},"thumbnailUrl":"https:\/\/www.edialog.com.br\/wp-content\/uploads\/2021\/07\/logo-maislaudo-768x511.png","datePublished":"2013-01-14T17:09:03+00:00","dateModified":"2025-01-28T16:07:16+00:00","description":"An\u00fancios no Facebook e no Google na E-Dialog. Somos uma ag\u00eancia especializada nos servi\u00e7os. Entre e solicite um or\u00e7amento!","breadcrumb":{"@id":"https:\/\/www.edialog.com.br\/anuncios-google-facebook\/#breadcrumb"},"inLanguage":"es","potentialAction":[{"@type":"ReadAction","target":["https:\/\/www.edialog.com.br\/anuncios-google-facebook\/"]}]},{"@type":"ImageObject","inLanguage":"es","@id":"https:\/\/www.edialog.com.br\/anuncios-google-facebook\/#primaryimage","url":"https:\/\/www.edialog.com.br\/wp-content\/uploads\/2021\/07\/logo-maislaudo-768x511.png","contentUrl":"https:\/\/www.edialog.com.br\/wp-content\/uploads\/2021\/07\/logo-maislaudo-768x511.png"},{"@type":"BreadcrumbList","@id":"https:\/\/www.edialog.com.br\/anuncios-google-facebook\/#breadcrumb","itemListElement":[{"@type":"ListItem","position":1,"name":"Home","item":"https:\/\/www.edialog.com.br\/"},{"@type":"ListItem","position":2,"name":"An\u00fancios Google e Facebook"}]},{"@type":"WebSite","@id":"https:\/\/www.edialog.com.br\/#website","url":"https:\/\/www.edialog.com.br\/","name":"Agencia de marketing entrante | E-Dialog","description":"Ag\u00eancia de Inbound Marketing premiada com solu\u00e7\u00f5es completas para o seu neg\u00f3cio. Atraia leads, com conte\u00fados \u00fanicos e envolventes. Solicite or\u00e7amento!","publisher":{"@id":"https:\/\/www.edialog.com.br\/#organization"},"potentialAction":[{"@type":"SearchAction","target":{"@type":"EntryPoint","urlTemplate":"https:\/\/www.edialog.com.br\/?s={search_term_string}"},"query-input":{"@type":"PropertyValueSpecification","valueRequired":true,"valueName":"search_term_string"}}],"inLanguage":"es"},{"@type":"Organization","@id":"https:\/\/www.edialog.com.br\/#organization","name":"Ag\u00eancia de M\u00eddias Sociais e Marketing Digital | E-Dialog","url":"https:\/\/www.edialog.com.br\/","logo":{"@type":"ImageObject","inLanguage":"es","@id":"https:\/\/www.edialog.com.br\/#\/schema\/logo\/image\/","url":"https:\/\/www.edialog.com.br\/wp-content\/uploads\/2021\/09\/edialog-logo-case.png","contentUrl":"https:\/\/www.edialog.com.br\/wp-content\/uploads\/2021\/09\/edialog-logo-case.png","width":810,"height":450,"caption":"Ag\u00eancia de M\u00eddias Sociais e Marketing Digital | E-Dialog"},"image":{"@id":"https:\/\/www.edialog.com.br\/#\/schema\/logo\/image\/"},"sameAs":["https:\/\/facebook.com\/edialogcomunicacao","https:\/\/x.com\/edialog_br","https:\/\/www.instagram.com\/edialog_br","https:\/\/www.linkedin.com\/company\/e-dialog-comunica-o-digital","https:\/\/www.youtube.com\/channel\/UCPiVQ_yVlcCqWS2sRzJZj7g"]}]}},"_links":{"self":[{"href":"https:\/\/www.edialog.com.br\/es\/wp-json\/wp\/v2\/pages\/3138","targetHints":{"allow":["GET"]}}],"collection":[{"href":"https:\/\/www.edialog.com.br\/es\/wp-json\/wp\/v2\/pages"}],"about":[{"href":"https:\/\/www.edialog.com.br\/es\/wp-json\/wp\/v2\/types\/page"}],"author":[{"embeddable":true,"href":"https:\/\/www.edialog.com.br\/es\/wp-json\/wp\/v2\/users\/1"}],"replies":[{"embeddable":true,"href":"https:\/\/www.edialog.com.br\/es\/wp-json\/wp\/v2\/comments?post=3138"}],"version-history":[{"count":1,"href":"https:\/\/www.edialog.com.br\/es\/wp-json\/wp\/v2\/pages\/3138\/revisions"}],"predecessor-version":[{"id":228053,"href":"https:\/\/www.edialog.com.br\/es\/wp-json\/wp\/v2\/pages\/3138\/revisions\/228053"}],"wp:attachment":[{"href":"https:\/\/www.edialog.com.br\/es\/wp-json\/wp\/v2\/media?parent=3138"}],"curies":[{"name":"wp","href":"https:\/\/api.w.org\/{rel}","templated":true}]}}