{"id":205637,"date":"2018-04-08T12:39:17","date_gmt":"2018-04-08T15:39:17","guid":{"rendered":"https:\/\/www.edialog.com.br\/?page_id=205637"},"modified":"2023-08-17T17:48:27","modified_gmt":"2023-08-17T20:48:27","slug":"faca-uma-auditoria-gratuita-completa-do-seu-site","status":"publish","type":"page","link":"https:\/\/www.edialog.com.br\/es\/faca-uma-auditoria-gratuita-completa-do-seu-site\/","title":{"rendered":"Fa\u00e7a uma Auditoria Gratuita Completa do seu Site"},"content":{"rendered":"<div data-elementor-type=\"wp-page\" data-elementor-id=\"205637\" class=\"elementor elementor-205637\" data-elementor-post-type=\"page\">\n\t\t\t\t<div class=\"elementor-element elementor-element-d1a80b5 e-flex e-con-boxed e-con e-parent\" data-id=\"d1a80b5\" data-element_type=\"container\" data-settings=\"{&quot;background_background&quot;:&quot;classic&quot;,&quot;_ha_eqh_enable&quot;:false}\">\n\t\t\t\t\t<div class=\"e-con-inner\">\n\t\t\t\t<div class=\"elementor-element elementor-element-1c01725 elementor-widget elementor-widget-heading\" data-id=\"1c01725\" data-element_type=\"widget\" data-widget_type=\"heading.default\">\n\t\t\t\t<div class=\"elementor-widget-container\">\n\t\t\t\t\t<h1 class=\"elementor-heading-title elementor-size-default\">Fa\u00e7a uma Auditoria Gratuita Completa do seu Site<\/h1>\t\t\t\t<\/div>\n\t\t\t\t<\/div>\n\t\t\t\t<div class=\"elementor-element elementor-element-3dbcdde ha-has-bg-overlay elementor-widget elementor-widget-text-editor\" data-id=\"3dbcdde\" data-element_type=\"widget\" data-widget_type=\"text-editor.default\">\n\t\t\t\t<div class=\"elementor-widget-container\">\n\t\t\t\t\t\t\t\t\tFa\u00e7a agora uma auditoria gratuita e completa do seu site. Basta preencher com os detalhes abaixo:\n\t\t\t\t\t\t\t\t<\/div>\n\t\t\t\t<\/div>\n\t\t\t\t<div class=\"elementor-element elementor-element-096f9c5 elementor-hidden-tablet elementor-hidden-phone elementor-widget elementor-widget-spacer\" data-id=\"096f9c5\" data-element_type=\"widget\" data-widget_type=\"spacer.default\">\n\t\t\t\t<div class=\"elementor-widget-container\">\n\t\t\t\t\t\t\t<div class=\"elementor-spacer\">\n\t\t\t<div class=\"elementor-spacer-inner\"><\/div>\n\t\t<\/div>\n\t\t\t\t\t\t<\/div>\n\t\t\t\t<\/div>\n\t\t\t\t\t<\/div>\n\t\t\t\t<\/div>\n\t\t<div class=\"elementor-element elementor-element-82759a4 e-flex e-con-boxed e-con e-parent\" data-id=\"82759a4\" data-element_type=\"container\" data-settings=\"{&quot;_ha_eqh_enable&quot;:false}\">\n\t\t\t\t\t<div class=\"e-con-inner\">\n\t\t\t\t<div class=\"elementor-element elementor-element-dc768b2 elementor-widget elementor-widget-html\" data-id=\"dc768b2\" data-element_type=\"widget\" data-widget_type=\"html.default\">\n\t\t\t\t<div class=\"elementor-widget-container\">\n\t\t\t\t\t<!-- semrush siteaudit widget -->\n<div id=\"ssa-widget\"><\/div>\n<script type=\"text\/javascript\" src=\"https:\/\/www.semrush.com\/leadgen\/static\/js\/widget.min.js\"><\/script>\n\n<script type=\"text\/javascript\">\n\tnew SEMRUSH.SiteauditWidget({\n\t\twidgetApiKey: \"5aca360c5f50e930233984d7\"\n\t});\n<\/script>\n<!-- \/semrush siteaudit widget -->\t\t\t\t<\/div>\n\t\t\t\t<\/div>\n\t\t\t\t\t<\/div>\n\t\t\t\t<\/div>\n\t\t\t\t<\/div>","protected":false},"excerpt":{"rendered":"<p>Fa\u00e7a uma Auditoria Gratuita Completa do seu Site Fa\u00e7a agora uma auditoria gratuita e completa do seu site. Basta preencher com os detalhes abaixo:<\/p>","protected":false},"author":1,"featured_media":0,"parent":0,"menu_order":0,"comment_status":"closed","ping_status":"closed","template":"","meta":{"_acf_changed":false,"content-type":"","footnotes":""},"class_list":["post-205637","page","type-page","status-publish","hentry"],"acf":[],"yoast_head":"<!-- This site is optimized with the Yoast SEO Premium plugin v27.5 (Yoast SEO v27.5) - https:\/\/yoast.com\/product\/yoast-seo-premium-wordpress\/ -->\n<title>Fa\u00e7a uma Auditoria Gratuita Completa do seu Site | E-Dialog<\/title>\n<meta name=\"description\" content=\"Fa\u00e7a uma Auditoria Gratuita Completa do seu Site   Fa\u00e7a agora uma auditoria gratuita e completa do seu site. Basta preencher com os detalhes abaixo:\" \/>\n<meta name=\"robots\" content=\"index, follow, max-snippet:-1, max-image-preview:large, max-video-preview:-1\" \/>\n<link rel=\"canonical\" href=\"https:\/\/www.edialog.com.br\/es\/faca-uma-auditoria-gratuita-completa-do-seu-site\/\" \/>\n<meta property=\"og:locale\" content=\"es_ES\" \/>\n<meta property=\"og:type\" content=\"article\" \/>\n<meta property=\"og:title\" content=\"Fa\u00e7a uma Auditoria Gratuita Completa do seu Site\" \/>\n<meta property=\"og:description\" content=\"Fa\u00e7a uma Auditoria Gratuita Completa do seu Site   Fa\u00e7a agora uma auditoria gratuita e completa do seu site. Basta preencher com os detalhes abaixo:\" \/>\n<meta property=\"og:url\" content=\"https:\/\/www.edialog.com.br\/es\/faca-uma-auditoria-gratuita-completa-do-seu-site\/\" \/>\n<meta property=\"og:site_name\" content=\"Ag\u00eancia de Inbound Marketing | E-Dialog\" \/>\n<meta property=\"article:publisher\" content=\"https:\/\/facebook.com\/edialogcomunicacao\" \/>\n<meta property=\"article:modified_time\" content=\"2023-08-17T20:48:27+00:00\" \/>\n<meta property=\"og:image\" content=\"https:\/\/www.edialog.com.br\/wp-content\/uploads\/2021\/09\/edialog-logo-case.png\" \/>\n\t<meta property=\"og:image:width\" content=\"810\" \/>\n\t<meta property=\"og:image:height\" content=\"450\" \/>\n\t<meta property=\"og:image:type\" content=\"image\/png\" \/>\n<meta name=\"twitter:label1\" content=\"Tiempo de lectura\" \/>\n\t<meta name=\"twitter:data1\" content=\"1 minuto\" \/>\n<script type=\"application\/ld+json\" class=\"yoast-schema-graph\">{\"@context\":\"https:\\\/\\\/schema.org\",\"@graph\":[{\"@type\":\"WebPage\",\"@id\":\"https:\\\/\\\/www.edialog.com.br\\\/faca-uma-auditoria-gratuita-completa-do-seu-site\\\/\",\"url\":\"https:\\\/\\\/www.edialog.com.br\\\/faca-uma-auditoria-gratuita-completa-do-seu-site\\\/\",\"name\":\"Fa\u00e7a uma Auditoria Gratuita Completa do seu Site | E-Dialog\",\"isPartOf\":{\"@id\":\"https:\\\/\\\/www.edialog.com.br\\\/#website\"},\"datePublished\":\"2018-04-08T15:39:17+00:00\",\"dateModified\":\"2023-08-17T20:48:27+00:00\",\"description\":\"Fa\u00e7a uma Auditoria Gratuita Completa do seu Site Fa\u00e7a agora uma auditoria gratuita e completa do seu site. Basta preencher com os detalhes abaixo:\",\"breadcrumb\":{\"@id\":\"https:\\\/\\\/www.edialog.com.br\\\/faca-uma-auditoria-gratuita-completa-do-seu-site\\\/#breadcrumb\"},\"inLanguage\":\"es\",\"potentialAction\":[{\"@type\":\"ReadAction\",\"target\":[\"https:\\\/\\\/www.edialog.com.br\\\/faca-uma-auditoria-gratuita-completa-do-seu-site\\\/\"]}]},{\"@type\":\"BreadcrumbList\",\"@id\":\"https:\\\/\\\/www.edialog.com.br\\\/faca-uma-auditoria-gratuita-completa-do-seu-site\\\/#breadcrumb\",\"itemListElement\":[{\"@type\":\"ListItem\",\"position\":1,\"name\":\"Home\",\"item\":\"https:\\\/\\\/www.edialog.com.br\\\/\"},{\"@type\":\"ListItem\",\"position\":2,\"name\":\"Fa\u00e7a uma Auditoria Gratuita Completa do seu Site\"}]},{\"@type\":\"WebSite\",\"@id\":\"https:\\\/\\\/www.edialog.com.br\\\/#website\",\"url\":\"https:\\\/\\\/www.edialog.com.br\\\/\",\"name\":\"Ag\u00eancia de Inbound Marketing | E-Dialog\",\"description\":\"Ag\u00eancia de Inbound Marketing premiada com solu\u00e7\u00f5es completas para o seu neg\u00f3cio. Atraia leads, com conte\u00fados \u00fanicos e envolventes. Solicite or\u00e7amento!\",\"publisher\":{\"@id\":\"https:\\\/\\\/www.edialog.com.br\\\/#organization\"},\"potentialAction\":[{\"@type\":\"SearchAction\",\"target\":{\"@type\":\"EntryPoint\",\"urlTemplate\":\"https:\\\/\\\/www.edialog.com.br\\\/?s={search_term_string}\"},\"query-input\":{\"@type\":\"PropertyValueSpecification\",\"valueRequired\":true,\"valueName\":\"search_term_string\"}}],\"inLanguage\":\"es\"},{\"@type\":\"Organization\",\"@id\":\"https:\\\/\\\/www.edialog.com.br\\\/#organization\",\"name\":\"Ag\u00eancia de M\u00eddias Sociais e Marketing Digital | E-Dialog\",\"url\":\"https:\\\/\\\/www.edialog.com.br\\\/\",\"logo\":{\"@type\":\"ImageObject\",\"inLanguage\":\"es\",\"@id\":\"https:\\\/\\\/www.edialog.com.br\\\/#\\\/schema\\\/logo\\\/image\\\/\",\"url\":\"https:\\\/\\\/www.edialog.com.br\\\/wp-content\\\/uploads\\\/2021\\\/09\\\/edialog-logo-case.png\",\"contentUrl\":\"https:\\\/\\\/www.edialog.com.br\\\/wp-content\\\/uploads\\\/2021\\\/09\\\/edialog-logo-case.png\",\"width\":810,\"height\":450,\"caption\":\"Ag\u00eancia de M\u00eddias Sociais e Marketing Digital | E-Dialog\"},\"image\":{\"@id\":\"https:\\\/\\\/www.edialog.com.br\\\/#\\\/schema\\\/logo\\\/image\\\/\"},\"sameAs\":[\"https:\\\/\\\/facebook.com\\\/edialogcomunicacao\",\"https:\\\/\\\/x.com\\\/edialog_br\",\"https:\\\/\\\/www.instagram.com\\\/edialog_br\",\"https:\\\/\\\/www.linkedin.com\\\/company\\\/e-dialog-comunica-o-digital\",\"https:\\\/\\\/www.youtube.com\\\/channel\\\/UCPiVQ_yVlcCqWS2sRzJZj7g\"]}]}<\/script>\n<!-- \/ Yoast SEO Premium plugin. -->","yoast_head_json":{"title":"Fa\u00e7a uma Auditoria Gratuita Completa do seu Site | E-Dialog","description":"Fa\u00e7a uma Auditoria Gratuita Completa do seu Site   Fa\u00e7a agora uma auditoria gratuita e completa do seu site. Basta preencher com os detalhes abaixo:","robots":{"index":"index","follow":"follow","max-snippet":"max-snippet:-1","max-image-preview":"max-image-preview:large","max-video-preview":"max-video-preview:-1"},"canonical":"https:\/\/www.edialog.com.br\/es\/faca-uma-auditoria-gratuita-completa-do-seu-site\/","og_locale":"es_ES","og_type":"article","og_title":"Fa\u00e7a uma Auditoria Gratuita Completa do seu Site","og_description":"Fa\u00e7a uma Auditoria Gratuita Completa do seu Site   Fa\u00e7a agora uma auditoria gratuita e completa do seu site. Basta preencher com os detalhes abaixo:","og_url":"https:\/\/www.edialog.com.br\/es\/faca-uma-auditoria-gratuita-completa-do-seu-site\/","og_site_name":"Ag\u00eancia de Inbound Marketing | E-Dialog","article_publisher":"https:\/\/facebook.com\/edialogcomunicacao","article_modified_time":"2023-08-17T20:48:27+00:00","og_image":[{"width":810,"height":450,"url":"https:\/\/www.edialog.com.br\/wp-content\/uploads\/2021\/09\/edialog-logo-case.png","type":"image\/png"}],"twitter_misc":{"Tiempo de lectura":"1 minuto"},"schema":{"@context":"https:\/\/schema.org","@graph":[{"@type":"WebPage","@id":"https:\/\/www.edialog.com.br\/faca-uma-auditoria-gratuita-completa-do-seu-site\/","url":"https:\/\/www.edialog.com.br\/faca-uma-auditoria-gratuita-completa-do-seu-site\/","name":"Fa\u00e7a uma Auditoria Gratuita Completa do seu Site | E-Dialog","isPartOf":{"@id":"https:\/\/www.edialog.com.br\/#website"},"datePublished":"2018-04-08T15:39:17+00:00","dateModified":"2023-08-17T20:48:27+00:00","description":"Fa\u00e7a uma Auditoria Gratuita Completa do seu Site Fa\u00e7a agora uma auditoria gratuita e completa do seu site. Basta preencher com os detalhes abaixo:","breadcrumb":{"@id":"https:\/\/www.edialog.com.br\/faca-uma-auditoria-gratuita-completa-do-seu-site\/#breadcrumb"},"inLanguage":"es","potentialAction":[{"@type":"ReadAction","target":["https:\/\/www.edialog.com.br\/faca-uma-auditoria-gratuita-completa-do-seu-site\/"]}]},{"@type":"BreadcrumbList","@id":"https:\/\/www.edialog.com.br\/faca-uma-auditoria-gratuita-completa-do-seu-site\/#breadcrumb","itemListElement":[{"@type":"ListItem","position":1,"name":"Home","item":"https:\/\/www.edialog.com.br\/"},{"@type":"ListItem","position":2,"name":"Fa\u00e7a uma Auditoria Gratuita Completa do seu Site"}]},{"@type":"WebSite","@id":"https:\/\/www.edialog.com.br\/#website","url":"https:\/\/www.edialog.com.br\/","name":"Agencia de marketing entrante | E-Dialog","description":"Ag\u00eancia de Inbound Marketing premiada com solu\u00e7\u00f5es completas para o seu neg\u00f3cio. Atraia leads, com conte\u00fados \u00fanicos e envolventes. Solicite or\u00e7amento!","publisher":{"@id":"https:\/\/www.edialog.com.br\/#organization"},"potentialAction":[{"@type":"SearchAction","target":{"@type":"EntryPoint","urlTemplate":"https:\/\/www.edialog.com.br\/?s={search_term_string}"},"query-input":{"@type":"PropertyValueSpecification","valueRequired":true,"valueName":"search_term_string"}}],"inLanguage":"es"},{"@type":"Organization","@id":"https:\/\/www.edialog.com.br\/#organization","name":"Ag\u00eancia de M\u00eddias Sociais e Marketing Digital | E-Dialog","url":"https:\/\/www.edialog.com.br\/","logo":{"@type":"ImageObject","inLanguage":"es","@id":"https:\/\/www.edialog.com.br\/#\/schema\/logo\/image\/","url":"https:\/\/www.edialog.com.br\/wp-content\/uploads\/2021\/09\/edialog-logo-case.png","contentUrl":"https:\/\/www.edialog.com.br\/wp-content\/uploads\/2021\/09\/edialog-logo-case.png","width":810,"height":450,"caption":"Ag\u00eancia de M\u00eddias Sociais e Marketing Digital | E-Dialog"},"image":{"@id":"https:\/\/www.edialog.com.br\/#\/schema\/logo\/image\/"},"sameAs":["https:\/\/facebook.com\/edialogcomunicacao","https:\/\/x.com\/edialog_br","https:\/\/www.instagram.com\/edialog_br","https:\/\/www.linkedin.com\/company\/e-dialog-comunica-o-digital","https:\/\/www.youtube.com\/channel\/UCPiVQ_yVlcCqWS2sRzJZj7g"]}]}},"_links":{"self":[{"href":"https:\/\/www.edialog.com.br\/es\/wp-json\/wp\/v2\/pages\/205637","targetHints":{"allow":["GET"]}}],"collection":[{"href":"https:\/\/www.edialog.com.br\/es\/wp-json\/wp\/v2\/pages"}],"about":[{"href":"https:\/\/www.edialog.com.br\/es\/wp-json\/wp\/v2\/types\/page"}],"author":[{"embeddable":true,"href":"https:\/\/www.edialog.com.br\/es\/wp-json\/wp\/v2\/users\/1"}],"replies":[{"embeddable":true,"href":"https:\/\/www.edialog.com.br\/es\/wp-json\/wp\/v2\/comments?post=205637"}],"version-history":[{"count":0,"href":"https:\/\/www.edialog.com.br\/es\/wp-json\/wp\/v2\/pages\/205637\/revisions"}],"wp:attachment":[{"href":"https:\/\/www.edialog.com.br\/es\/wp-json\/wp\/v2\/media?parent=205637"}],"curies":[{"name":"wp","href":"https:\/\/api.w.org\/{rel}","templated":true}]}}