{"id":205443,"date":"2018-01-10T08:42:47","date_gmt":"2018-01-10T11:42:47","guid":{"rendered":"https:\/\/www.edialog.com.br\/?page_id=205443"},"modified":"2023-08-17T17:59:48","modified_gmt":"2023-08-17T20:59:48","slug":"gestao-de-linkedin-para-empresas","status":"publish","type":"page","link":"https:\/\/www.edialog.com.br\/es\/gestao-de-linkedin-para-empresas\/","title":{"rendered":"Gest\u00e3o de LinkedIn para Empresas"},"content":{"rendered":"<div data-elementor-type=\"wp-page\" data-elementor-id=\"205443\" class=\"elementor elementor-205443\" data-elementor-post-type=\"page\">\n\t\t\t\t<div class=\"elementor-element elementor-element-98b367e e-flex e-con-boxed e-con e-parent\" data-id=\"98b367e\" data-element_type=\"container\" data-settings=\"{&quot;background_background&quot;:&quot;classic&quot;,&quot;_ha_eqh_enable&quot;:false}\">\n\t\t\t\t\t<div class=\"e-con-inner\">\n\t\t\t\t<div class=\"elementor-element elementor-element-a1cd27e elementor-widget elementor-widget-heading\" data-id=\"a1cd27e\" data-element_type=\"widget\" data-widget_type=\"heading.default\">\n\t\t\t\t<div class=\"elementor-widget-container\">\n\t\t\t\t\t<h1 class=\"elementor-heading-title elementor-size-default\">Gest\u00e3o de LinkedIn para Empresas<\/h1>\t\t\t\t<\/div>\n\t\t\t\t<\/div>\n\t\t\t\t<div class=\"elementor-element elementor-element-3f0d180 ha-has-bg-overlay elementor-widget elementor-widget-text-editor\" data-id=\"3f0d180\" data-element_type=\"widget\" data-widget_type=\"text-editor.default\">\n\t\t\t\t<div class=\"elementor-widget-container\">\n\t\t\t\t\t\t\t\t\t<p>\u00a0A E-Dialog oferece o servi\u00e7o de gerenciamento e an\u00e1lise da rede social, trabalhando com a produ\u00e7\u00e3o de conte\u00fado, an\u00e1lise e otimiza\u00e7\u00e3o de resultados.\u00a0<a href=\"https:\/\/www.edialog.com.br\/es\/contato\/\">Entre em contato para mais informa\u00e7\u00f5es.<\/a><\/p>\t\t\t\t\t\t\t\t<\/div>\n\t\t\t\t<\/div>\n\t\t\t\t<div class=\"elementor-element elementor-element-e53bf0f elementor-hidden-tablet elementor-hidden-phone elementor-widget elementor-widget-spacer\" data-id=\"e53bf0f\" data-element_type=\"widget\" data-widget_type=\"spacer.default\">\n\t\t\t\t<div class=\"elementor-widget-container\">\n\t\t\t\t\t\t\t<div class=\"elementor-spacer\">\n\t\t\t<div class=\"elementor-spacer-inner\"><\/div>\n\t\t<\/div>\n\t\t\t\t\t\t<\/div>\n\t\t\t\t<\/div>\n\t\t\t\t\t<\/div>\n\t\t\t\t<\/div>\n\t\t\t\t<section class=\"elementor-section elementor-top-section elementor-element elementor-element-c8c8823 elementor-section-boxed elementor-section-height-default elementor-section-height-default\" data-id=\"c8c8823\" data-element_type=\"section\" data-settings=\"{&quot;_ha_eqh_enable&quot;:false}\">\n\t\t\t\t\t\t<div class=\"elementor-container elementor-column-gap-default\">\n\t\t\t\t\t<div class=\"elementor-column elementor-col-100 elementor-top-column elementor-element elementor-element-91d01e8\" data-id=\"91d01e8\" data-element_type=\"column\">\n\t\t\t<div class=\"elementor-widget-wrap elementor-element-populated\">\n\t\t\t\t\t\t<div class=\"elementor-element elementor-element-03ca1eb elementor-widget elementor-widget-text-editor\" data-id=\"03ca1eb\" data-element_type=\"widget\" data-widget_type=\"text-editor.default\">\n\t\t\t\t<div class=\"elementor-widget-container\">\n\t\t\t\t\t\t\t\t\tA <strong>Gest\u00e3o de Linkedin para Empresas<\/strong> \u00e9 uma das estrat\u00e9gias que mais cresce no marketing digital. Essa rede social \u00e9 respons\u00e1vel por conectar diversos profissionais de diferentes nichos e interesses &#8211; surge como um excelente investimento para as empresas fortalecerem suas marcas.\r\n\r\nAtualmente o Linkedin possui mais de 200 milh\u00f5es de usu\u00e1rios registrados, de mais de 200 pa\u00edses diferentes. Destes, 3 milh\u00f5es s\u00e3o neg\u00f3cios que possuem uma p\u00e1gina de empresa. Segundo o LinkedIn, s\u00e3o criados novos perfis na rede a cada 2 segundos, mostrando o crescimento da rede no decorrer do tempo.\r\n\r\nO diferencial do Linkedin em rela\u00e7\u00e3o \u00e0s demais redes sociais \u00e9 o seu foco no relacionamento profissional. Saiba mais como utilizar a plataforma para alavancar os resultados do seu neg\u00f3cio.\r\n<h2>1. Possibilidades do Linkedin para Empresas<\/h2>\r\n\u00c9 muito importante saber diferenciar os pap\u00e9is distintos do perfil pessoal da p\u00e1gina dentro da rede. O ideal \u00e9 come\u00e7ar com o perfil pessoal e a partir dele criar a <strong>P\u00e1gina de Empresa<\/strong>.\r\n\r\nAs oportunidades de networking e marketing s\u00e3o diversas na rede social. Como por exemplo: produzir conte\u00fados relevantes e mantenha sempre seus seguidores interessados, com atualiza\u00e7\u00f5es frequentes; promova o Linkedin em seus outros canais de comunica\u00e7\u00e3o adicionando a op\u00e7\u00e3o de seguir em seu site e demais redes sociais para atrair mais pessoas para sua p\u00e1gina.\r\n\r\n\u00c9 poss\u00edvel tamb\u00e9m anunciar no Linkedin para aqueles que buscam alcan\u00e7ar pessoas com base nos dados corporativos como cargo, setor de atua\u00e7\u00e3o e tamanho da empresa.\r\n\r\nS\u00e3o 3 tipos de an\u00fancios:\r\n<ul>\r\n \t<li>Sponsored Content: Patrocinar posts que v\u00e3o aparecer no feed dos usu\u00e1rios (na timeline).<\/li>\r\n \t<li>Text Ads: An\u00fancios na barra lateral e no topo do LinkedIn com links e em pouco espa\u00e7o.<\/li>\r\n \t<li>Sponsored Mail: Mensagens patrocinadas que v\u00e3o direto para a caixa de mensagens dos usu\u00e1rios-alvo (algo como um e-mail mas dentro do LinkedIn).<\/li>\r\n<\/ul>\r\n<h2>2. Grupos no LinkedIn<\/h2>\r\nUma maneira de construir uma reputa\u00e7\u00e3o dentro da rede social \u00e9 participando de debates e intera\u00e7\u00f5es em Grupos de Interesses dentro do Linkedin. Como fazer isso? Fa\u00e7a uma pesquisa dos grupos que o seu p\u00fablico-alvo est\u00e1 participando.\r\n\r\nN\u00e3o participe apenas de grupos \u00f3bvios dentro do seu nicho, escolha aqueles que possam lhe proporcionar oportunidades para o seu neg\u00f3cio. Avalie a frequ\u00eancia de postagens nesses grupos, o qu\u00e3o ativos sao os membros e os coment\u00e1rios dos mesmos. \u00c9 importante que os grupos tenham um bom engajamento para assim sua empresa obter notoriedade dentro da rede.\r\n\r\nO Linkedin permite que voc\u00ea entre em at\u00e9 50 grupos. Por\u00e9m, n\u00e3o \u00e9 recomendado que voc\u00ea entre em tantos grupos, pois voc\u00ea n\u00e3o ir\u00e1 conseguir ser presente de maneira assertiva nos grupos de modo a criar credibilidade. O indicado \u00e9 participar de 3 a 5 grupos, para ter a possibilidade de ser mais engajado e presente nas discuss\u00f5es e intera\u00e7\u00f5es dos grupos.\r\n\r\nConfigure as atualiza\u00e7\u00f5es dos grupos, diariamente ou semanalmente (de acordo com a frequ\u00eancia de postagens) para voc\u00ea estar sempre por dentro dos debates que est\u00e3o ocorrendo e n\u00e3o perder nenhuma oportunidade.\r\n\r\nTenha cuidado para n\u00e3o passar a imagem de vendedor nesses grupos, expondo seus produtos\/servi\u00e7os insistentemente. Este n\u00e3o \u00e9 objetivo nesses ambientes, que existem para agregar conhecimento &#8211; com dicas de materiais, esclarecimentos e exemplos pr\u00e1ticos sobre determinado assunto.\r\n<h2>3. Growth Hacking<\/h2>\r\nO Growth Hacking \u00e9 o marketing orientado por experimentos. Ou seja, \u00e9 encontrar brechas (hack) para o sucesso e trabalhar em cima delas, com estrat\u00e9gias espec\u00edficas para obter o crescimento do seu neg\u00f3cio (growth) de maneira mais eficiente.\r\n\r\nO Linkedin utilizou dessa metodologia e passou de 2 milh\u00f5es de usu\u00e1rios para 200 milh\u00f5es. Isso ocorreu quando a empresa tornou o perfil dos usu\u00e1rios p\u00fablico para pessoas que n\u00e3o est\u00e3o presentes na rede social. Foi otimizado o SEO desses perfis, sendo assim quando buscam pelo nome de determinada pessoa ou empresa no Google o Linkedin surge como autoridade para demais usu\u00e1rios.\r\n<h2>4. Cases no LinkedIn<\/h2>\r\n<strong>Samsung Mobile<\/strong>: Eles postam atualiza\u00e7\u00f5es de status do seus previews e lan\u00e7amentos em sua p\u00e1gina LinkedIn Empresa p\u00e1gina, al\u00e9m de alimentar seu microsite com not\u00edcias sobre um dos seus mais recentes dispositivos m\u00f3veis. Eles s\u00e3o capazes de atingir 20 milh\u00f5es de usu\u00e1rios do LinkedIn em 7 pa\u00edses atrav\u00e9s de sua p\u00e1gina, atualiza\u00e7\u00f5es e microsite; 33% diz que eles s\u00e3o mais propensos a comprar da marca Samsung Mobile depois de segui-los no LinkedIn.\r\n\r\n<strong>Hewlett Packard<\/strong>: Foi a primeira empresa a bater 1 milh\u00e3o de seguidores com uma p\u00e1gina de empresa. Eles tamb\u00e9m criaram um Grupo de Discuss\u00e3o espec\u00edfico para atrair empresas de pequeno porte que tem mais de 5 mil membros; 75% que se envolvem ativamente das discuss\u00f5es se dizem duas vezes mais propensos a recomendar HP.\r\n\r\n<strong>Solutions Virais<\/strong>: Uma empresa de marketing de relacionamento automatizado, possuem s\u00f3cios da empresa que participam ativamente de grupos relevantes no LinkedIn. Eles descobriram que 50.7% de mais vendidos pertencia a 30+ grupos, em compara\u00e7\u00e3o com apenas 11.5% dos seus hom\u00f3logos. Como resultado, 58% da receita da empresa vem agora de Grupos do LinkedIn com uma dimens\u00e3o m\u00e9dia das opera\u00e7\u00f5es de $7500.\r\n<h2>5. Linkedin na E-Dialog<\/h2>\r\nComo apresentado, o Linkedin \u00e9 uma das redes sociais que mais cresce nos \u00faltimos anos. Se mostrando cada vez mais importante na estrat\u00e9gia de marketing digital principalmente para as empresas B2B.\r\n\r\nA E-Dialog oferece o servi\u00e7o de gerenciamento e an\u00e1lise da rede social, trabalhando com a produ\u00e7\u00e3o de conte\u00fado, an\u00e1lise e otimiza\u00e7\u00e3o de resultados. <a href=\"https:\/\/www.edialog.com.br\/es\/contato\/\">Entre em contato para mais informa\u00e7\u00f5es.<\/a>\t\t\t\t\t\t\t\t<\/div>\n\t\t\t\t<\/div>\n\t\t\t\t\t<\/div>\n\t\t<\/div>\n\t\t\t\t\t<\/div>\n\t\t<\/section>\n\t\t\t\t<\/div>","protected":false},"excerpt":{"rendered":"<p>Gest\u00e3o de LinkedIn para Empresas \u00a0A E-Dialog oferece o servi\u00e7o de gerenciamento e an\u00e1lise da rede social, trabalhando com a produ\u00e7\u00e3o de conte\u00fado, an\u00e1lise e otimiza\u00e7\u00e3o de resultados.\u00a0Entre em contato para mais informa\u00e7\u00f5es. A Gest\u00e3o de Linkedin para Empresas \u00e9 uma das estrat\u00e9gias que mais cresce no marketing digital. Essa rede social \u00e9 respons\u00e1vel por [&hellip;]<\/p>\n","protected":false},"author":1,"featured_media":205444,"parent":0,"menu_order":0,"comment_status":"closed","ping_status":"closed","template":"","meta":{"_acf_changed":false,"content-type":"","footnotes":""},"class_list":["post-205443","page","type-page","status-publish","has-post-thumbnail","hentry"],"acf":[],"yoast_head":"<!-- This site is optimized with the Yoast SEO Premium plugin v27.5 (Yoast SEO v27.5) - https:\/\/yoast.com\/product\/yoast-seo-premium-wordpress\/ -->\n<title>Gest\u00e3o de LinkedIn para Empresas | E-Dialog<\/title>\n<meta name=\"description\" content=\"Como a Gest\u00e3o de LinkedIn pode auxiliar sua empresa. Veja 5 Pontos Fundamentais relacionados ao gerenciamento da rede social para marcas.\" \/>\n<meta name=\"robots\" content=\"index, follow, max-snippet:-1, max-image-preview:large, max-video-preview:-1\" \/>\n<link rel=\"canonical\" href=\"https:\/\/www.edialog.com.br\/es\/gestao-de-linkedin-para-empresas\/\" \/>\n<meta property=\"og:locale\" content=\"es_ES\" \/>\n<meta property=\"og:type\" content=\"article\" \/>\n<meta property=\"og:title\" content=\"Gest\u00e3o de LinkedIn para Empresas\" \/>\n<meta property=\"og:description\" content=\"Como a Gest\u00e3o de LinkedIn pode auxiliar sua empresa. Veja 5 Pontos Fundamentais relacionados ao gerenciamento da rede social para marcas.\" \/>\n<meta property=\"og:url\" content=\"https:\/\/www.edialog.com.br\/es\/gestao-de-linkedin-para-empresas\/\" \/>\n<meta property=\"og:site_name\" content=\"Ag\u00eancia de Inbound Marketing | E-Dialog\" \/>\n<meta property=\"article:publisher\" content=\"https:\/\/facebook.com\/edialogcomunicacao\" \/>\n<meta property=\"article:modified_time\" content=\"2023-08-17T20:59:48+00:00\" \/>\n<meta property=\"og:image\" content=\"https:\/\/www.edialog.com.br\/wp-content\/uploads\/2018\/01\/gestao-linkedin.png\" \/>\n\t<meta property=\"og:image:width\" content=\"400\" \/>\n\t<meta property=\"og:image:height\" content=\"250\" \/>\n\t<meta property=\"og:image:type\" content=\"image\/png\" \/>\n<meta name=\"twitter:label1\" content=\"Tiempo de lectura\" \/>\n\t<meta name=\"twitter:data1\" content=\"6 minutos\" \/>\n<script type=\"application\/ld+json\" class=\"yoast-schema-graph\">{\"@context\":\"https:\\\/\\\/schema.org\",\"@graph\":[{\"@type\":\"WebPage\",\"@id\":\"https:\\\/\\\/www.edialog.com.br\\\/gestao-de-linkedin-para-empresas\\\/\",\"url\":\"https:\\\/\\\/www.edialog.com.br\\\/gestao-de-linkedin-para-empresas\\\/\",\"name\":\"Gest\u00e3o de LinkedIn para Empresas | E-Dialog\",\"isPartOf\":{\"@id\":\"https:\\\/\\\/www.edialog.com.br\\\/#website\"},\"primaryImageOfPage\":{\"@id\":\"https:\\\/\\\/www.edialog.com.br\\\/gestao-de-linkedin-para-empresas\\\/#primaryimage\"},\"image\":{\"@id\":\"https:\\\/\\\/www.edialog.com.br\\\/gestao-de-linkedin-para-empresas\\\/#primaryimage\"},\"thumbnailUrl\":\"https:\\\/\\\/www.edialog.com.br\\\/wp-content\\\/uploads\\\/2018\\\/01\\\/gestao-linkedin.png\",\"datePublished\":\"2018-01-10T11:42:47+00:00\",\"dateModified\":\"2023-08-17T20:59:48+00:00\",\"description\":\"Como a Gest\u00e3o de LinkedIn pode auxiliar sua empresa. Veja 5 Pontos Fundamentais relacionados ao gerenciamento da rede social para marcas.\",\"breadcrumb\":{\"@id\":\"https:\\\/\\\/www.edialog.com.br\\\/gestao-de-linkedin-para-empresas\\\/#breadcrumb\"},\"inLanguage\":\"es\",\"potentialAction\":[{\"@type\":\"ReadAction\",\"target\":[\"https:\\\/\\\/www.edialog.com.br\\\/gestao-de-linkedin-para-empresas\\\/\"]}]},{\"@type\":\"ImageObject\",\"inLanguage\":\"es\",\"@id\":\"https:\\\/\\\/www.edialog.com.br\\\/gestao-de-linkedin-para-empresas\\\/#primaryimage\",\"url\":\"https:\\\/\\\/www.edialog.com.br\\\/wp-content\\\/uploads\\\/2018\\\/01\\\/gestao-linkedin.png\",\"contentUrl\":\"https:\\\/\\\/www.edialog.com.br\\\/wp-content\\\/uploads\\\/2018\\\/01\\\/gestao-linkedin.png\",\"width\":400,\"height\":250},{\"@type\":\"BreadcrumbList\",\"@id\":\"https:\\\/\\\/www.edialog.com.br\\\/gestao-de-linkedin-para-empresas\\\/#breadcrumb\",\"itemListElement\":[{\"@type\":\"ListItem\",\"position\":1,\"name\":\"Home\",\"item\":\"https:\\\/\\\/www.edialog.com.br\\\/\"},{\"@type\":\"ListItem\",\"position\":2,\"name\":\"Gest\u00e3o de LinkedIn para Empresas\"}]},{\"@type\":\"WebSite\",\"@id\":\"https:\\\/\\\/www.edialog.com.br\\\/#website\",\"url\":\"https:\\\/\\\/www.edialog.com.br\\\/\",\"name\":\"Ag\u00eancia de Inbound Marketing | E-Dialog\",\"description\":\"Ag\u00eancia de Inbound Marketing premiada com solu\u00e7\u00f5es completas para o seu neg\u00f3cio. Atraia leads, com conte\u00fados \u00fanicos e envolventes. Solicite or\u00e7amento!\",\"publisher\":{\"@id\":\"https:\\\/\\\/www.edialog.com.br\\\/#organization\"},\"potentialAction\":[{\"@type\":\"SearchAction\",\"target\":{\"@type\":\"EntryPoint\",\"urlTemplate\":\"https:\\\/\\\/www.edialog.com.br\\\/?s={search_term_string}\"},\"query-input\":{\"@type\":\"PropertyValueSpecification\",\"valueRequired\":true,\"valueName\":\"search_term_string\"}}],\"inLanguage\":\"es\"},{\"@type\":\"Organization\",\"@id\":\"https:\\\/\\\/www.edialog.com.br\\\/#organization\",\"name\":\"Ag\u00eancia de M\u00eddias Sociais e Marketing Digital | E-Dialog\",\"url\":\"https:\\\/\\\/www.edialog.com.br\\\/\",\"logo\":{\"@type\":\"ImageObject\",\"inLanguage\":\"es\",\"@id\":\"https:\\\/\\\/www.edialog.com.br\\\/#\\\/schema\\\/logo\\\/image\\\/\",\"url\":\"https:\\\/\\\/www.edialog.com.br\\\/wp-content\\\/uploads\\\/2021\\\/09\\\/edialog-logo-case.png\",\"contentUrl\":\"https:\\\/\\\/www.edialog.com.br\\\/wp-content\\\/uploads\\\/2021\\\/09\\\/edialog-logo-case.png\",\"width\":810,\"height\":450,\"caption\":\"Ag\u00eancia de M\u00eddias Sociais e Marketing Digital | E-Dialog\"},\"image\":{\"@id\":\"https:\\\/\\\/www.edialog.com.br\\\/#\\\/schema\\\/logo\\\/image\\\/\"},\"sameAs\":[\"https:\\\/\\\/facebook.com\\\/edialogcomunicacao\",\"https:\\\/\\\/x.com\\\/edialog_br\",\"https:\\\/\\\/www.instagram.com\\\/edialog_br\",\"https:\\\/\\\/www.linkedin.com\\\/company\\\/e-dialog-comunica-o-digital\",\"https:\\\/\\\/www.youtube.com\\\/channel\\\/UCPiVQ_yVlcCqWS2sRzJZj7g\"]}]}<\/script>\n<!-- \/ Yoast SEO Premium plugin. -->","yoast_head_json":{"title":"Gest\u00e3o de LinkedIn para Empresas | E-Dialog","description":"Como a Gest\u00e3o de LinkedIn pode auxiliar sua empresa. Veja 5 Pontos Fundamentais relacionados ao gerenciamento da rede social para marcas.","robots":{"index":"index","follow":"follow","max-snippet":"max-snippet:-1","max-image-preview":"max-image-preview:large","max-video-preview":"max-video-preview:-1"},"canonical":"https:\/\/www.edialog.com.br\/es\/gestao-de-linkedin-para-empresas\/","og_locale":"es_ES","og_type":"article","og_title":"Gest\u00e3o de LinkedIn para Empresas","og_description":"Como a Gest\u00e3o de LinkedIn pode auxiliar sua empresa. Veja 5 Pontos Fundamentais relacionados ao gerenciamento da rede social para marcas.","og_url":"https:\/\/www.edialog.com.br\/es\/gestao-de-linkedin-para-empresas\/","og_site_name":"Ag\u00eancia de Inbound Marketing | E-Dialog","article_publisher":"https:\/\/facebook.com\/edialogcomunicacao","article_modified_time":"2023-08-17T20:59:48+00:00","og_image":[{"width":400,"height":250,"url":"https:\/\/www.edialog.com.br\/wp-content\/uploads\/2018\/01\/gestao-linkedin.png","type":"image\/png"}],"twitter_misc":{"Tiempo de lectura":"6 minutos"},"schema":{"@context":"https:\/\/schema.org","@graph":[{"@type":"WebPage","@id":"https:\/\/www.edialog.com.br\/gestao-de-linkedin-para-empresas\/","url":"https:\/\/www.edialog.com.br\/gestao-de-linkedin-para-empresas\/","name":"Gest\u00e3o de LinkedIn para Empresas | E-Dialog","isPartOf":{"@id":"https:\/\/www.edialog.com.br\/#website"},"primaryImageOfPage":{"@id":"https:\/\/www.edialog.com.br\/gestao-de-linkedin-para-empresas\/#primaryimage"},"image":{"@id":"https:\/\/www.edialog.com.br\/gestao-de-linkedin-para-empresas\/#primaryimage"},"thumbnailUrl":"https:\/\/www.edialog.com.br\/wp-content\/uploads\/2018\/01\/gestao-linkedin.png","datePublished":"2018-01-10T11:42:47+00:00","dateModified":"2023-08-17T20:59:48+00:00","description":"Como a Gest\u00e3o de LinkedIn pode auxiliar sua empresa. Veja 5 Pontos Fundamentais relacionados ao gerenciamento da rede social para marcas.","breadcrumb":{"@id":"https:\/\/www.edialog.com.br\/gestao-de-linkedin-para-empresas\/#breadcrumb"},"inLanguage":"es","potentialAction":[{"@type":"ReadAction","target":["https:\/\/www.edialog.com.br\/gestao-de-linkedin-para-empresas\/"]}]},{"@type":"ImageObject","inLanguage":"es","@id":"https:\/\/www.edialog.com.br\/gestao-de-linkedin-para-empresas\/#primaryimage","url":"https:\/\/www.edialog.com.br\/wp-content\/uploads\/2018\/01\/gestao-linkedin.png","contentUrl":"https:\/\/www.edialog.com.br\/wp-content\/uploads\/2018\/01\/gestao-linkedin.png","width":400,"height":250},{"@type":"BreadcrumbList","@id":"https:\/\/www.edialog.com.br\/gestao-de-linkedin-para-empresas\/#breadcrumb","itemListElement":[{"@type":"ListItem","position":1,"name":"Home","item":"https:\/\/www.edialog.com.br\/"},{"@type":"ListItem","position":2,"name":"Gest\u00e3o de LinkedIn para Empresas"}]},{"@type":"WebSite","@id":"https:\/\/www.edialog.com.br\/#website","url":"https:\/\/www.edialog.com.br\/","name":"Agencia de marketing entrante | E-Dialog","description":"Ag\u00eancia de Inbound Marketing premiada com solu\u00e7\u00f5es completas para o seu neg\u00f3cio. Atraia leads, com conte\u00fados \u00fanicos e envolventes. Solicite or\u00e7amento!","publisher":{"@id":"https:\/\/www.edialog.com.br\/#organization"},"potentialAction":[{"@type":"SearchAction","target":{"@type":"EntryPoint","urlTemplate":"https:\/\/www.edialog.com.br\/?s={search_term_string}"},"query-input":{"@type":"PropertyValueSpecification","valueRequired":true,"valueName":"search_term_string"}}],"inLanguage":"es"},{"@type":"Organization","@id":"https:\/\/www.edialog.com.br\/#organization","name":"Ag\u00eancia de M\u00eddias Sociais e Marketing Digital | E-Dialog","url":"https:\/\/www.edialog.com.br\/","logo":{"@type":"ImageObject","inLanguage":"es","@id":"https:\/\/www.edialog.com.br\/#\/schema\/logo\/image\/","url":"https:\/\/www.edialog.com.br\/wp-content\/uploads\/2021\/09\/edialog-logo-case.png","contentUrl":"https:\/\/www.edialog.com.br\/wp-content\/uploads\/2021\/09\/edialog-logo-case.png","width":810,"height":450,"caption":"Ag\u00eancia de M\u00eddias Sociais e Marketing Digital | E-Dialog"},"image":{"@id":"https:\/\/www.edialog.com.br\/#\/schema\/logo\/image\/"},"sameAs":["https:\/\/facebook.com\/edialogcomunicacao","https:\/\/x.com\/edialog_br","https:\/\/www.instagram.com\/edialog_br","https:\/\/www.linkedin.com\/company\/e-dialog-comunica-o-digital","https:\/\/www.youtube.com\/channel\/UCPiVQ_yVlcCqWS2sRzJZj7g"]}]}},"_links":{"self":[{"href":"https:\/\/www.edialog.com.br\/es\/wp-json\/wp\/v2\/pages\/205443","targetHints":{"allow":["GET"]}}],"collection":[{"href":"https:\/\/www.edialog.com.br\/es\/wp-json\/wp\/v2\/pages"}],"about":[{"href":"https:\/\/www.edialog.com.br\/es\/wp-json\/wp\/v2\/types\/page"}],"author":[{"embeddable":true,"href":"https:\/\/www.edialog.com.br\/es\/wp-json\/wp\/v2\/users\/1"}],"replies":[{"embeddable":true,"href":"https:\/\/www.edialog.com.br\/es\/wp-json\/wp\/v2\/comments?post=205443"}],"version-history":[{"count":0,"href":"https:\/\/www.edialog.com.br\/es\/wp-json\/wp\/v2\/pages\/205443\/revisions"}],"wp:featuredmedia":[{"embeddable":true,"href":"https:\/\/www.edialog.com.br\/es\/wp-json\/wp\/v2\/media\/205444"}],"wp:attachment":[{"href":"https:\/\/www.edialog.com.br\/es\/wp-json\/wp\/v2\/media?parent=205443"}],"curies":[{"name":"wp","href":"https:\/\/api.w.org\/{rel}","templated":true}]}}