{"id":1475,"date":"2011-10-02T13:19:53","date_gmt":"2011-10-02T16:19:53","guid":{"rendered":"https:\/\/www.edialog.com.br\/?page_id=1475"},"modified":"2023-08-17T17:22:45","modified_gmt":"2023-08-17T20:22:45","slug":"apps-edialog","status":"publish","type":"page","link":"https:\/\/www.edialog.com.br\/es\/apps-edialog\/","title":{"rendered":"Aplicativos para iOS, Android e Facebook."},"content":{"rendered":"<div data-elementor-type=\"wp-page\" data-elementor-id=\"1475\" class=\"elementor elementor-1475\" data-elementor-post-type=\"page\">\n\t\t\t\t<div class=\"elementor-element elementor-element-b07a630 e-flex e-con-boxed e-con e-parent\" data-id=\"b07a630\" data-element_type=\"container\" data-settings=\"{&quot;_ha_eqh_enable&quot;:false}\">\n\t\t\t\t\t<div class=\"e-con-inner\">\n\t\t\t\t<div class=\"elementor-element elementor-element-721ef7f elementor-widget elementor-widget-heading\" data-id=\"721ef7f\" data-element_type=\"widget\" data-widget_type=\"heading.default\">\n\t\t\t\t<div class=\"elementor-widget-container\">\n\t\t\t\t\t<h1 class=\"elementor-heading-title elementor-size-default\">Aplicativos para iOS, Android e Facebook.<\/h1>\t\t\t\t<\/div>\n\t\t\t\t<\/div>\n\t\t\t\t<div class=\"elementor-element elementor-element-f9f6847 ha-has-bg-overlay elementor-widget elementor-widget-text-editor\" data-id=\"f9f6847\" data-element_type=\"widget\" data-widget_type=\"text-editor.default\">\n\t\t\t\t<div class=\"elementor-widget-container\">\n\t\t\t\t\t\t\t\t\t<p>A E-Dialog cria e desenvolve aplicativos e jogos para plataformas como <strong>\u00a0(iPhone, iPad), Android, Facebook<\/strong>.<\/p>\t\t\t\t\t\t\t\t<\/div>\n\t\t\t\t<\/div>\n\t\t\t\t<div class=\"elementor-element elementor-element-567fadb elementor-hidden-tablet elementor-hidden-phone elementor-widget elementor-widget-spacer\" data-id=\"567fadb\" data-element_type=\"widget\" data-widget_type=\"spacer.default\">\n\t\t\t\t<div class=\"elementor-widget-container\">\n\t\t\t\t\t\t\t<div class=\"elementor-spacer\">\n\t\t\t<div class=\"elementor-spacer-inner\"><\/div>\n\t\t<\/div>\n\t\t\t\t\t\t<\/div>\n\t\t\t\t<\/div>\n\t\t\t\t\t<\/div>\n\t\t\t\t<\/div>\n\t\t<div class=\"elementor-element elementor-element-8d4547d e-flex e-con-boxed e-con e-parent\" data-id=\"8d4547d\" data-element_type=\"container\" data-settings=\"{&quot;_ha_eqh_enable&quot;:false}\">\n\t\t\t\t\t<div class=\"e-con-inner\">\n\t\t<div class=\"elementor-element elementor-element-d24a02f e-con-full e-flex e-con e-parent\" data-id=\"d24a02f\" data-element_type=\"container\" data-settings=\"{&quot;_ha_eqh_enable&quot;:false}\">\n\t\t\t\t<div class=\"elementor-element elementor-element-f81f934 elementor-widget elementor-widget-ha-step-flow happy-addon ha-step-flow\" data-id=\"f81f934\" data-element_type=\"widget\" data-widget_type=\"ha-step-flow.default\">\n\t\t\t\t<div class=\"elementor-widget-container\">\n\t\t\t\t\t\n\t\t<div class=\"ha-steps-icon\">\n\t\t\t\t\t\t\t<span class=\"ha-step-arrow\"><\/span>\n\t\t\t\n\t\t\t<i aria-hidden=\"true\" class=\"fas fa-building\"><\/i>\n\t\t\t\t\t<\/div>\n\n\t\t<h2 class=\"ha-steps-title\">Sua empresa<\/h2>\n\t\t\n\t\t\t\t\t\t<\/div>\n\t\t\t\t<\/div>\n\t\t\t\t<div class=\"elementor-element elementor-element-8543075 elementor-widget elementor-widget-ha-step-flow happy-addon ha-step-flow\" data-id=\"8543075\" data-element_type=\"widget\" data-widget_type=\"ha-step-flow.default\">\n\t\t\t\t<div class=\"elementor-widget-container\">\n\t\t\t\t\t\n\t\t<div class=\"ha-steps-icon\">\n\t\t\t\t\t\t\t<span class=\"ha-step-arrow\"><\/span>\n\t\t\t\n\t\t\t<svg xmlns:inkscape=\"http:\/\/www.inkscape.org\/namespaces\/inkscape\" xmlns:sodipodi=\"http:\/\/sodipodi.sourceforge.net\/DTD\/sodipodi-0.dtd\" xmlns=\"http:\/\/www.w3.org\/2000\/svg\" xmlns:svg=\"http:\/\/www.w3.org\/2000\/svg\" id=\"svg2\" xml:space=\"preserve\" width=\"220\" height=\"220\" viewbox=\"0 0 219.99999 220\" sodipodi:docname=\"favicon-edialog.svg\" inkscape:version=\"1.3-beta (cedbd6c, 2023-05-28)\"><defs id=\"defs6\"><clippath id=\"clipPath16\"><path d=\"M 0,282.075 H 1125.593 V 0 H 0 Z\" id=\"path14\"><\/path><\/clippath><clippath id=\"clipPath30\"><path d=\"M 0,282.075 H 1125.593 V 0 H 0 Z\" id=\"path28\"><\/path><\/clippath><clippath id=\"clipPath46\"><path d=\"M 0,282.075 H 1125.593 V 0 H 0 Z\" id=\"path44\"><\/path><\/clippath><clippath id=\"clipPath58\"><path d=\"M 0,282.075 H 1125.593 V 0 H 0 Z\" id=\"path56\"><\/path><\/clippath><clippath id=\"clipPath74\"><path d=\"M 0,282.075 H 1125.593 V 0 H 0 Z\" id=\"path72\"><\/path><\/clippath><clippath id=\"clipPath86\"><path d=\"M 0,282.075 H 1125.593 V 0 H 0 Z\" id=\"path84\"><\/path><\/clippath><clippath id=\"clipPath98\"><path d=\"M 0,282.075 H 1125.593 V 0 H 0 Z\" id=\"path96\"><\/path><\/clippath><\/defs><g id=\"g8\" inkscape:groupmode=\"layer\" inkscape:label=\"Logo\" transform=\"matrix(1.3333333,0,0,-1.3333333,-1049.597,290.19786)\"><g id=\"g80\"><g id=\"g82\" clip-path=\"url(#clipPath86)\"><g id=\"g88\" transform=\"translate(952.1978,135.1484)\"><path d=\"m 0,0 c 0,-45.563 -36.937,-82.5 -82.5,-82.5 -45.563,0 -82.5,36.937 -82.5,82.5 0,45.563 36.937,82.5 82.5,82.5 C -36.937,82.5 0,45.563 0,0\" style=\"fill:#00c648;fill-opacity:1;fill-rule:nonzero;stroke:none\" id=\"path90\"><\/path><\/g><\/g><\/g><g id=\"g92\"><g id=\"g94\" clip-path=\"url(#clipPath98)\"><g id=\"g100\" transform=\"translate(888.147,176.8481)\"><path d=\"m 0,0 v -14.014 c 8.934,-5.966 14.82,-16.137 14.82,-27.686 0,-18.374 -14.895,-33.27 -33.269,-33.27 -18.375,0 -33.271,14.896 -33.271,33.27 0,11.549 5.886,21.72 14.821,27.686 V 0 C -52.89,-7.085 -64.05,-23.084 -64.05,-41.7 c 0,-25.184 20.416,-45.599 45.601,-45.599 25.183,0 45.599,20.415 45.599,45.599 C 27.15,-23.084 15.99,-7.085 0,0\" style=\"fill:#ffffff;fill-opacity:1;fill-rule:nonzero;stroke:none\" id=\"path102\"><\/path><\/g><\/g><\/g><path d=\"m 875.847,148.573 h -12.3 v 39.75 h 12.3 z\" style=\"fill:#ffffff;fill-opacity:1;fill-rule:nonzero;stroke:none\" id=\"path104\"><\/path><\/g><\/svg>\n\t\t\t\t\t<\/div>\n\n\t\t<h2 class=\"ha-steps-title\">Di\u00e1logo electr\u00f3nico<\/h2>\n\t\t\n\t\t\t\t\t\t<\/div>\n\t\t\t\t<\/div>\n\t\t\t\t<div class=\"elementor-element elementor-element-b5a9179 elementor-widget elementor-widget-ha-step-flow happy-addon ha-step-flow\" data-id=\"b5a9179\" data-element_type=\"widget\" data-widget_type=\"ha-step-flow.default\">\n\t\t\t\t<div class=\"elementor-widget-container\">\n\t\t\t\t\t\n\t\t<div class=\"ha-steps-icon\">\n\t\t\t\t\t\t\t<span class=\"ha-step-arrow\"><\/span>\n\t\t\t\n\t\t\t<i aria-hidden=\"true\" class=\"fab fa-codepen\"><\/i>\n\t\t\t\t\t<\/div>\n\n\t\t<h2 class=\"ha-steps-title\">Aplicativo<\/h2>\n\t\t\n\t\t\t\t\t\t<\/div>\n\t\t\t\t<\/div>\n\t\t\t\t<div class=\"elementor-element elementor-element-8cac317 elementor-widget elementor-widget-ha-step-flow happy-addon ha-step-flow\" data-id=\"8cac317\" data-element_type=\"widget\" data-widget_type=\"ha-step-flow.default\">\n\t\t\t\t<div class=\"elementor-widget-container\">\n\t\t\t\t\t\n\t\t<div class=\"ha-steps-icon\">\n\t\t\t\n\t\t\t<i aria-hidden=\"true\" class=\"fas fa-users\"><\/i>\n\t\t\t\t\t<\/div>\n\n\t\t<h2 class=\"ha-steps-title\">P\u00fablico-alvo <br>em potencial <br>na internet<\/h2>\n\t\t\n\t\t\t\t\t\t<\/div>\n\t\t\t\t<\/div>\n\t\t\t\t<\/div>\n\t\t\t\t\t<\/div>\n\t\t\t\t<\/div>\n\t\t<div class=\"elementor-element elementor-element-cac096a e-flex e-con-boxed e-con e-parent\" data-id=\"cac096a\" data-element_type=\"container\" data-settings=\"{&quot;_ha_eqh_enable&quot;:false}\">\n\t\t\t\t\t<div class=\"e-con-inner\">\n\t\t\t\t<div class=\"elementor-element elementor-element-f16868e ha-has-bg-overlay elementor-widget elementor-widget-text-editor\" data-id=\"f16868e\" data-element_type=\"widget\" data-widget_type=\"text-editor.default\">\n\t\t\t\t<div class=\"elementor-widget-container\">\n\t\t\t\t\t\t\t\t\t<p class=\"p1\">A E-Dialog desenvolve aplicativos que podem gerar repercuss\u00e3o entre o p\u00fablico-alvo em potencial ou desenvolver o relacionamento com os consumidores de uma marca.<\/p>\t\t\t\t\t\t\t\t<\/div>\n\t\t\t\t<\/div>\n\t\t\t\t\t<\/div>\n\t\t\t\t<\/div>\n\t\t<div class=\"elementor-element elementor-element-fce4ecc e-flex e-con-boxed e-con e-parent\" data-id=\"fce4ecc\" data-element_type=\"container\" data-settings=\"{&quot;background_background&quot;:&quot;classic&quot;,&quot;_ha_eqh_enable&quot;:false}\">\n\t\t\t\t\t<div class=\"e-con-inner\">\n\t\t<div class=\"elementor-element elementor-element-d6320e3 e-con-full e-flex e-con e-parent\" data-id=\"d6320e3\" data-element_type=\"container\" data-settings=\"{&quot;_ha_eqh_enable&quot;:false}\">\n\t\t\t\t<div class=\"elementor-element elementor-element-97666f7 elementor-widget elementor-widget-ha-step-flow happy-addon ha-step-flow\" data-id=\"97666f7\" data-element_type=\"widget\" data-widget_type=\"ha-step-flow.default\">\n\t\t\t\t<div class=\"elementor-widget-container\">\n\t\t\t\t\t\n\t\t<div class=\"ha-steps-icon\">\n\t\t\t\n\t\t\t<i aria-hidden=\"true\" class=\"fab fa-codepen\"><\/i>\n\t\t\t\t\t<\/div>\n\n\t\t<h2 class=\"ha-steps-title\">Aplicaciones<\/h2>\n\t\t\n\t\t\t\t\t\t<\/div>\n\t\t\t\t<\/div>\n\t\t\t\t<div class=\"elementor-element elementor-element-97ad03a elementor-widget elementor-widget-ha-step-flow happy-addon ha-step-flow\" data-id=\"97ad03a\" data-element_type=\"widget\" data-widget_type=\"ha-step-flow.default\">\n\t\t\t\t<div class=\"elementor-widget-container\">\n\t\t\t\t\t\n\t\t<div class=\"ha-steps-icon\">\n\t\t\t\t\t\t\t<span class=\"ha-step-arrow\"><\/span>\n\t\t\t\n\t\t\t<svg xmlns:inkscape=\"http:\/\/www.inkscape.org\/namespaces\/inkscape\" xmlns:sodipodi=\"http:\/\/sodipodi.sourceforge.net\/DTD\/sodipodi-0.dtd\" xmlns=\"http:\/\/www.w3.org\/2000\/svg\" xmlns:svg=\"http:\/\/www.w3.org\/2000\/svg\" id=\"svg2\" xml:space=\"preserve\" width=\"220\" height=\"220\" viewbox=\"0 0 219.99999 220\" sodipodi:docname=\"favicon-edialog.svg\" inkscape:version=\"1.3-beta (cedbd6c, 2023-05-28)\"><defs id=\"defs6\"><clippath id=\"clipPath16\"><path d=\"M 0,282.075 H 1125.593 V 0 H 0 Z\" id=\"path14\"><\/path><\/clippath><clippath id=\"clipPath30\"><path d=\"M 0,282.075 H 1125.593 V 0 H 0 Z\" id=\"path28\"><\/path><\/clippath><clippath id=\"clipPath46\"><path d=\"M 0,282.075 H 1125.593 V 0 H 0 Z\" id=\"path44\"><\/path><\/clippath><clippath id=\"clipPath58\"><path d=\"M 0,282.075 H 1125.593 V 0 H 0 Z\" id=\"path56\"><\/path><\/clippath><clippath id=\"clipPath74\"><path d=\"M 0,282.075 H 1125.593 V 0 H 0 Z\" id=\"path72\"><\/path><\/clippath><clippath id=\"clipPath86\"><path d=\"M 0,282.075 H 1125.593 V 0 H 0 Z\" id=\"path84\"><\/path><\/clippath><clippath id=\"clipPath98\"><path d=\"M 0,282.075 H 1125.593 V 0 H 0 Z\" id=\"path96\"><\/path><\/clippath><\/defs><g id=\"g8\" inkscape:groupmode=\"layer\" inkscape:label=\"Logo\" transform=\"matrix(1.3333333,0,0,-1.3333333,-1049.597,290.19786)\"><g id=\"g80\"><g id=\"g82\" clip-path=\"url(#clipPath86)\"><g id=\"g88\" transform=\"translate(952.1978,135.1484)\"><path d=\"m 0,0 c 0,-45.563 -36.937,-82.5 -82.5,-82.5 -45.563,0 -82.5,36.937 -82.5,82.5 0,45.563 36.937,82.5 82.5,82.5 C -36.937,82.5 0,45.563 0,0\" style=\"fill:#00c648;fill-opacity:1;fill-rule:nonzero;stroke:none\" id=\"path90\"><\/path><\/g><\/g><\/g><g id=\"g92\"><g id=\"g94\" clip-path=\"url(#clipPath98)\"><g id=\"g100\" transform=\"translate(888.147,176.8481)\"><path d=\"m 0,0 v -14.014 c 8.934,-5.966 14.82,-16.137 14.82,-27.686 0,-18.374 -14.895,-33.27 -33.269,-33.27 -18.375,0 -33.271,14.896 -33.271,33.27 0,11.549 5.886,21.72 14.821,27.686 V 0 C -52.89,-7.085 -64.05,-23.084 -64.05,-41.7 c 0,-25.184 20.416,-45.599 45.601,-45.599 25.183,0 45.599,20.415 45.599,45.599 C 27.15,-23.084 15.99,-7.085 0,0\" style=\"fill:#ffffff;fill-opacity:1;fill-rule:nonzero;stroke:none\" id=\"path102\"><\/path><\/g><\/g><\/g><path d=\"m 875.847,148.573 h -12.3 v 39.75 h 12.3 z\" style=\"fill:#ffffff;fill-opacity:1;fill-rule:nonzero;stroke:none\" id=\"path104\"><\/path><\/g><\/svg>\n\t\t\t\t\t<\/div>\n\n\t\t<h2 class=\"ha-steps-title\">Repercuss\u00e3o<br>Intera\u00e7\u00e3o<br>Relaciones<\/h2>\n\t\t\n\t\t\t\t\t\t<\/div>\n\t\t\t\t<\/div>\n\t\t\t\t<div class=\"elementor-element elementor-element-f0e0b3e elementor-widget elementor-widget-ha-step-flow happy-addon ha-step-flow\" data-id=\"f0e0b3e\" data-element_type=\"widget\" data-widget_type=\"ha-step-flow.default\">\n\t\t\t\t<div class=\"elementor-widget-container\">\n\t\t\t\t\t\n\t\t<div class=\"ha-steps-icon\">\n\t\t\t\t\t\t\t<span class=\"ha-step-arrow\"><\/span>\n\t\t\t\n\t\t\t<i aria-hidden=\"true\" class=\"far fa-comments\"><\/i>\n\t\t\t\t\t<\/div>\n\n\t\t<h2 class=\"ha-steps-title\">Di\u00e1logo<\/h2>\n\t\t\n\t\t\t\t\t\t<\/div>\n\t\t\t\t<\/div>\n\t\t\t\t<\/div>\n\t\t\t\t<div class=\"elementor-element elementor-element-d09f7d6 elementor-align-justify elementor-widget elementor-widget-button\" data-id=\"d09f7d6\" data-element_type=\"widget\" data-widget_type=\"button.default\">\n\t\t\t\t<div class=\"elementor-widget-container\">\n\t\t\t\t\t\t\t\t\t<div class=\"elementor-button-wrapper\">\n\t\t\t\t\t<a class=\"elementor-button elementor-button-link elementor-size-sm\" href=\"https:\/\/spreadsheets.google.com\/embeddedform?formkey=dFNNaDdyRlpCSHRhSE1Nc0MyM1p0SHc6MQ\" target=\"_blank\">\n\t\t\t\t\t\t<span class=\"elementor-button-content-wrapper\">\n\t\t\t\t\t\t<span class=\"elementor-button-icon\">\n\t\t\t\t<i aria-hidden=\"true\" class=\"icon icon-right-arrow\"><\/i>\t\t\t<\/span>\n\t\t\t\t\t\t\t\t\t<span class=\"elementor-button-text\">Entre em contato e saiba mais<\/span>\n\t\t\t\t\t<\/span>\n\t\t\t\t\t<\/a>\n\t\t\t\t<\/div>\n\t\t\t\t\t\t\t\t<\/div>\n\t\t\t\t<\/div>\n\t\t\t\t\t<\/div>\n\t\t\t\t<\/div>\n\t\t\t\t<\/div>","protected":false},"excerpt":{"rendered":"<p>A E-Dialog cria e desenvolve aplicativos para plataformas web como Facebook e para Android, Mobile e Tablets (iPad e outros).<\/p>","protected":false},"author":1,"featured_media":1481,"parent":0,"menu_order":0,"comment_status":"closed","ping_status":"closed","template":"","meta":{"_acf_changed":false,"content-type":"","footnotes":""},"class_list":["post-1475","page","type-page","status-publish","has-post-thumbnail","hentry"],"acf":[],"yoast_head":"<!-- This site is optimized with the Yoast SEO Premium plugin v27.3 (Yoast SEO v27.3) - https:\/\/yoast.com\/product\/yoast-seo-premium-wordpress\/ -->\n<title>Aplicativos para Facebook, Android, Mobile e Tablets.<\/title>\n<meta name=\"description\" content=\"A E-Dialog cria e desenvolve aplicativos e jogos para plataformas web como Facebook e para Android, Mobile e Tablets (iPad e outros).\" \/>\n<meta name=\"robots\" content=\"index, follow, max-snippet:-1, max-image-preview:large, max-video-preview:-1\" \/>\n<link rel=\"canonical\" href=\"https:\/\/www.edialog.com.br\/es\/apps-edialog\/\" \/>\n<meta property=\"og:locale\" content=\"es_ES\" \/>\n<meta property=\"og:type\" content=\"article\" \/>\n<meta property=\"og:title\" content=\"Aplicativos para iOS, Android e Facebook.\" \/>\n<meta property=\"og:description\" content=\"A E-Dialog cria e desenvolve aplicativos e jogos para plataformas web como Facebook e para Android, Mobile e Tablets (iPad e outros).\" \/>\n<meta property=\"og:url\" content=\"https:\/\/www.edialog.com.br\/es\/apps-edialog\/\" \/>\n<meta property=\"og:site_name\" content=\"Ag\u00eancia de Inbound Marketing | E-Dialog\" \/>\n<meta property=\"article:publisher\" content=\"https:\/\/facebook.com\/edialogcomunicacao\" \/>\n<meta property=\"article:modified_time\" content=\"2023-08-17T20:22:45+00:00\" \/>\n<meta property=\"og:image\" content=\"https:\/\/www.edialog.com.br\/wp-content\/uploads\/2011\/10\/107229509.jpg\" \/>\n\t<meta property=\"og:image:width\" content=\"507\" \/>\n\t<meta property=\"og:image:height\" content=\"338\" \/>\n\t<meta property=\"og:image:type\" content=\"image\/jpeg\" \/>\n<meta name=\"twitter:label1\" content=\"Tiempo de lectura\" \/>\n\t<meta name=\"twitter:data1\" content=\"1 minuto\" \/>\n<script type=\"application\/ld+json\" class=\"yoast-schema-graph\">{\"@context\":\"https:\\\/\\\/schema.org\",\"@graph\":[{\"@type\":\"WebPage\",\"@id\":\"https:\\\/\\\/www.edialog.com.br\\\/apps-edialog\\\/\",\"url\":\"https:\\\/\\\/www.edialog.com.br\\\/apps-edialog\\\/\",\"name\":\"Aplicativos para Facebook, Android, Mobile e Tablets.\",\"isPartOf\":{\"@id\":\"https:\\\/\\\/www.edialog.com.br\\\/#website\"},\"primaryImageOfPage\":{\"@id\":\"https:\\\/\\\/www.edialog.com.br\\\/apps-edialog\\\/#primaryimage\"},\"image\":{\"@id\":\"https:\\\/\\\/www.edialog.com.br\\\/apps-edialog\\\/#primaryimage\"},\"thumbnailUrl\":\"https:\\\/\\\/www.edialog.com.br\\\/wp-content\\\/uploads\\\/2011\\\/10\\\/107229509.jpg\",\"datePublished\":\"2011-10-02T16:19:53+00:00\",\"dateModified\":\"2023-08-17T20:22:45+00:00\",\"description\":\"A E-Dialog cria e desenvolve aplicativos e jogos para plataformas web como Facebook e para Android, Mobile e Tablets (iPad e outros).\",\"breadcrumb\":{\"@id\":\"https:\\\/\\\/www.edialog.com.br\\\/apps-edialog\\\/#breadcrumb\"},\"inLanguage\":\"es\",\"potentialAction\":[{\"@type\":\"ReadAction\",\"target\":[\"https:\\\/\\\/www.edialog.com.br\\\/apps-edialog\\\/\"]}]},{\"@type\":\"ImageObject\",\"inLanguage\":\"es\",\"@id\":\"https:\\\/\\\/www.edialog.com.br\\\/apps-edialog\\\/#primaryimage\",\"url\":\"https:\\\/\\\/www.edialog.com.br\\\/wp-content\\\/uploads\\\/2011\\\/10\\\/107229509.jpg\",\"contentUrl\":\"https:\\\/\\\/www.edialog.com.br\\\/wp-content\\\/uploads\\\/2011\\\/10\\\/107229509.jpg\",\"width\":\"507\",\"height\":\"338\"},{\"@type\":\"BreadcrumbList\",\"@id\":\"https:\\\/\\\/www.edialog.com.br\\\/apps-edialog\\\/#breadcrumb\",\"itemListElement\":[{\"@type\":\"ListItem\",\"position\":1,\"name\":\"Home\",\"item\":\"https:\\\/\\\/www.edialog.com.br\\\/\"},{\"@type\":\"ListItem\",\"position\":2,\"name\":\"Aplicativos para iOS, Android e Facebook.\"}]},{\"@type\":\"WebSite\",\"@id\":\"https:\\\/\\\/www.edialog.com.br\\\/#website\",\"url\":\"https:\\\/\\\/www.edialog.com.br\\\/\",\"name\":\"Ag\u00eancia de Inbound Marketing | E-Dialog\",\"description\":\"Ag\u00eancia de Inbound Marketing premiada com solu\u00e7\u00f5es completas para o seu neg\u00f3cio. Atraia leads, com conte\u00fados \u00fanicos e envolventes. Solicite or\u00e7amento!\",\"publisher\":{\"@id\":\"https:\\\/\\\/www.edialog.com.br\\\/#organization\"},\"potentialAction\":[{\"@type\":\"SearchAction\",\"target\":{\"@type\":\"EntryPoint\",\"urlTemplate\":\"https:\\\/\\\/www.edialog.com.br\\\/?s={search_term_string}\"},\"query-input\":{\"@type\":\"PropertyValueSpecification\",\"valueRequired\":true,\"valueName\":\"search_term_string\"}}],\"inLanguage\":\"es\"},{\"@type\":\"Organization\",\"@id\":\"https:\\\/\\\/www.edialog.com.br\\\/#organization\",\"name\":\"Ag\u00eancia de M\u00eddias Sociais e Marketing Digital | E-Dialog\",\"url\":\"https:\\\/\\\/www.edialog.com.br\\\/\",\"logo\":{\"@type\":\"ImageObject\",\"inLanguage\":\"es\",\"@id\":\"https:\\\/\\\/www.edialog.com.br\\\/#\\\/schema\\\/logo\\\/image\\\/\",\"url\":\"https:\\\/\\\/www.edialog.com.br\\\/wp-content\\\/uploads\\\/2021\\\/09\\\/edialog-logo-case.png\",\"contentUrl\":\"https:\\\/\\\/www.edialog.com.br\\\/wp-content\\\/uploads\\\/2021\\\/09\\\/edialog-logo-case.png\",\"width\":810,\"height\":450,\"caption\":\"Ag\u00eancia de M\u00eddias Sociais e Marketing Digital | E-Dialog\"},\"image\":{\"@id\":\"https:\\\/\\\/www.edialog.com.br\\\/#\\\/schema\\\/logo\\\/image\\\/\"},\"sameAs\":[\"https:\\\/\\\/facebook.com\\\/edialogcomunicacao\",\"https:\\\/\\\/x.com\\\/edialog_br\",\"https:\\\/\\\/www.instagram.com\\\/edialog_br\",\"https:\\\/\\\/www.linkedin.com\\\/company\\\/e-dialog-comunica-o-digital\",\"https:\\\/\\\/www.youtube.com\\\/channel\\\/UCPiVQ_yVlcCqWS2sRzJZj7g\"]}]}<\/script>\n<!-- \/ Yoast SEO Premium plugin. -->","yoast_head_json":{"title":"Aplicativos para Facebook, Android, Mobile e Tablets.","description":"A E-Dialog cria e desenvolve aplicativos e jogos para plataformas web como Facebook e para Android, Mobile e Tablets (iPad e outros).","robots":{"index":"index","follow":"follow","max-snippet":"max-snippet:-1","max-image-preview":"max-image-preview:large","max-video-preview":"max-video-preview:-1"},"canonical":"https:\/\/www.edialog.com.br\/es\/apps-edialog\/","og_locale":"es_ES","og_type":"article","og_title":"Aplicativos para iOS, Android e Facebook.","og_description":"A E-Dialog cria e desenvolve aplicativos e jogos para plataformas web como Facebook e para Android, Mobile e Tablets (iPad e outros).","og_url":"https:\/\/www.edialog.com.br\/es\/apps-edialog\/","og_site_name":"Ag\u00eancia de Inbound Marketing | E-Dialog","article_publisher":"https:\/\/facebook.com\/edialogcomunicacao","article_modified_time":"2023-08-17T20:22:45+00:00","og_image":[{"width":507,"height":338,"url":"https:\/\/www.edialog.com.br\/wp-content\/uploads\/2011\/10\/107229509.jpg","type":"image\/jpeg"}],"twitter_misc":{"Tiempo de lectura":"1 minuto"},"schema":{"@context":"https:\/\/schema.org","@graph":[{"@type":"WebPage","@id":"https:\/\/www.edialog.com.br\/apps-edialog\/","url":"https:\/\/www.edialog.com.br\/apps-edialog\/","name":"Aplicativos para Facebook, Android, Mobile e Tablets.","isPartOf":{"@id":"https:\/\/www.edialog.com.br\/#website"},"primaryImageOfPage":{"@id":"https:\/\/www.edialog.com.br\/apps-edialog\/#primaryimage"},"image":{"@id":"https:\/\/www.edialog.com.br\/apps-edialog\/#primaryimage"},"thumbnailUrl":"https:\/\/www.edialog.com.br\/wp-content\/uploads\/2011\/10\/107229509.jpg","datePublished":"2011-10-02T16:19:53+00:00","dateModified":"2023-08-17T20:22:45+00:00","description":"A E-Dialog cria e desenvolve aplicativos e jogos para plataformas web como Facebook e para Android, Mobile e Tablets (iPad e outros).","breadcrumb":{"@id":"https:\/\/www.edialog.com.br\/apps-edialog\/#breadcrumb"},"inLanguage":"es","potentialAction":[{"@type":"ReadAction","target":["https:\/\/www.edialog.com.br\/apps-edialog\/"]}]},{"@type":"ImageObject","inLanguage":"es","@id":"https:\/\/www.edialog.com.br\/apps-edialog\/#primaryimage","url":"https:\/\/www.edialog.com.br\/wp-content\/uploads\/2011\/10\/107229509.jpg","contentUrl":"https:\/\/www.edialog.com.br\/wp-content\/uploads\/2011\/10\/107229509.jpg","width":"507","height":"338"},{"@type":"BreadcrumbList","@id":"https:\/\/www.edialog.com.br\/apps-edialog\/#breadcrumb","itemListElement":[{"@type":"ListItem","position":1,"name":"Home","item":"https:\/\/www.edialog.com.br\/"},{"@type":"ListItem","position":2,"name":"Aplicativos para iOS, Android e Facebook."}]},{"@type":"WebSite","@id":"https:\/\/www.edialog.com.br\/#website","url":"https:\/\/www.edialog.com.br\/","name":"Agencia de marketing entrante | E-Dialog","description":"Ag\u00eancia de Inbound Marketing premiada com solu\u00e7\u00f5es completas para o seu neg\u00f3cio. Atraia leads, com conte\u00fados \u00fanicos e envolventes. Solicite or\u00e7amento!","publisher":{"@id":"https:\/\/www.edialog.com.br\/#organization"},"potentialAction":[{"@type":"SearchAction","target":{"@type":"EntryPoint","urlTemplate":"https:\/\/www.edialog.com.br\/?s={search_term_string}"},"query-input":{"@type":"PropertyValueSpecification","valueRequired":true,"valueName":"search_term_string"}}],"inLanguage":"es"},{"@type":"Organization","@id":"https:\/\/www.edialog.com.br\/#organization","name":"Ag\u00eancia de M\u00eddias Sociais e Marketing Digital | E-Dialog","url":"https:\/\/www.edialog.com.br\/","logo":{"@type":"ImageObject","inLanguage":"es","@id":"https:\/\/www.edialog.com.br\/#\/schema\/logo\/image\/","url":"https:\/\/www.edialog.com.br\/wp-content\/uploads\/2021\/09\/edialog-logo-case.png","contentUrl":"https:\/\/www.edialog.com.br\/wp-content\/uploads\/2021\/09\/edialog-logo-case.png","width":810,"height":450,"caption":"Ag\u00eancia de M\u00eddias Sociais e Marketing Digital | E-Dialog"},"image":{"@id":"https:\/\/www.edialog.com.br\/#\/schema\/logo\/image\/"},"sameAs":["https:\/\/facebook.com\/edialogcomunicacao","https:\/\/x.com\/edialog_br","https:\/\/www.instagram.com\/edialog_br","https:\/\/www.linkedin.com\/company\/e-dialog-comunica-o-digital","https:\/\/www.youtube.com\/channel\/UCPiVQ_yVlcCqWS2sRzJZj7g"]}]}},"_links":{"self":[{"href":"https:\/\/www.edialog.com.br\/es\/wp-json\/wp\/v2\/pages\/1475","targetHints":{"allow":["GET"]}}],"collection":[{"href":"https:\/\/www.edialog.com.br\/es\/wp-json\/wp\/v2\/pages"}],"about":[{"href":"https:\/\/www.edialog.com.br\/es\/wp-json\/wp\/v2\/types\/page"}],"author":[{"embeddable":true,"href":"https:\/\/www.edialog.com.br\/es\/wp-json\/wp\/v2\/users\/1"}],"replies":[{"embeddable":true,"href":"https:\/\/www.edialog.com.br\/es\/wp-json\/wp\/v2\/comments?post=1475"}],"version-history":[{"count":0,"href":"https:\/\/www.edialog.com.br\/es\/wp-json\/wp\/v2\/pages\/1475\/revisions"}],"wp:featuredmedia":[{"embeddable":true,"href":"https:\/\/www.edialog.com.br\/es\/wp-json\/wp\/v2\/media\/1481"}],"wp:attachment":[{"href":"https:\/\/www.edialog.com.br\/es\/wp-json\/wp\/v2\/media?parent=1475"}],"curies":[{"name":"wp","href":"https:\/\/api.w.org\/{rel}","templated":true}]}}